{"id":21229,"date":"2024-10-16T22:02:31","date_gmt":"2024-10-16T20:02:31","guid":{"rendered":"https:\/\/www.gkboje.ba\/proizvod\/bihui-spuzva-za-keramicare-fugiranje-190x140x51-mm-cfhs165\/"},"modified":"2025-12-01T00:15:26","modified_gmt":"2025-11-30T23:15:26","slug":"bihui-spuzva-za-keramicare-fugiranje-190x140x51-mm-cfhs165","status":"publish","type":"product","link":"https:\/\/www.gkboje.ba\/en\/proizvod\/bihui-spuzva-za-keramicare-fugiranje-190x140x51-mm-cfhs165\/","title":{"rendered":"Bihui spu\u017eva za kerami\u010dare &#8211; fugiranje 190x140x51 mm (CFHS165)"},"content":{"rendered":"<p>Bihui CFHS190 sun\u0111er za kerami\u010dare je dizajniran za profesionalno \u010di\u0161\u0107enje plo\u010dica nakon fugiranja. Ovaj sun\u0111er je izuzetno izdr\u017eljiv i visoko upijaju\u0107i, pru\u017eaju\u0107i brzo i efikasno uklanjanje vi\u0161ka fug mase. Zaobljene ivice omogu\u0107avaju \u010di\u0161\u0107enje te\u0161ko dostupnih mjesta bez o\u0161te\u0107enja povr\u0161ina. Dimenzije sun\u0111era su 190x140x51 mm, \u0161to ga \u010dini savr\u0161enim alatom za zavr\u0161ne radove prilikom postavljanja plo\u010dica.<\/p>\n<ul>\n<li><strong>Model:<\/strong> CFHS190<\/li>\n<li><strong>Dimenzije:<\/strong> 190x140x51 mm<\/li>\n<li><strong>Pogodno za:<\/strong> \u010ci\u0161\u0107enje plo\u010dica nakon fugiranja<\/li>\n<\/ul>\n<p>Ovaj sun\u0111er je idealan alat za postizanje savr\u0161eno \u010distih plo\u010dica bez tragova i ostataka fug mase.<\/p>\n","protected":false},"excerpt":{"rendered":"<p>Bihui CFHS190 je visoko upijaju\u0107i sun\u0111er, idealan za \u010di\u0161\u0107enje plo\u010dica nakon fugiranja, sa dimenzijama 190x140x51 mm.<\/p>\n","protected":false},"featured_media":21057,"comment_status":"open","ping_status":"closed","template":"","meta":[],"product_brand":[],"product_cat":[787],"product_tag":[],"class_list":{"0":"post-21229","1":"product","2":"type-product","3":"status-publish","4":"has-post-thumbnail","6":"product_cat-ostali-alat-i-pribor-za-keramicare","8":"first","9":"instock","10":"sale","11":"shipping-taxable","12":"purchasable","13":"product-type-simple"},"wooqr_code":"","_links":{"self":[{"href":"https:\/\/www.gkboje.ba\/en\/wp-json\/wp\/v2\/product\/21229","targetHints":{"allow":["GET"]}}],"collection":[{"href":"https:\/\/www.gkboje.ba\/en\/wp-json\/wp\/v2\/product"}],"about":[{"href":"https:\/\/www.gkboje.ba\/en\/wp-json\/wp\/v2\/types\/product"}],"replies":[{"embeddable":true,"href":"https:\/\/www.gkboje.ba\/en\/wp-json\/wp\/v2\/comments?post=21229"}],"version-history":[{"count":0,"href":"https:\/\/www.gkboje.ba\/en\/wp-json\/wp\/v2\/product\/21229\/revisions"}],"wp:featuredmedia":[{"embeddable":true,"href":"https:\/\/www.gkboje.ba\/en\/wp-json\/wp\/v2\/media\/21057"}],"wp:attachment":[{"href":"https:\/\/www.gkboje.ba\/en\/wp-json\/wp\/v2\/media?parent=21229"}],"wp:term":[{"taxonomy":"product_brand","embeddable":true,"href":"https:\/\/www.gkboje.ba\/en\/wp-json\/wp\/v2\/product_brand?post=21229"},{"taxonomy":"product_cat","embeddable":true,"href":"https:\/\/www.gkboje.ba\/en\/wp-json\/wp\/v2\/product_cat?post=21229"},{"taxonomy":"product_tag","embeddable":true,"href":"https:\/\/www.gkboje.ba\/en\/wp-json\/wp\/v2\/product_tag?post=21229"}],"curies":[{"name":"wp","href":"https:\/\/api.w.org\/{rel}","templated":true}]}}