{"id":21225,"date":"2024-10-16T22:02:26","date_gmt":"2024-10-16T20:02:26","guid":{"rendered":"https:\/\/www.gkboje.ba\/proizvod\/bihui-rezac-plocica-keramike-700-mm-tcm700\/"},"modified":"2025-12-01T00:15:23","modified_gmt":"2025-11-30T23:15:23","slug":"bihui-rezac-plocica-keramike-700-mm-tcm700","status":"publish","type":"product","link":"https:\/\/www.gkboje.ba\/en\/proizvod\/bihui-rezac-plocica-keramike-700-mm-tcm700\/","title":{"rendered":"Bihui reza\u010d plo\u010dica &#8211; keramike 700 mm (TCM700)"},"content":{"rendered":"<p>Bihui TCM700 reza\u010d plo\u010dica omogu\u0107ava brzo i precizno rezanje plo\u010dica. Opremljen \u010dvrstim \u010deli\u010dnim okvirom i vodilicom od aluminijske legure, reza\u010d osigurava stabilnost i dugotrajnost. Mo\u017ee rezati plo\u010dice du\u017eine do 700 mm, a ugra\u0111eni ravnalo omogu\u0107ava ta\u010dno rezanje pod uglom od 45\u00b0. Zbog svojih kota\u010da za lak\u0161i transport i robusne konstrukcije, ovaj alat je idealan za profesionalnu upotrebu.<\/p>\n<ul>\n<li><strong>Model:<\/strong> TCM700<\/li>\n<li><strong>Maksimalna du\u017eina reza:<\/strong> 700 mm<\/li>\n<li><strong>Materijal okvira:<\/strong> \u010celi\u010dni okvir s aluminijskom vodilicom<\/li>\n<li><strong>Rukovanje:<\/strong> Udobna ru\u010dka za precizno sje\u010denje<\/li>\n<li><strong>Dodatne funkcije:<\/strong> Kota\u010di za lak\u0161i transport, rezanje pod uglom 45\u00b0<\/li>\n<\/ul>\n<p>Ovaj reza\u010d je idealan za kerami\u010dare koji tra\u017ee alat visokih performansi za dugotrajnu i preciznu upotrebu.<\/p>\n","protected":false},"excerpt":{"rendered":"<p>Bihui TCM700 je profesionalni reza\u010d kerami\u010dkih plo\u010dica, dizajniran za precizno sje\u010denje plo\u010dica du\u017eine do 700 mm, idealan za razne vrste plo\u010dica.<\/p>\n","protected":false},"featured_media":21053,"comment_status":"open","ping_status":"closed","template":"","meta":[],"product_brand":[],"product_cat":[792],"product_tag":[],"class_list":{"0":"post-21225","1":"product","2":"type-product","3":"status-publish","4":"has-post-thumbnail","6":"product_cat-rezaci-plocica-i-potrosni-materijal","8":"first","9":"instock","10":"sale","11":"shipping-taxable","12":"purchasable","13":"product-type-simple"},"wooqr_code":"","_links":{"self":[{"href":"https:\/\/www.gkboje.ba\/en\/wp-json\/wp\/v2\/product\/21225","targetHints":{"allow":["GET"]}}],"collection":[{"href":"https:\/\/www.gkboje.ba\/en\/wp-json\/wp\/v2\/product"}],"about":[{"href":"https:\/\/www.gkboje.ba\/en\/wp-json\/wp\/v2\/types\/product"}],"replies":[{"embeddable":true,"href":"https:\/\/www.gkboje.ba\/en\/wp-json\/wp\/v2\/comments?post=21225"}],"version-history":[{"count":1,"href":"https:\/\/www.gkboje.ba\/en\/wp-json\/wp\/v2\/product\/21225\/revisions"}],"predecessor-version":[{"id":37981,"href":"https:\/\/www.gkboje.ba\/en\/wp-json\/wp\/v2\/product\/21225\/revisions\/37981"}],"wp:featuredmedia":[{"embeddable":true,"href":"https:\/\/www.gkboje.ba\/en\/wp-json\/wp\/v2\/media\/21053"}],"wp:attachment":[{"href":"https:\/\/www.gkboje.ba\/en\/wp-json\/wp\/v2\/media?parent=21225"}],"wp:term":[{"taxonomy":"product_brand","embeddable":true,"href":"https:\/\/www.gkboje.ba\/en\/wp-json\/wp\/v2\/product_brand?post=21225"},{"taxonomy":"product_cat","embeddable":true,"href":"https:\/\/www.gkboje.ba\/en\/wp-json\/wp\/v2\/product_cat?post=21225"},{"taxonomy":"product_tag","embeddable":true,"href":"https:\/\/www.gkboje.ba\/en\/wp-json\/wp\/v2\/product_tag?post=21225"}],"curies":[{"name":"wp","href":"https:\/\/api.w.org\/{rel}","templated":true}]}}