{"id":21223,"date":"2024-10-16T22:02:21","date_gmt":"2024-10-16T20:02:21","guid":{"rendered":"https:\/\/www.gkboje.ba\/proizvod\/bihui-rezervni-zamjenski-noz-za-tcm-rezace-plocica-tcm-sw\/"},"modified":"2025-12-01T00:15:23","modified_gmt":"2025-11-30T23:15:23","slug":"bihui-rezervni-zamjenski-noz-za-tcm-rezace-plocica-tcm-sw","status":"publish","type":"product","link":"https:\/\/www.gkboje.ba\/en\/proizvod\/bihui-rezervni-zamjenski-noz-za-tcm-rezace-plocica-tcm-sw\/","title":{"rendered":"Bihui rezervni &#8211; zamjenski no\u017e za TCM reza\u010de plo\u010dica (TCM-SW)"},"content":{"rendered":"<p>Bihui TCM-SW je zamjenski to\u010dki\u0107 (no\u017e) za BIHUI TCM reza\u010de plo\u010dica. Dizajniran za dugotrajnu i preciznu upotrebu, ovaj no\u017ei\u0107 omogu\u0107ava glatko i \u010disto rezanje kerami\u010dkih i porcelanskih plo\u010dica. Pogodan je za profesionalce koji rade sa plo\u010dicama razli\u010ditih veli\u010dina i debljina, omogu\u0107avaju\u0107i precizne rezove bez o\u0161te\u0107enja materijala. Ovaj alat je kompatibilan s BIHUI TCM reza\u010dima plo\u010dica i dolazi s ugra\u0111enim sistemom za brzu zamjenu.<\/p>\n<ul>\n<li><strong>Model:<\/strong> TCM-SW<\/li>\n<li><strong>Materijal:<\/strong> Karbid<\/li>\n<li><strong>Kompatibilnost:<\/strong> BIHUI TCM reza\u010di plo\u010dica<\/li>\n<li><strong>Pogodno za:<\/strong> Keramika, porcelan<\/li>\n<\/ul>\n<p>Ovaj zamjenski no\u017ei\u0107 idealan je za profesionalce koji tra\u017ee preciznost i dugotrajnost prilikom rezanja plo\u010dica.<\/p>\n","protected":false},"excerpt":{"rendered":"<p>Bihui TCM-SW je zamjenski no\u017ei\u0107 (to\u010dki\u0107) za reza\u010de plo\u010dica, dizajniran za precizno rezanje keramike, porcelana i drugih materijala, savr\u0161en za profesionalne radove.<\/p>\n","protected":false},"featured_media":20981,"comment_status":"open","ping_status":"closed","template":"","meta":[],"product_brand":[],"product_cat":[792],"product_tag":[],"class_list":{"0":"post-21223","1":"product","2":"type-product","3":"status-publish","4":"has-post-thumbnail","6":"product_cat-rezaci-plocica-i-potrosni-materijal","8":"first","9":"instock","10":"sale","11":"shipping-taxable","12":"purchasable","13":"product-type-simple"},"wooqr_code":"","_links":{"self":[{"href":"https:\/\/www.gkboje.ba\/en\/wp-json\/wp\/v2\/product\/21223","targetHints":{"allow":["GET"]}}],"collection":[{"href":"https:\/\/www.gkboje.ba\/en\/wp-json\/wp\/v2\/product"}],"about":[{"href":"https:\/\/www.gkboje.ba\/en\/wp-json\/wp\/v2\/types\/product"}],"replies":[{"embeddable":true,"href":"https:\/\/www.gkboje.ba\/en\/wp-json\/wp\/v2\/comments?post=21223"}],"version-history":[{"count":0,"href":"https:\/\/www.gkboje.ba\/en\/wp-json\/wp\/v2\/product\/21223\/revisions"}],"wp:featuredmedia":[{"embeddable":true,"href":"https:\/\/www.gkboje.ba\/en\/wp-json\/wp\/v2\/media\/20981"}],"wp:attachment":[{"href":"https:\/\/www.gkboje.ba\/en\/wp-json\/wp\/v2\/media?parent=21223"}],"wp:term":[{"taxonomy":"product_brand","embeddable":true,"href":"https:\/\/www.gkboje.ba\/en\/wp-json\/wp\/v2\/product_brand?post=21223"},{"taxonomy":"product_cat","embeddable":true,"href":"https:\/\/www.gkboje.ba\/en\/wp-json\/wp\/v2\/product_cat?post=21223"},{"taxonomy":"product_tag","embeddable":true,"href":"https:\/\/www.gkboje.ba\/en\/wp-json\/wp\/v2\/product_tag?post=21223"}],"curies":[{"name":"wp","href":"https:\/\/api.w.org\/{rel}","templated":true}]}}