{"id":21221,"date":"2024-10-16T22:02:20","date_gmt":"2024-10-16T20:02:20","guid":{"rendered":"https:\/\/www.gkboje.ba\/proizvod\/bihui-ploca-za-vibracijski-vakum-lftbv-bb\/"},"modified":"2025-12-01T00:15:23","modified_gmt":"2025-11-30T23:15:23","slug":"bihui-ploca-za-vibracijski-vakum-lftbv-bb","status":"publish","type":"product","link":"https:\/\/www.gkboje.ba\/en\/proizvod\/bihui-ploca-za-vibracijski-vakum-lftbv-bb\/","title":{"rendered":"Bihui plo\u010da za vibracijski vakum (LFTBV-BB)"},"content":{"rendered":"<p>Bihui LFTBV-BB podloga dizajnirana je za pove\u0107anje radne povr\u0161ine vibracione usisne \u010da\u0161e, omogu\u0107avaju\u0107i lak\u0161e klizanje preko plo\u010dica tokom vibracionog zbijanja. Izra\u0111ena od teflona (PTFE), platforma smanjuje habanje gumenog dijela usisne \u010da\u0161e i ravnomjerno raspore\u0111uje vibracije po cijeloj povr\u0161ini plo\u010dice, \u010dime se pove\u0107ava efikasnost ugradnje. Pogodna je za sve vibracione usisne \u010da\u0161e s pre\u010dnikom do 130 mm.<\/p>\n<ul>\n<li><strong>Model:<\/strong> LFTBV-BB<\/li>\n<li><strong>Materijal:<\/strong> Teflon (PTFE)<\/li>\n<li><strong>Dimenzije:<\/strong> 260x180x12 mm<\/li>\n<li><strong>Pogodno za:<\/strong> Vibracione usisne \u010da\u0161e do 130 mm<\/li>\n<\/ul>\n<p>Ova platforma poma\u017ee u postizanju ravnomjernog rasporeda vibracija, \u010dime se olak\u0161ava rad pri ugradnji plo\u010dica i produ\u017eava vijek trajanja alata.<\/p>\n","protected":false},"excerpt":{"rendered":"<p>Bihui LFTBV-BB je dodatna platforma za pove\u0107anje radne povr\u0161ine vibracione usisne \u010da\u0161e, izra\u0111ena od visokokvalitetnog teflona, idealna za ravnomjerno polaganje plo\u010dica.<\/p>\n","protected":false},"featured_media":21055,"comment_status":"open","ping_status":"closed","template":"","meta":[],"product_brand":[],"product_cat":[791],"product_tag":[],"class_list":{"0":"post-21221","1":"product","2":"type-product","3":"status-publish","4":"has-post-thumbnail","6":"product_cat-vakumski-drzaci-i-pistolji","8":"first","9":"instock","10":"sale","11":"shipping-taxable","12":"purchasable","13":"product-type-simple"},"wooqr_code":"","_links":{"self":[{"href":"https:\/\/www.gkboje.ba\/en\/wp-json\/wp\/v2\/product\/21221","targetHints":{"allow":["GET"]}}],"collection":[{"href":"https:\/\/www.gkboje.ba\/en\/wp-json\/wp\/v2\/product"}],"about":[{"href":"https:\/\/www.gkboje.ba\/en\/wp-json\/wp\/v2\/types\/product"}],"replies":[{"embeddable":true,"href":"https:\/\/www.gkboje.ba\/en\/wp-json\/wp\/v2\/comments?post=21221"}],"version-history":[{"count":0,"href":"https:\/\/www.gkboje.ba\/en\/wp-json\/wp\/v2\/product\/21221\/revisions"}],"wp:featuredmedia":[{"embeddable":true,"href":"https:\/\/www.gkboje.ba\/en\/wp-json\/wp\/v2\/media\/21055"}],"wp:attachment":[{"href":"https:\/\/www.gkboje.ba\/en\/wp-json\/wp\/v2\/media?parent=21221"}],"wp:term":[{"taxonomy":"product_brand","embeddable":true,"href":"https:\/\/www.gkboje.ba\/en\/wp-json\/wp\/v2\/product_brand?post=21221"},{"taxonomy":"product_cat","embeddable":true,"href":"https:\/\/www.gkboje.ba\/en\/wp-json\/wp\/v2\/product_cat?post=21221"},{"taxonomy":"product_tag","embeddable":true,"href":"https:\/\/www.gkboje.ba\/en\/wp-json\/wp\/v2\/product_tag?post=21221"}],"curies":[{"name":"wp","href":"https:\/\/api.w.org\/{rel}","templated":true}]}}