{"id":21217,"date":"2024-10-16T22:02:18","date_gmt":"2024-10-16T20:02:18","guid":{"rendered":"https:\/\/www.gkboje.ba\/proizvod\/bihui-automatska-olovka-marker-za-obiljezavanje-tcm7\/"},"modified":"2025-12-01T00:15:22","modified_gmt":"2025-11-30T23:15:22","slug":"bihui-automatska-olovka-marker-za-obiljezavanje-tcm7","status":"publish","type":"product","link":"https:\/\/www.gkboje.ba\/en\/proizvod\/bihui-automatska-olovka-marker-za-obiljezavanje-tcm7\/","title":{"rendered":"Bihui automatska olovka &#8211; marker za obilje\u017eavanje (TCM7)"},"content":{"rendered":"<p>Bihui TCM7 Automatska Olovka sadr\u017ei 6 zamjenskih mina (crna, crvena, \u017euta), omogu\u0107avaju\u0107i precizno markiranje na gotovo svim povr\u0161inama, uklju\u010duju\u0107i metal, drvo, keramiku i staklo. Olovka dolazi s integrisanom o\u0161trilicom ugra\u0111enom u poklopac za brzu pripremu mina i prakti\u010dnim kop\u010dom za no\u0161enje na pojasu. Izra\u0111ena od ABS plastike i nehr\u0111aju\u0107eg \u010delika, garantuje dugotrajnost i otpornost tokom radova na gradili\u0161tima i sli\u010dno.<\/p>\n<ul>\n<li><strong>Model:<\/strong> TCM7<\/li>\n<li><strong>Materijal:<\/strong> ABS plastika i nehr\u0111aju\u0107i \u010delik<\/li>\n<li><strong>Boje mina:<\/strong> Crna, crvena, \u017euta<\/li>\n<li><strong>Pogodno za:<\/strong> Metal, staklo, drvo, keramiku<\/li>\n<li><strong>Dodatno:<\/strong> Ugra\u0111ena o\u0161trilica i kop\u010da za pojas<\/li>\n<\/ul>\n<p>Ova olovka je idealna za precizno ozna\u010davanje i dugotrajan rad na razli\u010ditim povr\u0161inama, \u010dine\u0107i je nezamjenjivim alatom za gra\u0111evinare i majstore.<\/p>\n","protected":false},"excerpt":{"rendered":"<p>Bihui TCM7 automatska olovka dolazi s 6 zamjenskih mina u razli\u010ditim bojama, omogu\u0107uju\u0107i lako pisanje na raznim povr\u0161inama poput metala, stakla, keramike i drva.<\/p>\n","protected":false},"featured_media":21063,"comment_status":"open","ping_status":"closed","template":"","meta":[],"product_brand":[],"product_cat":[809],"product_tag":[],"class_list":{"0":"post-21217","1":"product","2":"type-product","3":"status-publish","4":"has-post-thumbnail","6":"product_cat-alat-za-obiljezavanje","8":"first","9":"instock","10":"sale","11":"shipping-taxable","12":"purchasable","13":"product-type-simple"},"wooqr_code":"","_links":{"self":[{"href":"https:\/\/www.gkboje.ba\/en\/wp-json\/wp\/v2\/product\/21217","targetHints":{"allow":["GET"]}}],"collection":[{"href":"https:\/\/www.gkboje.ba\/en\/wp-json\/wp\/v2\/product"}],"about":[{"href":"https:\/\/www.gkboje.ba\/en\/wp-json\/wp\/v2\/types\/product"}],"replies":[{"embeddable":true,"href":"https:\/\/www.gkboje.ba\/en\/wp-json\/wp\/v2\/comments?post=21217"}],"version-history":[{"count":0,"href":"https:\/\/www.gkboje.ba\/en\/wp-json\/wp\/v2\/product\/21217\/revisions"}],"wp:featuredmedia":[{"embeddable":true,"href":"https:\/\/www.gkboje.ba\/en\/wp-json\/wp\/v2\/media\/21063"}],"wp:attachment":[{"href":"https:\/\/www.gkboje.ba\/en\/wp-json\/wp\/v2\/media?parent=21217"}],"wp:term":[{"taxonomy":"product_brand","embeddable":true,"href":"https:\/\/www.gkboje.ba\/en\/wp-json\/wp\/v2\/product_brand?post=21217"},{"taxonomy":"product_cat","embeddable":true,"href":"https:\/\/www.gkboje.ba\/en\/wp-json\/wp\/v2\/product_cat?post=21217"},{"taxonomy":"product_tag","embeddable":true,"href":"https:\/\/www.gkboje.ba\/en\/wp-json\/wp\/v2\/product_tag?post=21217"}],"curies":[{"name":"wp","href":"https:\/\/api.w.org\/{rel}","templated":true}]}}