{"id":21216,"date":"2024-10-16T22:02:17","date_gmt":"2024-10-16T20:02:17","guid":{"rendered":"https:\/\/www.gkboje.ba\/proizvod\/bihui-lopatice-spahtle-za-silikon-stark4\/"},"modified":"2025-12-01T00:15:22","modified_gmt":"2025-11-30T23:15:22","slug":"bihui-lopatice-spahtle-za-silikon-stark4","status":"publish","type":"product","link":"https:\/\/www.gkboje.ba\/en\/proizvod\/bihui-lopatice-spahtle-za-silikon-stark4\/","title":{"rendered":"Bihui lopatice &#8211; \u0161pahtle za silikon (STARK4)"},"content":{"rendered":"<p>Bihui STARK4 set \u0161pahtli za silikon dizajniran je za profesionalnu upotrebu prilikom nano\u0161enja i oblikovanja silikonskih brtvila. Set uklju\u010duje \u010detiri visokokvalitetne aplikatora razli\u010ditih profila, \u0161to omogu\u0107ava savr\u0161enu zavr\u0161nu obradu na raznim povr\u0161inama kao \u0161to su prozori, tu\u0161 kabine, akvariji, i sli\u010dno. Ove \u0161pahtle su napravljene od izdr\u017eljivog materijala koji osigurava dugotrajnost i lako \u010di\u0161\u0107enje nakon upotrebe. Zahvaljuju\u0107i ergonomskom dizajnu, \u0161pahtle nude udobnost i preciznost tokom rada, bez potrebe za trakom ili maskiranjem spojeva.<\/p>\n<ul>\n<li><strong>Model:<\/strong> SRARK4<\/li>\n<li><strong>Broj dijelova:<\/strong> 4<\/li>\n<li><strong>Materijal:<\/strong> Izdr\u017eljiva plastika otporna na habanje<\/li>\n<li><strong>Pogodno za:<\/strong> Oblikovanje silikonskih spojeva na tu\u0161evima, prozorima, kadama i balkonima<\/li>\n<\/ul>\n<p>Ovaj set je idealan alat za preciznu obradu silikona, omogu\u0107avaju\u0107i profesionalni zavr\u0161ni izgled bez o\u0161te\u0107enja okolnih povr\u0161ina.<\/p>\n","protected":false},"excerpt":{"rendered":"<p>Bihui STARK4 set \u0161pahtli za silikon omogu\u0107ava precizno oblikovanje i zavr\u0161nu obradu silikonskih spojeva, idealno za postizanje urednog izgleda bez potrebe za maskiranjem spojeva.<\/p>\n","protected":false},"featured_media":21029,"comment_status":"open","ping_status":"closed","template":"","meta":[],"product_brand":[],"product_cat":[787],"product_tag":[],"class_list":{"0":"post-21216","1":"product","2":"type-product","3":"status-publish","4":"has-post-thumbnail","6":"product_cat-ostali-alat-i-pribor-za-keramicare","8":"first","9":"instock","10":"sale","11":"shipping-taxable","12":"purchasable","13":"product-type-simple"},"wooqr_code":"","_links":{"self":[{"href":"https:\/\/www.gkboje.ba\/en\/wp-json\/wp\/v2\/product\/21216","targetHints":{"allow":["GET"]}}],"collection":[{"href":"https:\/\/www.gkboje.ba\/en\/wp-json\/wp\/v2\/product"}],"about":[{"href":"https:\/\/www.gkboje.ba\/en\/wp-json\/wp\/v2\/types\/product"}],"replies":[{"embeddable":true,"href":"https:\/\/www.gkboje.ba\/en\/wp-json\/wp\/v2\/comments?post=21216"}],"version-history":[{"count":0,"href":"https:\/\/www.gkboje.ba\/en\/wp-json\/wp\/v2\/product\/21216\/revisions"}],"wp:featuredmedia":[{"embeddable":true,"href":"https:\/\/www.gkboje.ba\/en\/wp-json\/wp\/v2\/media\/21029"}],"wp:attachment":[{"href":"https:\/\/www.gkboje.ba\/en\/wp-json\/wp\/v2\/media?parent=21216"}],"wp:term":[{"taxonomy":"product_brand","embeddable":true,"href":"https:\/\/www.gkboje.ba\/en\/wp-json\/wp\/v2\/product_brand?post=21216"},{"taxonomy":"product_cat","embeddable":true,"href":"https:\/\/www.gkboje.ba\/en\/wp-json\/wp\/v2\/product_cat?post=21216"},{"taxonomy":"product_tag","embeddable":true,"href":"https:\/\/www.gkboje.ba\/en\/wp-json\/wp\/v2\/product_tag?post=21216"}],"curies":[{"name":"wp","href":"https:\/\/api.w.org\/{rel}","templated":true}]}}