{"id":21215,"date":"2024-10-16T22:02:17","date_gmt":"2024-10-16T20:02:17","guid":{"rendered":"https:\/\/www.gkboje.ba\/proizvod\/bihui-vakumski-kutni-regulator-razmaka-plocica-lftfv6\/"},"modified":"2025-12-01T00:15:22","modified_gmt":"2025-11-30T23:15:22","slug":"bihui-vakumski-kutni-regulator-razmaka-plocica-lftfv6","status":"publish","type":"product","link":"https:\/\/www.gkboje.ba\/en\/proizvod\/bihui-vakumski-kutni-regulator-razmaka-plocica-lftfv6\/","title":{"rendered":"Bihui vakumski kutni regulator razmaka plo\u010dica (LFTFV6)"},"content":{"rendered":"<p>Bihui LFTFV6 je dizajniran za profesionalne radove u gra\u0111evinskoj industriji. Opremljen je vakuumskom usisnom \u010da\u0161om pre\u010dnika 150 mm, omogu\u0107ava jednostavno i sigurno rukovanje velikim i te\u0161kim plo\u010dicama. Sposoban je za rad pod razli\u010ditim uglovima (90\u00b0, 180\u00b0 i 270\u00b0), \u0161to omogu\u0107ava fleksibilnost pri postavljanju plo\u010dica razli\u010ditih formata. Alat koristi dva dugmeta za precizno prilago\u0111avanje nivoa, \u010dime se smanjuje mogu\u0107nost nepravilnog postavljanja plo\u010dica i osigurava profesionalan zavr\u0161ni izgled.<\/p>\n<ul>\n<li><strong>Model:<\/strong> LFTFV6<\/li>\n<li><strong>Pre\u010dnik usisne \u010da\u0161e:<\/strong> 150 mm<\/li>\n<li><strong>Kapacitet fiksiranja:<\/strong> Idealno za plo\u010dice, kamen, staklo<\/li>\n<li><strong>Funkcije prilago\u0111avanja:<\/strong> 90\u00b0, 180\u00b0, 270\u00b0<\/li>\n<\/ul>\n<p>Ovaj alat je lagan, izdr\u017eljiv i jednostavan za upotrebu, \u010dime se osigurava maksimalna efikasnost i preciznost u postavljanju plo\u010dica.<\/p>\n","protected":false},"excerpt":{"rendered":"<p>Bihui LFTFV6 je alat za prilago\u0111avanje razmaka plo\u010dica s vakuumskom usisnom \u010da\u0161om pre\u010dnika 150 mm, dizajniran za precizno fiksiranje i niveliranje velikih formata plo\u010dica, stakla i kamena.<\/p>\n","protected":false},"featured_media":20877,"comment_status":"open","ping_status":"closed","template":"","meta":[],"product_brand":[],"product_cat":[791],"product_tag":[],"class_list":{"0":"post-21215","1":"product","2":"type-product","3":"status-publish","4":"has-post-thumbnail","6":"product_cat-vakumski-drzaci-i-pistolji","8":"first","9":"instock","10":"sale","11":"shipping-taxable","12":"purchasable","13":"product-type-simple"},"wooqr_code":"","_links":{"self":[{"href":"https:\/\/www.gkboje.ba\/en\/wp-json\/wp\/v2\/product\/21215","targetHints":{"allow":["GET"]}}],"collection":[{"href":"https:\/\/www.gkboje.ba\/en\/wp-json\/wp\/v2\/product"}],"about":[{"href":"https:\/\/www.gkboje.ba\/en\/wp-json\/wp\/v2\/types\/product"}],"replies":[{"embeddable":true,"href":"https:\/\/www.gkboje.ba\/en\/wp-json\/wp\/v2\/comments?post=21215"}],"version-history":[{"count":0,"href":"https:\/\/www.gkboje.ba\/en\/wp-json\/wp\/v2\/product\/21215\/revisions"}],"wp:featuredmedia":[{"embeddable":true,"href":"https:\/\/www.gkboje.ba\/en\/wp-json\/wp\/v2\/media\/20877"}],"wp:attachment":[{"href":"https:\/\/www.gkboje.ba\/en\/wp-json\/wp\/v2\/media?parent=21215"}],"wp:term":[{"taxonomy":"product_brand","embeddable":true,"href":"https:\/\/www.gkboje.ba\/en\/wp-json\/wp\/v2\/product_brand?post=21215"},{"taxonomy":"product_cat","embeddable":true,"href":"https:\/\/www.gkboje.ba\/en\/wp-json\/wp\/v2\/product_cat?post=21215"},{"taxonomy":"product_tag","embeddable":true,"href":"https:\/\/www.gkboje.ba\/en\/wp-json\/wp\/v2\/product_tag?post=21215"}],"curies":[{"name":"wp","href":"https:\/\/api.w.org\/{rel}","templated":true}]}}