{"id":21201,"date":"2024-10-16T22:02:07","date_gmt":"2024-10-16T20:02:07","guid":{"rendered":"https:\/\/www.gkboje.ba\/proizvod\/bihui-dijamantna-kruna-za-keramiku-fi-20-mm-m14-dbdf20\/"},"modified":"2025-12-01T00:15:22","modified_gmt":"2025-11-30T23:15:22","slug":"bihui-dijamantna-kruna-za-keramiku-fi-20-mm-m14-dbdf20","status":"publish","type":"product","link":"https:\/\/www.gkboje.ba\/en\/proizvod\/bihui-dijamantna-kruna-za-keramiku-fi-20-mm-m14-dbdf20\/","title":{"rendered":"Bihui dijamantna kruna za keramiku fi 20 mm M14 (DBDF20)"},"content":{"rendered":"<p>Bihui DBDF20 Dijamantska Kruna dizajnirana je za precizno bu\u0161enje tvrdih materijala kao \u0161to su porculan, keramika i mermer. Koristi M14 navoj, \u0161to je \u010dini pogodnom za ugaone brusilice. Ova kruna pru\u017ea efikasno i brzo bu\u0161enje sa smanjenim stvaranjem pra\u0161ine, idealna za suvu primjenu. Na po\u010detku bu\u0161enja, preporu\u010duje se postavljanje pod uglom od 45\u00b0, a zatim vra\u0107anje na 90\u00b0 nakon po\u010detnog prodora.<\/p>\n<ul>\n<li><strong>Model:<\/strong> DBDF20<\/li>\n<li><strong>Pre\u010dnik:<\/strong> 20 mm<\/li>\n<li><strong>Navoj:<\/strong> M14<\/li>\n<li><strong>Pogodno za:<\/strong> Keramika, porculan, mermer<\/li>\n<li><strong>Maksimalna brzina:<\/strong> 11.000 RPM<\/li>\n<\/ul>\n<p>Ova kruna je dizajnirana za dugotrajan rad i precizno bu\u0161enje u najtvr\u0111im materijalima.<\/p>\n","protected":false},"excerpt":{"rendered":"<p>Bihui DBDF20 je dijamantska kruna pre\u010dnika 20 mm sa M14 navojem, idealna za suvo bu\u0161enje kerami\u010dkih, porculanskih i kamenih materijala.<\/p>\n","protected":false},"featured_media":20921,"comment_status":"open","ping_status":"closed","template":"","meta":[],"product_brand":[],"product_cat":[1144],"product_tag":[],"class_list":{"0":"post-21201","1":"product","2":"type-product","3":"status-publish","4":"has-post-thumbnail","6":"product_cat-dijamantni-kroneri-za-plocice-brusilica","8":"first","9":"instock","10":"sale","11":"shipping-taxable","12":"purchasable","13":"product-type-simple"},"wooqr_code":"","_links":{"self":[{"href":"https:\/\/www.gkboje.ba\/en\/wp-json\/wp\/v2\/product\/21201","targetHints":{"allow":["GET"]}}],"collection":[{"href":"https:\/\/www.gkboje.ba\/en\/wp-json\/wp\/v2\/product"}],"about":[{"href":"https:\/\/www.gkboje.ba\/en\/wp-json\/wp\/v2\/types\/product"}],"replies":[{"embeddable":true,"href":"https:\/\/www.gkboje.ba\/en\/wp-json\/wp\/v2\/comments?post=21201"}],"version-history":[{"count":1,"href":"https:\/\/www.gkboje.ba\/en\/wp-json\/wp\/v2\/product\/21201\/revisions"}],"predecessor-version":[{"id":21285,"href":"https:\/\/www.gkboje.ba\/en\/wp-json\/wp\/v2\/product\/21201\/revisions\/21285"}],"wp:featuredmedia":[{"embeddable":true,"href":"https:\/\/www.gkboje.ba\/en\/wp-json\/wp\/v2\/media\/20921"}],"wp:attachment":[{"href":"https:\/\/www.gkboje.ba\/en\/wp-json\/wp\/v2\/media?parent=21201"}],"wp:term":[{"taxonomy":"product_brand","embeddable":true,"href":"https:\/\/www.gkboje.ba\/en\/wp-json\/wp\/v2\/product_brand?post=21201"},{"taxonomy":"product_cat","embeddable":true,"href":"https:\/\/www.gkboje.ba\/en\/wp-json\/wp\/v2\/product_cat?post=21201"},{"taxonomy":"product_tag","embeddable":true,"href":"https:\/\/www.gkboje.ba\/en\/wp-json\/wp\/v2\/product_tag?post=21201"}],"curies":[{"name":"wp","href":"https:\/\/api.w.org\/{rel}","templated":true}]}}