{"id":21193,"date":"2024-10-16T22:01:56","date_gmt":"2024-10-16T20:01:56","guid":{"rendered":"https:\/\/www.gkboje.ba\/proizvod\/bihui-klijesta-za-porculanske-plocice-250-mm-tnc10\/"},"modified":"2025-12-01T00:15:18","modified_gmt":"2025-11-30T23:15:18","slug":"bihui-klijesta-za-porculanske-plocice-250-mm-tnc10","status":"publish","type":"product","link":"https:\/\/www.gkboje.ba\/en\/proizvod\/bihui-klijesta-za-porculanske-plocice-250-mm-tnc10\/","title":{"rendered":"Bihui klije\u0161ta za porculanske plo\u010dice 250 mm (TNC10)"},"content":{"rendered":"<p>Bihui TNC10 klije\u0161ta za porcelanske plo\u010dice dizajnirana su za profesionalne korisnike koji zahtijevaju precizno lomljenje plo\u010dica. Opremljena karbidnim vrhom, ova klije\u0161ta pru\u017eaju trostruku snagu, smanjuju\u0107i napor potreban za obradu i lomljenje plo\u010dica. Sa ergonomskom, neklizaju\u0107om ru\u010dkom, omogu\u0107avaju udobnost i kontrolu tokom dugih radnih zadataka. Maksimalna debljina plo\u010dica koje klije\u0161ta mogu obraditi je 12 mm, \u0161to ih \u010dini idealnim alatom za kerami\u010dke i porculanske plo\u010dice.<\/p>\n<ul>\n<li><strong>Model:<\/strong> TNC10<\/li>\n<li><strong>Materijal radnog dijela:<\/strong> Karbid<\/li>\n<li><strong>Max debljina plo\u010dica:<\/strong> 12 mm<\/li>\n<li><strong>Du\u017eina:<\/strong> 250 mm<\/li>\n<li><strong>Pogodno za:<\/strong> Keramiku i porculanske plo\u010dice<\/li>\n<\/ul>\n<p>Ova klije\u0161ta su savr\u0161ena za precizne i nepravilne rezove, idealna za profesionalnu upotrebu.<\/p>\n","protected":false},"excerpt":{"rendered":"<p>Bihui TNC10 su klije\u0161ta za porculanske plo\u010dice, sa karbidnim vrhom, omogu\u0107avaju\u0107i trostruku snagu i preciznost prilikom lomljenja i obrade plo\u010dica debljine do 12 mm.<\/p>\n","protected":false},"featured_media":21089,"comment_status":"open","ping_status":"closed","template":"","meta":[],"product_brand":[],"product_cat":[787],"product_tag":[],"class_list":{"0":"post-21193","1":"product","2":"type-product","3":"status-publish","4":"has-post-thumbnail","6":"product_cat-ostali-alat-i-pribor-za-keramicare","8":"first","9":"instock","10":"sale","11":"shipping-taxable","12":"purchasable","13":"product-type-simple"},"wooqr_code":"","_links":{"self":[{"href":"https:\/\/www.gkboje.ba\/en\/wp-json\/wp\/v2\/product\/21193","targetHints":{"allow":["GET"]}}],"collection":[{"href":"https:\/\/www.gkboje.ba\/en\/wp-json\/wp\/v2\/product"}],"about":[{"href":"https:\/\/www.gkboje.ba\/en\/wp-json\/wp\/v2\/types\/product"}],"replies":[{"embeddable":true,"href":"https:\/\/www.gkboje.ba\/en\/wp-json\/wp\/v2\/comments?post=21193"}],"version-history":[{"count":0,"href":"https:\/\/www.gkboje.ba\/en\/wp-json\/wp\/v2\/product\/21193\/revisions"}],"wp:featuredmedia":[{"embeddable":true,"href":"https:\/\/www.gkboje.ba\/en\/wp-json\/wp\/v2\/media\/21089"}],"wp:attachment":[{"href":"https:\/\/www.gkboje.ba\/en\/wp-json\/wp\/v2\/media?parent=21193"}],"wp:term":[{"taxonomy":"product_brand","embeddable":true,"href":"https:\/\/www.gkboje.ba\/en\/wp-json\/wp\/v2\/product_brand?post=21193"},{"taxonomy":"product_cat","embeddable":true,"href":"https:\/\/www.gkboje.ba\/en\/wp-json\/wp\/v2\/product_cat?post=21193"},{"taxonomy":"product_tag","embeddable":true,"href":"https:\/\/www.gkboje.ba\/en\/wp-json\/wp\/v2\/product_tag?post=21193"}],"curies":[{"name":"wp","href":"https:\/\/api.w.org\/{rel}","templated":true}]}}