{"id":21192,"date":"2024-10-16T22:01:56","date_gmt":"2024-10-16T20:01:56","guid":{"rendered":"https:\/\/www.gkboje.ba\/proizvod\/bihui-drska-za-gleter-izmjenjiva-ptsjhd\/"},"modified":"2025-12-01T00:15:18","modified_gmt":"2025-11-30T23:15:18","slug":"bihui-drska-za-gleter-izmjenjiva-ptsjhd","status":"publish","type":"product","link":"https:\/\/www.gkboje.ba\/en\/proizvod\/bihui-drska-za-gleter-izmjenjiva-ptsjhd\/","title":{"rendered":"Bihui dr\u0161ka za gleter izmjenjiva (PTSJHD)"},"content":{"rendered":"<p>Bihui PTSJHD je ergonomi\u010dna zamjenjiva dr\u0161ka, napravljena od laganog, ali izdr\u017eljivog aluminijuma. Kompatibilna je sa setovima nazubljenih gleterica, te omogu\u0107ava brzo pri\u010dvr\u0161\u0107ivanje i otpu\u0161tanje zahvaljuju\u0107i Bihui FLEX sistemu. Dizajnirana je za dugotrajnu upotrebu, a njena struktura omogu\u0107ava sigurno i udobno rukovanje, \u010dak i tokom intenzivnog rada.<\/p>\n<ul>\n<li><strong>Model:<\/strong> PTSJHD<\/li>\n<li><strong>Materijal:<\/strong> Aluminijum<\/li>\n<li><strong>Te\u017eina:<\/strong> 0.26 kg<\/li>\n<li><strong>Dimenzije:<\/strong> 215x100x40 mm<\/li>\n<li><strong>Kompatibilnost:<\/strong> Bihui nazubljene gleterice<\/li>\n<\/ul>\n<p>Ova dr\u0161ka pru\u017ea vrhunsku kontrolu i lako\u0107u pri zamjeni gleterica, savr\u0161ena za profesionalnu upotrebu u gra\u0111evinskim radovima.<\/p>\n","protected":false},"excerpt":{"rendered":"<p>Bihui PTSJHD je zamjenjiva aluminijska dr\u0161ka dizajnirana za upotrebu sa setovima nazubljenih gleterica, osiguravaju\u0107i udobnost i dugotrajnu stabilnost.<\/p>\n","protected":false},"featured_media":21093,"comment_status":"open","ping_status":"closed","template":"","meta":[],"product_brand":[],"product_cat":[780],"product_tag":[],"class_list":{"0":"post-21192","1":"product","2":"type-product","3":"status-publish","4":"has-post-thumbnail","6":"product_cat-nazubljeni-gleteri","8":"first","9":"instock","10":"sale","11":"shipping-taxable","12":"purchasable","13":"product-type-simple"},"wooqr_code":"","_links":{"self":[{"href":"https:\/\/www.gkboje.ba\/en\/wp-json\/wp\/v2\/product\/21192","targetHints":{"allow":["GET"]}}],"collection":[{"href":"https:\/\/www.gkboje.ba\/en\/wp-json\/wp\/v2\/product"}],"about":[{"href":"https:\/\/www.gkboje.ba\/en\/wp-json\/wp\/v2\/types\/product"}],"replies":[{"embeddable":true,"href":"https:\/\/www.gkboje.ba\/en\/wp-json\/wp\/v2\/comments?post=21192"}],"version-history":[{"count":0,"href":"https:\/\/www.gkboje.ba\/en\/wp-json\/wp\/v2\/product\/21192\/revisions"}],"wp:featuredmedia":[{"embeddable":true,"href":"https:\/\/www.gkboje.ba\/en\/wp-json\/wp\/v2\/media\/21093"}],"wp:attachment":[{"href":"https:\/\/www.gkboje.ba\/en\/wp-json\/wp\/v2\/media?parent=21192"}],"wp:term":[{"taxonomy":"product_brand","embeddable":true,"href":"https:\/\/www.gkboje.ba\/en\/wp-json\/wp\/v2\/product_brand?post=21192"},{"taxonomy":"product_cat","embeddable":true,"href":"https:\/\/www.gkboje.ba\/en\/wp-json\/wp\/v2\/product_cat?post=21192"},{"taxonomy":"product_tag","embeddable":true,"href":"https:\/\/www.gkboje.ba\/en\/wp-json\/wp\/v2\/product_tag?post=21192"}],"curies":[{"name":"wp","href":"https:\/\/api.w.org\/{rel}","templated":true}]}}