{"id":21191,"date":"2024-10-16T22:01:55","date_gmt":"2024-10-16T20:01:55","guid":{"rendered":"https:\/\/www.gkboje.ba\/proizvod\/bihui-gleter-ravni-280x120-mm-ptsbpl\/"},"modified":"2025-12-01T00:15:18","modified_gmt":"2025-11-30T23:15:18","slug":"bihui-gleter-ravni-280x120-mm-ptsbpl","status":"publish","type":"product","link":"https:\/\/www.gkboje.ba\/en\/proizvod\/bihui-gleter-ravni-280x120-mm-ptsbpl\/","title":{"rendered":"Bihui gleter ravni 280&#215;120 mm (PTSBPL)"},"content":{"rendered":"<p>Bihui PTSBPL je visokokvalitetna ravna gletarica od nehr\u0111aju\u0107eg \u010delika debljine 0.7 mm, idealna za precizno nano\u0161enje ljepila i maltera. Opremljena ergonomskom, neklizaju\u0107om ru\u010dkom, ova gletarica omogu\u0107ava udoban rad \u010dak i tokom dugih zadataka. Dr\u0161ka je pri\u010dvr\u0161\u0107ena za o\u0161tricu sa 8 zavarenih zakovica za maksimalnu stabilnost i dugotrajnost.<\/p>\n<ul>\n<li><strong>Model:<\/strong> PTSBPL<\/li>\n<li><strong>Dimenzije:<\/strong> 280&#215;120 mm<\/li>\n<li><strong>Materijal:<\/strong> Inox (ner\u0111aju\u0107i \u010delik)<\/li>\n<li><strong>Debljina o\u0161trice:<\/strong> 0.7 mm<\/li>\n<\/ul>\n<p>Ova gletarica je idealan alat za zavr\u0161ne gra\u0111evinske radove, osiguravaju\u0107i ravnomjerno nano\u0161enje materijala.<\/p>\n","protected":false},"excerpt":{"rendered":"<p>Bihui PTSBPL je ravna gletarica od nehr\u0111aju\u0107eg \u010delika, dimenzija 280&#215;120 mm, idealna za profesionalnu primjenu u nano\u0161enju ljepila i maltera.<\/p>\n","protected":false},"featured_media":21076,"comment_status":"open","ping_status":"closed","template":"","meta":[],"product_brand":[],"product_cat":[782],"product_tag":[],"class_list":{"0":"post-21191","1":"product","2":"type-product","3":"status-publish","4":"has-post-thumbnail","6":"product_cat-metalni-gleteri","8":"first","9":"instock","10":"sale","11":"shipping-taxable","12":"purchasable","13":"product-type-simple"},"wooqr_code":"","_links":{"self":[{"href":"https:\/\/www.gkboje.ba\/en\/wp-json\/wp\/v2\/product\/21191","targetHints":{"allow":["GET"]}}],"collection":[{"href":"https:\/\/www.gkboje.ba\/en\/wp-json\/wp\/v2\/product"}],"about":[{"href":"https:\/\/www.gkboje.ba\/en\/wp-json\/wp\/v2\/types\/product"}],"replies":[{"embeddable":true,"href":"https:\/\/www.gkboje.ba\/en\/wp-json\/wp\/v2\/comments?post=21191"}],"version-history":[{"count":0,"href":"https:\/\/www.gkboje.ba\/en\/wp-json\/wp\/v2\/product\/21191\/revisions"}],"wp:featuredmedia":[{"embeddable":true,"href":"https:\/\/www.gkboje.ba\/en\/wp-json\/wp\/v2\/media\/21076"}],"wp:attachment":[{"href":"https:\/\/www.gkboje.ba\/en\/wp-json\/wp\/v2\/media?parent=21191"}],"wp:term":[{"taxonomy":"product_brand","embeddable":true,"href":"https:\/\/www.gkboje.ba\/en\/wp-json\/wp\/v2\/product_brand?post=21191"},{"taxonomy":"product_cat","embeddable":true,"href":"https:\/\/www.gkboje.ba\/en\/wp-json\/wp\/v2\/product_cat?post=21191"},{"taxonomy":"product_tag","embeddable":true,"href":"https:\/\/www.gkboje.ba\/en\/wp-json\/wp\/v2\/product_tag?post=21191"}],"curies":[{"name":"wp","href":"https:\/\/api.w.org\/{rel}","templated":true}]}}