{"id":21187,"date":"2024-10-16T22:01:52","date_gmt":"2024-10-16T20:01:52","guid":{"rendered":"https:\/\/www.gkboje.ba\/proizvod\/bihui-gleter-nazubljeni-280x120-mm-12x12-mm-ptsb12\/"},"modified":"2025-12-01T00:15:18","modified_gmt":"2025-11-30T23:15:18","slug":"bihui-gleter-nazubljeni-280x120-mm-12x12-mm-ptsb12","status":"publish","type":"product","link":"https:\/\/www.gkboje.ba\/en\/proizvod\/bihui-gleter-nazubljeni-280x120-mm-12x12-mm-ptsb12\/","title":{"rendered":"Bihui gleter nazubljeni 280&#215;120 mm &#8211; 12&#215;12 mm (PTSB12)"},"content":{"rendered":"<p>Bihui PTSB12 Nazubljena Gletarica je dizajnirana za profesionalce za postavljanje plo\u010dica i drugih materijala. Opremljena je \u010deli\u010dnom lopaticom od nehr\u0111aju\u0107eg \u010delika debljine 0.7 mm, pru\u017eaju\u0107i izdr\u017eljivost i dugovje\u010dnost. Ergonomska ru\u010dka je pri\u010dvr\u0161\u0107ena za o\u0161tricu s 8 zavarenih zakovica, \u010dime se osigurava stabilnost tokom rada. Savr\u0161ena za nano\u0161enje i distribuciju ljepila na plo\u010dice i druge gra\u0111evinske materijale.<\/p>\n<ul>\n<li><strong>Model:<\/strong> PTSB12<\/li>\n<li><strong>Dimenzije:<\/strong> 280&#215;120 mm<\/li>\n<li><strong>Materijal lopatice:<\/strong> Inox (ner\u0111aju\u0107i \u010delik)<\/li>\n<li><strong>Debljina o\u0161trice:<\/strong> 0.7 mm<\/li>\n<li><strong>Veli\u010dina zuba:<\/strong> 12&#215;12 mm<\/li>\n<\/ul>\n<p>Ovaj alat je savr\u0161en za precizne zavr\u0161ne radove, garantuju\u0107i udobnost i kontrolu tokom upotrebe.<\/p>\n","protected":false},"excerpt":{"rendered":"<p>Bihui PTSB12 je nazubljeni gleter dimenzija 280&#215;120 mm s neklizaju\u0107om ergonomskom dr\u0161kom, idealan za precizno nano\u0161enje materijala prilikom postavljanja plo\u010dica.<\/p>\n","protected":false},"featured_media":21049,"comment_status":"open","ping_status":"closed","template":"","meta":[],"product_brand":[],"product_cat":[780],"product_tag":[],"class_list":{"0":"post-21187","1":"product","2":"type-product","3":"status-publish","4":"has-post-thumbnail","6":"product_cat-nazubljeni-gleteri","8":"first","9":"instock","10":"sale","11":"shipping-taxable","12":"purchasable","13":"product-type-simple"},"wooqr_code":"","_links":{"self":[{"href":"https:\/\/www.gkboje.ba\/en\/wp-json\/wp\/v2\/product\/21187","targetHints":{"allow":["GET"]}}],"collection":[{"href":"https:\/\/www.gkboje.ba\/en\/wp-json\/wp\/v2\/product"}],"about":[{"href":"https:\/\/www.gkboje.ba\/en\/wp-json\/wp\/v2\/types\/product"}],"replies":[{"embeddable":true,"href":"https:\/\/www.gkboje.ba\/en\/wp-json\/wp\/v2\/comments?post=21187"}],"version-history":[{"count":0,"href":"https:\/\/www.gkboje.ba\/en\/wp-json\/wp\/v2\/product\/21187\/revisions"}],"wp:featuredmedia":[{"embeddable":true,"href":"https:\/\/www.gkboje.ba\/en\/wp-json\/wp\/v2\/media\/21049"}],"wp:attachment":[{"href":"https:\/\/www.gkboje.ba\/en\/wp-json\/wp\/v2\/media?parent=21187"}],"wp:term":[{"taxonomy":"product_brand","embeddable":true,"href":"https:\/\/www.gkboje.ba\/en\/wp-json\/wp\/v2\/product_brand?post=21187"},{"taxonomy":"product_cat","embeddable":true,"href":"https:\/\/www.gkboje.ba\/en\/wp-json\/wp\/v2\/product_cat?post=21187"},{"taxonomy":"product_tag","embeddable":true,"href":"https:\/\/www.gkboje.ba\/en\/wp-json\/wp\/v2\/product_tag?post=21187"}],"curies":[{"name":"wp","href":"https:\/\/api.w.org\/{rel}","templated":true}]}}