{"id":21184,"date":"2024-10-16T22:01:50","date_gmt":"2024-10-16T20:01:50","guid":{"rendered":"https:\/\/www.gkboje.ba\/proizvod\/bihui-gleter-leptir-500-mm-ptk50\/"},"modified":"2025-12-01T00:15:18","modified_gmt":"2025-11-30T23:15:18","slug":"bihui-gleter-leptir-500-mm-ptk50","status":"publish","type":"product","link":"https:\/\/www.gkboje.ba\/en\/proizvod\/bihui-gleter-leptir-500-mm-ptk50\/","title":{"rendered":"Bihui gleter leptir 500 mm (PTK50)"},"content":{"rendered":"<p>Bihui PTK50 Gleter je opremljen o\u0161tricom od 500 mm od nehr\u0111aju\u0107eg \u010delika, pru\u017eaju\u0107i dugotrajnu izdr\u017eljivost i preciznost. Dvokomponentna ru\u010dka omogu\u0107ava udobnost i kontrolu tokom rada, savr\u0161ena za malterisanje i zavr\u0161ne radove.<\/p>\n<ul>\n<li><strong>Model:<\/strong> PTK50<\/li>\n<li><strong>\u0160irina o\u0161trice:<\/strong> 500 mm<\/li>\n<li><strong>Materijal o\u0161trice:<\/strong> Nehr\u0111aju\u0107i \u010delik<\/li>\n<li><strong>Materijal ru\u010dke:<\/strong> Dvokomponentna plastika<\/li>\n<li><strong>Pogodno za:<\/strong> Malterisanje, glatovanje, zavr\u0161ni radovi<\/li>\n<\/ul>\n<p>Idealan alat za precizne zavr\u0161ne radove.<\/p>\n","protected":false},"excerpt":{"rendered":"<p>Bihui PTK50 je profesionalni leptir gleter dizajniran za precizno nano\u0161enje i ravnanje materijala, idealan za zavr\u0161ne radove poput malterisanja i gletovanja.<\/p>\n","protected":false},"featured_media":21106,"comment_status":"open","ping_status":"closed","template":"","meta":[],"product_brand":[],"product_cat":[777],"product_tag":[],"class_list":{"0":"post-21184","1":"product","2":"type-product","3":"status-publish","4":"has-post-thumbnail","6":"product_cat-spahtle-i-leptir-spahtle","8":"first","9":"instock","10":"sale","11":"shipping-taxable","12":"purchasable","13":"product-type-simple"},"wooqr_code":"","_links":{"self":[{"href":"https:\/\/www.gkboje.ba\/en\/wp-json\/wp\/v2\/product\/21184","targetHints":{"allow":["GET"]}}],"collection":[{"href":"https:\/\/www.gkboje.ba\/en\/wp-json\/wp\/v2\/product"}],"about":[{"href":"https:\/\/www.gkboje.ba\/en\/wp-json\/wp\/v2\/types\/product"}],"replies":[{"embeddable":true,"href":"https:\/\/www.gkboje.ba\/en\/wp-json\/wp\/v2\/comments?post=21184"}],"version-history":[{"count":0,"href":"https:\/\/www.gkboje.ba\/en\/wp-json\/wp\/v2\/product\/21184\/revisions"}],"wp:featuredmedia":[{"embeddable":true,"href":"https:\/\/www.gkboje.ba\/en\/wp-json\/wp\/v2\/media\/21106"}],"wp:attachment":[{"href":"https:\/\/www.gkboje.ba\/en\/wp-json\/wp\/v2\/media?parent=21184"}],"wp:term":[{"taxonomy":"product_brand","embeddable":true,"href":"https:\/\/www.gkboje.ba\/en\/wp-json\/wp\/v2\/product_brand?post=21184"},{"taxonomy":"product_cat","embeddable":true,"href":"https:\/\/www.gkboje.ba\/en\/wp-json\/wp\/v2\/product_cat?post=21184"},{"taxonomy":"product_tag","embeddable":true,"href":"https:\/\/www.gkboje.ba\/en\/wp-json\/wp\/v2\/product_tag?post=21184"}],"curies":[{"name":"wp","href":"https:\/\/api.w.org\/{rel}","templated":true}]}}