{"id":21181,"date":"2024-10-16T22:01:48","date_gmt":"2024-10-16T20:01:48","guid":{"rendered":"https:\/\/www.gkboje.ba\/proizvod\/bihui-elektricni-vakumski-nosac-s-pumpicom-110-140-kg-scbs8\/"},"modified":"2025-12-01T00:15:18","modified_gmt":"2025-11-30T23:15:18","slug":"bihui-elektricni-vakumski-nosac-s-pumpicom-110-140-kg-scbs8","status":"publish","type":"product","link":"https:\/\/www.gkboje.ba\/en\/proizvod\/bihui-elektricni-vakumski-nosac-s-pumpicom-110-140-kg-scbs8\/","title":{"rendered":"Bihui elektri\u010dni vakumski nosa\u010d s pumpicom 110 &#8211; 140 kg (SCBS8)"},"content":{"rendered":"<p>Bihui SCBS8 200 mm SCBS8 baterijski vakumski sistem idealan je alat za sigurno podizanje i transport te\u0161kih materijala kao \u0161to su plo\u010dice, staklo i kamen. Ovaj vakumski sistem omogu\u0107ava podizanje do 110 kg u ru\u010dnom na\u010dinu i 140 kg uz elektri\u010dnu pumpu. Sadr\u017ei neklizaju\u0107u plasti\u010dnu ru\u010dku i mjera\u010d pritiska, \u010dime se osigurava sigurnost tokom rada. Elektri\u010dna pumpa se napaja putem punjive baterije od 3.7V &#8211; 1200mAh s USB punja\u010dem.<\/p>\n<ul>\n<li><strong>Model:<\/strong> SCBS8<\/li>\n<li><strong>Pre\u010dnik usisne \u010da\u0161e:<\/strong> 200 mm<\/li>\n<li><strong>Kapacitet podizanja:<\/strong> 110 kg (ru\u010dno), 140 kg (elektri\u010dno)<\/li>\n<li><strong>Baterija:<\/strong> 3.7V &#8211; 1200mAh<\/li>\n<li><strong>Pogodno za:<\/strong> Plo\u010dice, staklo, kamen<\/li>\n<\/ul>\n<p>Ovaj alat je idealan za profesionalne korisnike koji tra\u017ee sigurno i efikasno rje\u0161enje za rukovanje te\u0161kim materijalima.<\/p>\n","protected":false},"excerpt":{"rendered":"<p>Bihui SCBS8 je baterijski vakumski sistem za podizanje i transport, savr\u0161en za rukovanje glatkim i teksturiranim povr\u0161inama poput plo\u010dica, stakla i kamena.<\/p>\n","protected":false},"featured_media":20961,"comment_status":"open","ping_status":"closed","template":"","meta":[],"product_brand":[],"product_cat":[791],"product_tag":[],"class_list":{"0":"post-21181","1":"product","2":"type-product","3":"status-publish","4":"has-post-thumbnail","6":"product_cat-vakumski-drzaci-i-pistolji","8":"first","9":"instock","10":"sale","11":"shipping-taxable","12":"purchasable","13":"product-type-simple"},"wooqr_code":"","_links":{"self":[{"href":"https:\/\/www.gkboje.ba\/en\/wp-json\/wp\/v2\/product\/21181","targetHints":{"allow":["GET"]}}],"collection":[{"href":"https:\/\/www.gkboje.ba\/en\/wp-json\/wp\/v2\/product"}],"about":[{"href":"https:\/\/www.gkboje.ba\/en\/wp-json\/wp\/v2\/types\/product"}],"replies":[{"embeddable":true,"href":"https:\/\/www.gkboje.ba\/en\/wp-json\/wp\/v2\/comments?post=21181"}],"version-history":[{"count":1,"href":"https:\/\/www.gkboje.ba\/en\/wp-json\/wp\/v2\/product\/21181\/revisions"}],"predecessor-version":[{"id":21270,"href":"https:\/\/www.gkboje.ba\/en\/wp-json\/wp\/v2\/product\/21181\/revisions\/21270"}],"wp:featuredmedia":[{"embeddable":true,"href":"https:\/\/www.gkboje.ba\/en\/wp-json\/wp\/v2\/media\/20961"}],"wp:attachment":[{"href":"https:\/\/www.gkboje.ba\/en\/wp-json\/wp\/v2\/media?parent=21181"}],"wp:term":[{"taxonomy":"product_brand","embeddable":true,"href":"https:\/\/www.gkboje.ba\/en\/wp-json\/wp\/v2\/product_brand?post=21181"},{"taxonomy":"product_cat","embeddable":true,"href":"https:\/\/www.gkboje.ba\/en\/wp-json\/wp\/v2\/product_cat?post=21181"},{"taxonomy":"product_tag","embeddable":true,"href":"https:\/\/www.gkboje.ba\/en\/wp-json\/wp\/v2\/product_tag?post=21181"}],"curies":[{"name":"wp","href":"https:\/\/api.w.org\/{rel}","templated":true}]}}