{"id":21180,"date":"2024-10-16T22:01:48","date_gmt":"2024-10-16T20:01:48","guid":{"rendered":"https:\/\/www.gkboje.ba\/proizvod\/bihui-dijamantna-brusna-ploca-disk-lonac-125-mm-dcwd5\/"},"modified":"2025-12-01T00:15:18","modified_gmt":"2025-11-30T23:15:18","slug":"bihui-dijamantna-brusna-ploca-disk-lonac-125-mm-dcwd5","status":"publish","type":"product","link":"https:\/\/www.gkboje.ba\/en\/proizvod\/bihui-dijamantna-brusna-ploca-disk-lonac-125-mm-dcwd5\/","title":{"rendered":"Bihui dijamantna brusna plo\u010da &#8211; disk &#8211; lonac 125 mm (DCWD5)"},"content":{"rendered":"<p>Bihui DCWD5 Dijamantska Brusna Plo\u010da, sa dvostrukim redom dijamanata, savr\u0161ena je za agresivno uklanjanje materijala i pripremu povr\u0161ina. Ova plo\u010da omogu\u0107ava glatko bru\u0161enje i uklanjanje ljepila, maltera i drugih materijala s betona, granita, pe\u0161\u010dara i drugih gra\u0111evinskih materijala. Plo\u010du karakteri\u0161u otvori za hla\u0111enje, koji produ\u017eavaju njen vijek trajanja i smanjuju habanje alata tokom upotrebe.<\/p>\n<ul>\n<li><strong>Model:<\/strong> DCWD5<\/li>\n<li><strong>Pre\u010dnik:<\/strong> 125 mm<\/li>\n<li><strong>Otvora:<\/strong> 22.23 mm<\/li>\n<li><strong>Pogodno za:<\/strong> Beton, kamen, granit<\/li>\n<li><strong>Maksimalna brzina:<\/strong> 12,250 RPM<\/li>\n<\/ul>\n<p>Ova brusna plo\u010da pru\u017ea izdr\u017eljivost i stabilnost tokom bru\u0161enja, idealna za upotrebu sa standardnim ugaonim brusilicama.<\/p>\n","protected":false},"excerpt":{"rendered":"<p>Bihui DCWD5 je dvoredna dijamantska brusna plo\u010da pre\u010dnika 125 mm, idealna za brzo i efikasno uklanjanje materijala s betonskih, kamenih i drugih tvrdih povr\u0161ina.<\/p>\n","protected":false},"featured_media":20832,"comment_status":"open","ping_status":"closed","template":"","meta":[],"product_brand":[],"product_cat":[738],"product_tag":[],"class_list":{"0":"post-21180","1":"product","2":"type-product","3":"status-publish","4":"has-post-thumbnail","6":"product_cat-dijamantne-ploce","8":"first","9":"instock","10":"sale","11":"shipping-taxable","12":"purchasable","13":"product-type-simple"},"wooqr_code":"","_links":{"self":[{"href":"https:\/\/www.gkboje.ba\/en\/wp-json\/wp\/v2\/product\/21180","targetHints":{"allow":["GET"]}}],"collection":[{"href":"https:\/\/www.gkboje.ba\/en\/wp-json\/wp\/v2\/product"}],"about":[{"href":"https:\/\/www.gkboje.ba\/en\/wp-json\/wp\/v2\/types\/product"}],"replies":[{"embeddable":true,"href":"https:\/\/www.gkboje.ba\/en\/wp-json\/wp\/v2\/comments?post=21180"}],"version-history":[{"count":0,"href":"https:\/\/www.gkboje.ba\/en\/wp-json\/wp\/v2\/product\/21180\/revisions"}],"wp:featuredmedia":[{"embeddable":true,"href":"https:\/\/www.gkboje.ba\/en\/wp-json\/wp\/v2\/media\/20832"}],"wp:attachment":[{"href":"https:\/\/www.gkboje.ba\/en\/wp-json\/wp\/v2\/media?parent=21180"}],"wp:term":[{"taxonomy":"product_brand","embeddable":true,"href":"https:\/\/www.gkboje.ba\/en\/wp-json\/wp\/v2\/product_brand?post=21180"},{"taxonomy":"product_cat","embeddable":true,"href":"https:\/\/www.gkboje.ba\/en\/wp-json\/wp\/v2\/product_cat?post=21180"},{"taxonomy":"product_tag","embeddable":true,"href":"https:\/\/www.gkboje.ba\/en\/wp-json\/wp\/v2\/product_tag?post=21180"}],"curies":[{"name":"wp","href":"https:\/\/api.w.org\/{rel}","templated":true}]}}