{"id":21176,"date":"2024-10-16T22:01:46","date_gmt":"2024-10-16T20:01:46","guid":{"rendered":"https:\/\/www.gkboje.ba\/proizvod\/bihui-dijamantna-rezna-ploca-b-master-115-mm-dcda115\/"},"modified":"2025-12-01T00:15:17","modified_gmt":"2025-11-30T23:15:17","slug":"bihui-dijamantna-rezna-ploca-b-master-115-mm-dcda115","status":"publish","type":"product","link":"https:\/\/www.gkboje.ba\/en\/proizvod\/bihui-dijamantna-rezna-ploca-b-master-115-mm-dcda115\/","title":{"rendered":"Bihui dijamantna rezna plo\u010da B-Master 115 mm (DCDA115)"},"content":{"rendered":"<p>Bihui DCDA115 Dijamantska Rezna Plo\u010da B-MASTER nudi izuzetnu brzinu i preciznost prilikom rezanja tvrdih materijala, poput porcelanskih plo\u010dica i keramike. Sa debljinom od 1.2 mm, plo\u010da proizvodi manje pra\u0161ine i omogu\u0107ava br\u017ee rezanje, uz visoku izdr\u017eljivost zahvaljuju\u0107i kontinuiranom dijamantskom rubu visine 10 mm.<\/p>\n<ul>\n<li><strong>Model:<\/strong> DCDA115<\/li>\n<li><strong>Pre\u010dnik:<\/strong> 115 mm<\/li>\n<li><strong>Debljina:<\/strong> 1.2 mm<\/li>\n<li><strong>Visina nasipa:<\/strong> 10 mm<\/li>\n<li><strong>Otvora:<\/strong> 22.23 mm<\/li>\n<li><strong>Pogodno za:<\/strong> Tvrde plo\u010dice, porcelan, keramika<\/li>\n<\/ul>\n<p>Ova plo\u010da je idealna za profesionalne korisnike koji tra\u017ee precizne i dugotrajne rezultate, uz visoku otpornost na lomljenje tokom rada.<\/p>\n","protected":false},"excerpt":{"rendered":"<p>Bihui DCDA115 je dijamantska rezna plo\u010da savr\u0161ena za brzo i precizno rezanje tvrdih plo\u010dica, porcelana i keramike, sa tankim dizajnom za manje pra\u0161ine i br\u017ee rezove.<\/p>\n","protected":false},"featured_media":20845,"comment_status":"open","ping_status":"closed","template":"","meta":[],"product_brand":[],"product_cat":[738],"product_tag":[],"class_list":{"0":"post-21176","1":"product","2":"type-product","3":"status-publish","4":"has-post-thumbnail","6":"product_cat-dijamantne-ploce","8":"first","9":"instock","10":"sale","11":"shipping-taxable","12":"purchasable","13":"product-type-simple"},"wooqr_code":"","_links":{"self":[{"href":"https:\/\/www.gkboje.ba\/en\/wp-json\/wp\/v2\/product\/21176","targetHints":{"allow":["GET"]}}],"collection":[{"href":"https:\/\/www.gkboje.ba\/en\/wp-json\/wp\/v2\/product"}],"about":[{"href":"https:\/\/www.gkboje.ba\/en\/wp-json\/wp\/v2\/types\/product"}],"replies":[{"embeddable":true,"href":"https:\/\/www.gkboje.ba\/en\/wp-json\/wp\/v2\/comments?post=21176"}],"version-history":[{"count":0,"href":"https:\/\/www.gkboje.ba\/en\/wp-json\/wp\/v2\/product\/21176\/revisions"}],"wp:featuredmedia":[{"embeddable":true,"href":"https:\/\/www.gkboje.ba\/en\/wp-json\/wp\/v2\/media\/20845"}],"wp:attachment":[{"href":"https:\/\/www.gkboje.ba\/en\/wp-json\/wp\/v2\/media?parent=21176"}],"wp:term":[{"taxonomy":"product_brand","embeddable":true,"href":"https:\/\/www.gkboje.ba\/en\/wp-json\/wp\/v2\/product_brand?post=21176"},{"taxonomy":"product_cat","embeddable":true,"href":"https:\/\/www.gkboje.ba\/en\/wp-json\/wp\/v2\/product_cat?post=21176"},{"taxonomy":"product_tag","embeddable":true,"href":"https:\/\/www.gkboje.ba\/en\/wp-json\/wp\/v2\/product_tag?post=21176"}],"curies":[{"name":"wp","href":"https:\/\/api.w.org\/{rel}","templated":true}]}}