{"id":21175,"date":"2024-10-16T22:01:45","date_gmt":"2024-10-16T20:01:45","guid":{"rendered":"https:\/\/www.gkboje.ba\/proizvod\/bihui-dijamantna-rezna-ploca-za-keramiku-i-kamen-ojacana-125-mm-dbn5\/"},"modified":"2025-12-01T00:15:17","modified_gmt":"2025-11-30T23:15:17","slug":"bihui-dijamantna-rezna-ploca-za-keramiku-i-kamen-ojacana-125-mm-dbn5","status":"publish","type":"product","link":"https:\/\/www.gkboje.ba\/en\/proizvod\/bihui-dijamantna-rezna-ploca-za-keramiku-i-kamen-ojacana-125-mm-dbn5\/","title":{"rendered":"Bihui dijamantna rezna plo\u010da za keramiku i kamen oja\u010dana 125 mm (DBN5)"},"content":{"rendered":"<p>Bihui DBN5 Dijamantska Rezna Plo\u010da idealna je za rezanje tvrdih materijala kao \u0161to su gres plo\u010dice, porcelan, mermer i kamen. Ova vi\u0161enamjenska plo\u010da omogu\u0107ava precizno rezanje na suho i mokro, uz dugotrajan u\u010dinak zahvaljuju\u0107i oja\u010danom ko\u0161uljici.<\/p>\n<ul>\n<li><strong>Model:<\/strong> DBN5<\/li>\n<li><strong>Pogodno za:<\/strong> Gres plo\u010dice, porcelan, mermer, kamen<\/li>\n<li><strong>Pre\u010dnik:<\/strong> 125 mm<\/li>\n<li><strong>Debljina:<\/strong> 1.2 mm<\/li>\n<li><strong>Visina reznog dijela:<\/strong> 10 mm<\/li>\n<li><strong>Otvora:<\/strong> 22.23 mm<\/li>\n<\/ul>\n<p>Zahvaljuju\u0107i visokoj izdr\u017eljivosti i preciznosti, DBN5 je idealan za profesionalne korisnike koji tra\u017ee dugotrajan alat za razli\u010dite primjene.<\/p>\n","protected":false},"excerpt":{"rendered":"<p>Bihui DBN5 je dijamantska rezna plo\u010da savr\u0161ena za precizno suho i mokro rezanje plo\u010dica, porcelana, mermera i kamena.<\/p>\n","protected":false},"featured_media":20854,"comment_status":"open","ping_status":"closed","template":"","meta":[],"product_brand":[],"product_cat":[738],"product_tag":[],"class_list":{"0":"post-21175","1":"product","2":"type-product","3":"status-publish","4":"has-post-thumbnail","6":"product_cat-dijamantne-ploce","8":"first","9":"instock","10":"sale","11":"shipping-taxable","12":"purchasable","13":"product-type-simple"},"wooqr_code":"","_links":{"self":[{"href":"https:\/\/www.gkboje.ba\/en\/wp-json\/wp\/v2\/product\/21175","targetHints":{"allow":["GET"]}}],"collection":[{"href":"https:\/\/www.gkboje.ba\/en\/wp-json\/wp\/v2\/product"}],"about":[{"href":"https:\/\/www.gkboje.ba\/en\/wp-json\/wp\/v2\/types\/product"}],"replies":[{"embeddable":true,"href":"https:\/\/www.gkboje.ba\/en\/wp-json\/wp\/v2\/comments?post=21175"}],"version-history":[{"count":0,"href":"https:\/\/www.gkboje.ba\/en\/wp-json\/wp\/v2\/product\/21175\/revisions"}],"wp:featuredmedia":[{"embeddable":true,"href":"https:\/\/www.gkboje.ba\/en\/wp-json\/wp\/v2\/media\/20854"}],"wp:attachment":[{"href":"https:\/\/www.gkboje.ba\/en\/wp-json\/wp\/v2\/media?parent=21175"}],"wp:term":[{"taxonomy":"product_brand","embeddable":true,"href":"https:\/\/www.gkboje.ba\/en\/wp-json\/wp\/v2\/product_brand?post=21175"},{"taxonomy":"product_cat","embeddable":true,"href":"https:\/\/www.gkboje.ba\/en\/wp-json\/wp\/v2\/product_cat?post=21175"},{"taxonomy":"product_tag","embeddable":true,"href":"https:\/\/www.gkboje.ba\/en\/wp-json\/wp\/v2\/product_tag?post=21175"}],"curies":[{"name":"wp","href":"https:\/\/api.w.org\/{rel}","templated":true}]}}