{"id":21174,"date":"2024-10-16T22:01:45","date_gmt":"2024-10-16T20:01:45","guid":{"rendered":"https:\/\/www.gkboje.ba\/proizvod\/bihui-dijamantna-rezna-ploca-za-keramiku-i-kamen-115-mm-dcbt115\/"},"modified":"2025-12-01T00:15:17","modified_gmt":"2025-11-30T23:15:17","slug":"bihui-dijamantna-rezna-ploca-za-keramiku-i-kamen-115-mm-dcbt115","status":"publish","type":"product","link":"https:\/\/www.gkboje.ba\/en\/proizvod\/bihui-dijamantna-rezna-ploca-za-keramiku-i-kamen-115-mm-dcbt115\/","title":{"rendered":"Bihui dijamantna rezna plo\u010da za keramiku i kamen 115 mm (DCBT115)"},"content":{"rendered":"<p>Bihui DCBT115 Super Tanka Turbo Dijamantska Plo\u010da pru\u017ea precizne rezove na plo\u010dicama, mermeru i prirodnom kamenu, uz minimalno lomljenje i manje stvaranja pra\u0161ine. Sa tankim dizajnom debljine 1.4 mm, plo\u010da je idealna za brzo rezanje i samohla\u0111enje tokom upotrebe.<\/p>\n<ul>\n<li><strong>Model:<\/strong> DCBT115<\/li>\n<li><strong>Pre\u010dnik:<\/strong> 115 mm<\/li>\n<li><strong>Debljina:<\/strong> 1.4 mm<\/li>\n<li><strong>Pogodno za:<\/strong> Tvrde plo\u010dice, mermer, prirodni i umjetni kamen<\/li>\n<li><strong>Maksimalna dubina reza:<\/strong> 20 mm<\/li>\n<\/ul>\n<p>Ova plo\u010da je savr\u0161ena za upotrebu sa ugaonim brusilicama, omogu\u0107avaju\u0107i glatke i precizne rezove bez dodatnih adaptera.<\/p>\n","protected":false},"excerpt":{"rendered":"<p>Bihui DCBT115 je super tanka turbo dijamantska plo\u010da, dizajnirana za precizne rezove uz minimalno stvaranje pra\u0161ine i o\u0161te\u0107enja na plo\u010dicama i kamenu.<\/p>\n","protected":false},"featured_media":21381,"comment_status":"open","ping_status":"closed","template":"","meta":[],"product_brand":[],"product_cat":[738],"product_tag":[],"class_list":{"0":"post-21174","1":"product","2":"type-product","3":"status-publish","4":"has-post-thumbnail","6":"product_cat-dijamantne-ploce","8":"first","9":"instock","10":"sale","11":"shipping-taxable","12":"purchasable","13":"product-type-simple"},"wooqr_code":"","_links":{"self":[{"href":"https:\/\/www.gkboje.ba\/en\/wp-json\/wp\/v2\/product\/21174","targetHints":{"allow":["GET"]}}],"collection":[{"href":"https:\/\/www.gkboje.ba\/en\/wp-json\/wp\/v2\/product"}],"about":[{"href":"https:\/\/www.gkboje.ba\/en\/wp-json\/wp\/v2\/types\/product"}],"replies":[{"embeddable":true,"href":"https:\/\/www.gkboje.ba\/en\/wp-json\/wp\/v2\/comments?post=21174"}],"version-history":[{"count":1,"href":"https:\/\/www.gkboje.ba\/en\/wp-json\/wp\/v2\/product\/21174\/revisions"}],"predecessor-version":[{"id":21383,"href":"https:\/\/www.gkboje.ba\/en\/wp-json\/wp\/v2\/product\/21174\/revisions\/21383"}],"wp:featuredmedia":[{"embeddable":true,"href":"https:\/\/www.gkboje.ba\/en\/wp-json\/wp\/v2\/media\/21381"}],"wp:attachment":[{"href":"https:\/\/www.gkboje.ba\/en\/wp-json\/wp\/v2\/media?parent=21174"}],"wp:term":[{"taxonomy":"product_brand","embeddable":true,"href":"https:\/\/www.gkboje.ba\/en\/wp-json\/wp\/v2\/product_brand?post=21174"},{"taxonomy":"product_cat","embeddable":true,"href":"https:\/\/www.gkboje.ba\/en\/wp-json\/wp\/v2\/product_cat?post=21174"},{"taxonomy":"product_tag","embeddable":true,"href":"https:\/\/www.gkboje.ba\/en\/wp-json\/wp\/v2\/product_tag?post=21174"}],"curies":[{"name":"wp","href":"https:\/\/api.w.org\/{rel}","templated":true}]}}