{"id":21173,"date":"2024-10-16T22:01:44","date_gmt":"2024-10-16T20:01:44","guid":{"rendered":"https:\/\/www.gkboje.ba\/proizvod\/bihui-dijamantna-ploca-za-poliranje-i-brusenje-pod-45-125-mm-dpe125\/"},"modified":"2025-12-01T00:15:17","modified_gmt":"2025-11-30T23:15:17","slug":"bihui-dijamantna-ploca-za-poliranje-i-brusenje-pod-45-125-mm-dpe125","status":"publish","type":"product","link":"https:\/\/www.gkboje.ba\/en\/proizvod\/bihui-dijamantna-ploca-za-poliranje-i-brusenje-pod-45-125-mm-dpe125\/","title":{"rendered":"Bihui dijamantna plo\u010da za poliranje i bru\u0161enje pod 45\u00b0 125 mm (DPE125)"},"content":{"rendered":"<p>Bihui DPE125 Dijamantska Plo\u010da je profesionalni alat s kontinuiranim dijamantskim rubom visine 25 mm, idealan za brzo rezanje i bru\u0161enje s minimalnim lomljenjem. Savr\u0161en za upotrebu s ugaonim brusilicama i pru\u017ea visoku preciznost prilikom obrade tvrdih plo\u010dica, porculana i keramike.<\/p>\n<ul>\n<li><strong>Model:<\/strong> DPE125<\/li>\n<li><strong>Pre\u010dnik:<\/strong> 125 mm<\/li>\n<li><strong>Debljina:<\/strong> 2.0 mm<\/li>\n<li><strong>Pogodno za:<\/strong> Tvrde plo\u010dice, porculan, keramika<\/li>\n<li><strong>Promjer rupe:<\/strong> 22.23 mm<\/li>\n<\/ul>\n<p>Ovaj alat omogu\u0107ava visokobrzinsko rezanje s minimalnim lomljenjem i samohla\u0111enjem, \u010dime je idealan za dugotrajnu profesionalnu upotrebu.<\/p>\n","protected":false},"excerpt":{"rendered":"<p>Bihui DPE125 je vi\u0161enamjenska plo\u010da pre\u010dnika 125 mm, savr\u0161en za rad s tvrdim plo\u010dicama, porculanom i keramikom.<\/p>\n","protected":false},"featured_media":20814,"comment_status":"open","ping_status":"closed","template":"","meta":[],"product_brand":[],"product_cat":[738],"product_tag":[],"class_list":{"0":"post-21173","1":"product","2":"type-product","3":"status-publish","4":"has-post-thumbnail","6":"product_cat-dijamantne-ploce","8":"first","9":"instock","10":"sale","11":"shipping-taxable","12":"purchasable","13":"product-type-simple"},"wooqr_code":"","_links":{"self":[{"href":"https:\/\/www.gkboje.ba\/en\/wp-json\/wp\/v2\/product\/21173","targetHints":{"allow":["GET"]}}],"collection":[{"href":"https:\/\/www.gkboje.ba\/en\/wp-json\/wp\/v2\/product"}],"about":[{"href":"https:\/\/www.gkboje.ba\/en\/wp-json\/wp\/v2\/types\/product"}],"replies":[{"embeddable":true,"href":"https:\/\/www.gkboje.ba\/en\/wp-json\/wp\/v2\/comments?post=21173"}],"version-history":[{"count":0,"href":"https:\/\/www.gkboje.ba\/en\/wp-json\/wp\/v2\/product\/21173\/revisions"}],"wp:featuredmedia":[{"embeddable":true,"href":"https:\/\/www.gkboje.ba\/en\/wp-json\/wp\/v2\/media\/20814"}],"wp:attachment":[{"href":"https:\/\/www.gkboje.ba\/en\/wp-json\/wp\/v2\/media?parent=21173"}],"wp:term":[{"taxonomy":"product_brand","embeddable":true,"href":"https:\/\/www.gkboje.ba\/en\/wp-json\/wp\/v2\/product_brand?post=21173"},{"taxonomy":"product_cat","embeddable":true,"href":"https:\/\/www.gkboje.ba\/en\/wp-json\/wp\/v2\/product_cat?post=21173"},{"taxonomy":"product_tag","embeddable":true,"href":"https:\/\/www.gkboje.ba\/en\/wp-json\/wp\/v2\/product_tag?post=21173"}],"curies":[{"name":"wp","href":"https:\/\/api.w.org\/{rel}","templated":true}]}}