{"id":21170,"date":"2024-10-16T22:01:42","date_gmt":"2024-10-16T20:01:42","guid":{"rendered":"https:\/\/www.gkboje.ba\/proizvod\/bihui-dijamantna-brusno-rezna-ploca-za-keramiku-125-mm-dcwme5\/"},"modified":"2025-12-01T00:15:17","modified_gmt":"2025-11-30T23:15:17","slug":"bihui-dijamantna-brusno-rezna-ploca-za-keramiku-125-mm-dcwme5","status":"publish","type":"product","link":"https:\/\/www.gkboje.ba\/en\/proizvod\/bihui-dijamantna-brusno-rezna-ploca-za-keramiku-125-mm-dcwme5\/","title":{"rendered":"Bihui dijamantna brusno-rezna plo\u010da za keramiku 125 mm (DCWME5)"},"content":{"rendered":"<p>Bihui DCWME5 Dijamantska Rezna i Brusna Plo\u010da je inovativni vi\u0161enamjenski alat, savr\u0161en za finalizaciju plo\u010dica, uklju\u010duju\u0107i rezanje, bru\u0161enje, zaobljavanje i oblikovanje ivica i uglova. Ova plo\u010da se mo\u017ee koristiti sa bilo kojim standardnim ugaonim brusilicama M14 ili 5\/8&#8243;-11 bez potrebe za dodatnim adapterima.<\/p>\n<ul>\n<li><strong>Model:<\/strong> DCWME5<\/li>\n<li><strong>Dimenzije:<\/strong> 125 mm <\/li>\n<li><strong>Pogodno za:<\/strong> Rezanje i bru\u0161enje plo\u010dica, ivica i uglova<\/li>\n<\/ul>\n<p>DCWME5 pru\u017ea visoku preciznost i izdr\u017eljivost, \u0161to ga \u010dini savr\u0161enim alatom za profesionalne radove.<\/p>\n","protected":false},"excerpt":{"rendered":"<p>Bihui DCWME5 je vi\u0161enamjenska dijamantska plo\u010da dizajnirana za precizno rezanje, bru\u0161enje, zaobljavanje i oblikovanje plo\u010dica, ivica i uglova.<\/p>\n","protected":false},"featured_media":20784,"comment_status":"open","ping_status":"closed","template":"","meta":[],"product_brand":[],"product_cat":[738],"product_tag":[],"class_list":{"0":"post-21170","1":"product","2":"type-product","3":"status-publish","4":"has-post-thumbnail","6":"product_cat-dijamantne-ploce","8":"first","9":"instock","10":"sale","11":"shipping-taxable","12":"purchasable","13":"product-type-simple"},"wooqr_code":"","_links":{"self":[{"href":"https:\/\/www.gkboje.ba\/en\/wp-json\/wp\/v2\/product\/21170","targetHints":{"allow":["GET"]}}],"collection":[{"href":"https:\/\/www.gkboje.ba\/en\/wp-json\/wp\/v2\/product"}],"about":[{"href":"https:\/\/www.gkboje.ba\/en\/wp-json\/wp\/v2\/types\/product"}],"replies":[{"embeddable":true,"href":"https:\/\/www.gkboje.ba\/en\/wp-json\/wp\/v2\/comments?post=21170"}],"version-history":[{"count":0,"href":"https:\/\/www.gkboje.ba\/en\/wp-json\/wp\/v2\/product\/21170\/revisions"}],"wp:featuredmedia":[{"embeddable":true,"href":"https:\/\/www.gkboje.ba\/en\/wp-json\/wp\/v2\/media\/20784"}],"wp:attachment":[{"href":"https:\/\/www.gkboje.ba\/en\/wp-json\/wp\/v2\/media?parent=21170"}],"wp:term":[{"taxonomy":"product_brand","embeddable":true,"href":"https:\/\/www.gkboje.ba\/en\/wp-json\/wp\/v2\/product_brand?post=21170"},{"taxonomy":"product_cat","embeddable":true,"href":"https:\/\/www.gkboje.ba\/en\/wp-json\/wp\/v2\/product_cat?post=21170"},{"taxonomy":"product_tag","embeddable":true,"href":"https:\/\/www.gkboje.ba\/en\/wp-json\/wp\/v2\/product_tag?post=21170"}],"curies":[{"name":"wp","href":"https:\/\/api.w.org\/{rel}","templated":true}]}}