{"id":21167,"date":"2024-10-16T22:01:38","date_gmt":"2024-10-16T20:01:38","guid":{"rendered":"https:\/\/www.gkboje.ba\/proizvod\/bihui-jednodijeli-gumeni-cekic-673-gr-rmws24\/"},"modified":"2026-03-13T13:12:53","modified_gmt":"2026-03-13T12:12:53","slug":"bihui-jednodijeli-gumeni-cekic-673-gr-rmws24","status":"publish","type":"product","link":"https:\/\/www.gkboje.ba\/en\/proizvod\/bihui-jednodijeli-gumeni-cekic-673-gr-rmws24\/","title":{"rendered":"BIHUI Jednodijelni gumeni \u010deki\u0107 673 gr (RMWS24)"},"content":{"rendered":"<p>Bihui RMWS24 Jednodijelni Gumeni \u010ceki\u0107 je profesionalni alat dizajniran za precizno postavljanje i niveliranje plo\u010dica bez o\u0161te\u0107enja. Zahvaljuju\u0107i glavi od visoko elasti\u010dne gume, ovaj \u010deki\u0107 apsorbuje udarce, \u010dine\u0107i ga savr\u0161enim za dugotrajnu upotrebu u zahtjevnim zadacima.<\/p>\n<ul>\n<li><strong>Model:<\/strong> RMWS24<\/li>\n<li><strong>Te\u017eina:<\/strong> 673 grama<\/li>\n<li><strong>Dizajn:<\/strong> Jednodelni s elasti\u010dnom gumenom glavom za kontrolisane udarce<\/li>\n<li><strong>Materijal:<\/strong> Izdr\u017eljiva guma koja smanjuje o\u0161te\u0107enja na radnim povr\u0161inama<\/li>\n<\/ul>\n<p>Idealan je za majstore koji tra\u017ee alat koji pru\u017ea savr\u0161enu kombinaciju preciznosti i trajnosti.<\/p>\n","protected":false},"excerpt":{"rendered":"<p>Bihui RMWS24 je profesionalni gumeni \u010deki\u0107 dizajniran za precizno postavljanje plo\u010dica bez o\u0161te\u0107enja, s izdr\u017eljivom elasti\u010dnom gumenom glavom za dugotrajnu upotrebu.<\/p>\n","protected":false},"featured_media":41465,"comment_status":"open","ping_status":"closed","template":"","meta":[],"product_brand":[],"product_cat":[808],"product_tag":[],"class_list":{"0":"post-21167","1":"product","2":"type-product","3":"status-publish","4":"has-post-thumbnail","6":"product_cat-cekici","8":"first","9":"outofstock","10":"sale","11":"shipping-taxable","12":"purchasable","13":"product-type-simple"},"wooqr_code":"","_links":{"self":[{"href":"https:\/\/www.gkboje.ba\/en\/wp-json\/wp\/v2\/product\/21167","targetHints":{"allow":["GET"]}}],"collection":[{"href":"https:\/\/www.gkboje.ba\/en\/wp-json\/wp\/v2\/product"}],"about":[{"href":"https:\/\/www.gkboje.ba\/en\/wp-json\/wp\/v2\/types\/product"}],"replies":[{"embeddable":true,"href":"https:\/\/www.gkboje.ba\/en\/wp-json\/wp\/v2\/comments?post=21167"}],"version-history":[{"count":3,"href":"https:\/\/www.gkboje.ba\/en\/wp-json\/wp\/v2\/product\/21167\/revisions"}],"predecessor-version":[{"id":41469,"href":"https:\/\/www.gkboje.ba\/en\/wp-json\/wp\/v2\/product\/21167\/revisions\/41469"}],"wp:featuredmedia":[{"embeddable":true,"href":"https:\/\/www.gkboje.ba\/en\/wp-json\/wp\/v2\/media\/41465"}],"wp:attachment":[{"href":"https:\/\/www.gkboje.ba\/en\/wp-json\/wp\/v2\/media?parent=21167"}],"wp:term":[{"taxonomy":"product_brand","embeddable":true,"href":"https:\/\/www.gkboje.ba\/en\/wp-json\/wp\/v2\/product_brand?post=21167"},{"taxonomy":"product_cat","embeddable":true,"href":"https:\/\/www.gkboje.ba\/en\/wp-json\/wp\/v2\/product_cat?post=21167"},{"taxonomy":"product_tag","embeddable":true,"href":"https:\/\/www.gkboje.ba\/en\/wp-json\/wp\/v2\/product_tag?post=21167"}],"curies":[{"name":"wp","href":"https:\/\/api.w.org\/{rel}","templated":true}]}}