{"id":20511,"date":"2024-10-12T21:34:47","date_gmt":"2024-10-12T19:34:47","guid":{"rendered":"https:\/\/www.gkboje.ba\/proizvod\/sola-gradjevinska-spaga-clp-30\/"},"modified":"2025-12-01T00:54:31","modified_gmt":"2025-11-30T23:54:31","slug":"sola-gradjevinska-spaga-clp-30","status":"publish","type":"product","link":"https:\/\/www.gkboje.ba\/en\/proizvod\/sola-gradjevinska-spaga-clp-30\/","title":{"rendered":"Sola gra\u0111evinska \u0161paga CLP 30 m"},"content":{"rendered":"<h4><strong>SOLA CLP30 gra\u0111evinska \u0161paga 30 m<\/strong><\/h4>\n<p>Nudi izuzetno lagano i neuni\u0161tivo ku\u0107i\u0161te izra\u0111eno od magnezija, savr\u0161eno za dugotrajnu i pouzdanu upotrebu na gradili\u0161tima. Zahvaljuju\u0107i funkciji slobodnog namotavanja, linija se lako odvija pritiskom na osovinu ru\u010dke, a ubrzano namotavanje omogu\u0107ava pet puta br\u017ee namotavanje linije. Ovaj alat dolazi s velikim kapacitetom za puder za ozna\u010davanje i o\u010dvrsnutom zavr\u0161nom kukom, pru\u017eaju\u0107i dugotrajnost i otpornost. Tako\u0111er, integrisano skladi\u0161te za zavr\u0161nu kuku omogu\u0107ava prakti\u010dno i sigurno rukovanje.<\/p>\n<h5><strong>Klju\u010dne karakteristike:<\/strong><\/h5>\n<ul>\n<li>Lagano i neuni\u0161tivo magnezijsko ku\u0107i\u0161te<\/li>\n<li>Ubrzano namotavanje pet puta br\u017ee uz funkciju slobodnog namotavanja<\/li>\n<li>Veliki kapacitet za puder za ozna\u010davanje i o\u010dvrsnuta zavr\u0161na kuka<\/li>\n<\/ul>\n<h5><strong>Tehni\u010dki podaci:<\/strong><\/h5>\n<ul>\n<li>Du\u017eina: 30 m<\/li>\n<li>Materijal: Magnezijsko ku\u0107i\u0161te s premazom u prahu<\/li>\n<li>Boja ku\u0107i\u0161ta: Crvena\/crna<\/li>\n<li>Materijal linije: Poliester multifilament<\/li>\n<li>Brzina namotavanja: 5:1<\/li>\n<li>Maksimalna vla\u010dna snaga: 234 N (\u00b13%)<\/li>\n<li>Kop\u010da za remen: Nehr\u0111aju\u0107i \u010delik<\/li>\n<\/ul>\n<h5><strong>Pogodno za:<\/strong><\/h5>\n<ul>\n<li>Precizna ozna\u010davanja na gradili\u0161tima<\/li>\n<\/ul>\n<h5><strong>Za\u0161to odabrati Sola CLP30?<\/strong><\/h5>\n<p>Pru\u017ea dugotrajnu izdr\u017eljivost i visoku otpornost zahvaljuju\u0107i svojoj laganoj konstrukciji i br\u017eem namotavanju, \u010dine\u0107i ga savr\u0161enim alatom za svaki projekt.<\/p>\n","protected":false},"excerpt":{"rendered":"<p>Sola CLP30 gra\u0111evinska \u0161paga nudi izuzetno lagano i neuni\u0161tivo ku\u0107i\u0161te izra\u0111eno od magnezija, savr\u0161eno za dugotrajnu i pouzdanu upotrebu na gradili\u0161tima.<\/p>\n","protected":false},"featured_media":20428,"comment_status":"open","ping_status":"closed","template":"","meta":[],"product_brand":[],"product_cat":[770],"product_tag":[],"class_list":{"0":"post-20511","1":"product","2":"type-product","3":"status-publish","4":"has-post-thumbnail","6":"product_cat-gradjevinske-spage","8":"first","9":"instock","10":"sale","11":"shipping-taxable","12":"purchasable","13":"product-type-simple"},"wooqr_code":"","_links":{"self":[{"href":"https:\/\/www.gkboje.ba\/en\/wp-json\/wp\/v2\/product\/20511","targetHints":{"allow":["GET"]}}],"collection":[{"href":"https:\/\/www.gkboje.ba\/en\/wp-json\/wp\/v2\/product"}],"about":[{"href":"https:\/\/www.gkboje.ba\/en\/wp-json\/wp\/v2\/types\/product"}],"replies":[{"embeddable":true,"href":"https:\/\/www.gkboje.ba\/en\/wp-json\/wp\/v2\/comments?post=20511"}],"version-history":[{"count":4,"href":"https:\/\/www.gkboje.ba\/en\/wp-json\/wp\/v2\/product\/20511\/revisions"}],"predecessor-version":[{"id":20519,"href":"https:\/\/www.gkboje.ba\/en\/wp-json\/wp\/v2\/product\/20511\/revisions\/20519"}],"wp:featuredmedia":[{"embeddable":true,"href":"https:\/\/www.gkboje.ba\/en\/wp-json\/wp\/v2\/media\/20428"}],"wp:attachment":[{"href":"https:\/\/www.gkboje.ba\/en\/wp-json\/wp\/v2\/media?parent=20511"}],"wp:term":[{"taxonomy":"product_brand","embeddable":true,"href":"https:\/\/www.gkboje.ba\/en\/wp-json\/wp\/v2\/product_brand?post=20511"},{"taxonomy":"product_cat","embeddable":true,"href":"https:\/\/www.gkboje.ba\/en\/wp-json\/wp\/v2\/product_cat?post=20511"},{"taxonomy":"product_tag","embeddable":true,"href":"https:\/\/www.gkboje.ba\/en\/wp-json\/wp\/v2\/product_tag?post=20511"}],"curies":[{"name":"wp","href":"https:\/\/api.w.org\/{rel}","templated":true}]}}