{"id":20505,"date":"2024-10-12T21:34:39","date_gmt":"2024-10-12T19:34:39","guid":{"rendered":"https:\/\/www.gkboje.ba\/proizvod\/sola-prah-za-gradjevinsku-spagu-crveni-cpr-230-gr\/"},"modified":"2025-12-01T00:54:29","modified_gmt":"2025-11-30T23:54:29","slug":"sola-prah-za-gradjevinsku-spagu-crveni-cpr-230-gr","status":"publish","type":"product","link":"https:\/\/www.gkboje.ba\/en\/proizvod\/sola-prah-za-gradjevinsku-spagu-crveni-cpr-230-gr\/","title":{"rendered":"Sola prah za gra\u0111evinsku \u0161pagu crveni CPR 230 gr"},"content":{"rendered":"","protected":false},"excerpt":{"rendered":"<p>Sola crveni prah za gra\u0111evinsku \u0161pagu od 230 grama osigurava visoku vidljivost na svijetlim povr\u0161inama. Njegovo fino mljevenje omogu\u0107ava ravnomjernu isporuku boje, a puder se lako ispire nakon upotrebe. Idealan za precizna ozna\u010davanja na gradili\u0161tima.<\/p>\n","protected":false},"featured_media":20412,"comment_status":"open","ping_status":"closed","template":"","meta":[],"product_brand":[],"product_cat":[770],"product_tag":[],"class_list":{"0":"post-20505","1":"product","2":"type-product","3":"status-publish","4":"has-post-thumbnail","6":"product_cat-gradjevinske-spage","8":"first","9":"instock","10":"sale","11":"shipping-taxable","12":"purchasable","13":"product-type-simple"},"wooqr_code":"","_links":{"self":[{"href":"https:\/\/www.gkboje.ba\/en\/wp-json\/wp\/v2\/product\/20505","targetHints":{"allow":["GET"]}}],"collection":[{"href":"https:\/\/www.gkboje.ba\/en\/wp-json\/wp\/v2\/product"}],"about":[{"href":"https:\/\/www.gkboje.ba\/en\/wp-json\/wp\/v2\/types\/product"}],"replies":[{"embeddable":true,"href":"https:\/\/www.gkboje.ba\/en\/wp-json\/wp\/v2\/comments?post=20505"}],"version-history":[{"count":0,"href":"https:\/\/www.gkboje.ba\/en\/wp-json\/wp\/v2\/product\/20505\/revisions"}],"wp:featuredmedia":[{"embeddable":true,"href":"https:\/\/www.gkboje.ba\/en\/wp-json\/wp\/v2\/media\/20412"}],"wp:attachment":[{"href":"https:\/\/www.gkboje.ba\/en\/wp-json\/wp\/v2\/media?parent=20505"}],"wp:term":[{"taxonomy":"product_brand","embeddable":true,"href":"https:\/\/www.gkboje.ba\/en\/wp-json\/wp\/v2\/product_brand?post=20505"},{"taxonomy":"product_cat","embeddable":true,"href":"https:\/\/www.gkboje.ba\/en\/wp-json\/wp\/v2\/product_cat?post=20505"},{"taxonomy":"product_tag","embeddable":true,"href":"https:\/\/www.gkboje.ba\/en\/wp-json\/wp\/v2\/product_tag?post=20505"}],"curies":[{"name":"wp","href":"https:\/\/api.w.org\/{rel}","templated":true}]}}