{"id":20502,"date":"2024-10-12T21:34:38","date_gmt":"2024-10-12T19:34:38","guid":{"rendered":"https:\/\/www.gkboje.ba\/proizvod\/sola-set-gradjevinska-spaga-plavi-prah-clks\/"},"modified":"2025-12-01T00:54:29","modified_gmt":"2025-11-30T23:54:29","slug":"sola-set-gradjevinska-spaga-plavi-prah-clks","status":"publish","type":"product","link":"https:\/\/www.gkboje.ba\/en\/proizvod\/sola-set-gradjevinska-spaga-plavi-prah-clks\/","title":{"rendered":"Sola set gra\u0111evinska \u0161paga + plavi prah CLKS"},"content":{"rendered":"<p>Lagano i robusno ku\u0107i\u0161te s gumiranim premazom omogu\u0107ava udobno rukovanje, a prozor za pregled olak\u0161ava pra\u0107enje koli\u010dine pudera. Uz \u010dvrstu \u010deli\u010dnu ru\u010dku i integrirano skladi\u0161te za zavr\u0161nu kuku, ovaj set je idealan za precizna ozna\u010davanja na gradili\u0161tu.<\/p>\n","protected":false},"excerpt":{"rendered":"<p>Sola CLKS set B uklju\u010duje gra\u0111evinsku \u0161pagu s ubrzanim namotavanjem koje je \u0161est puta br\u017ee, te plavi prah za ozna\u010davanje od 230 grama.<\/p>\n","protected":false},"featured_media":20432,"comment_status":"open","ping_status":"closed","template":"","meta":[],"product_brand":[],"product_cat":[770],"product_tag":[],"class_list":{"0":"post-20502","1":"product","2":"type-product","3":"status-publish","4":"has-post-thumbnail","6":"product_cat-gradjevinske-spage","8":"first","9":"instock","10":"sale","11":"shipping-taxable","12":"purchasable","13":"product-type-simple"},"wooqr_code":"","_links":{"self":[{"href":"https:\/\/www.gkboje.ba\/en\/wp-json\/wp\/v2\/product\/20502","targetHints":{"allow":["GET"]}}],"collection":[{"href":"https:\/\/www.gkboje.ba\/en\/wp-json\/wp\/v2\/product"}],"about":[{"href":"https:\/\/www.gkboje.ba\/en\/wp-json\/wp\/v2\/types\/product"}],"replies":[{"embeddable":true,"href":"https:\/\/www.gkboje.ba\/en\/wp-json\/wp\/v2\/comments?post=20502"}],"version-history":[{"count":1,"href":"https:\/\/www.gkboje.ba\/en\/wp-json\/wp\/v2\/product\/20502\/revisions"}],"predecessor-version":[{"id":37989,"href":"https:\/\/www.gkboje.ba\/en\/wp-json\/wp\/v2\/product\/20502\/revisions\/37989"}],"wp:featuredmedia":[{"embeddable":true,"href":"https:\/\/www.gkboje.ba\/en\/wp-json\/wp\/v2\/media\/20432"}],"wp:attachment":[{"href":"https:\/\/www.gkboje.ba\/en\/wp-json\/wp\/v2\/media?parent=20502"}],"wp:term":[{"taxonomy":"product_brand","embeddable":true,"href":"https:\/\/www.gkboje.ba\/en\/wp-json\/wp\/v2\/product_brand?post=20502"},{"taxonomy":"product_cat","embeddable":true,"href":"https:\/\/www.gkboje.ba\/en\/wp-json\/wp\/v2\/product_cat?post=20502"},{"taxonomy":"product_tag","embeddable":true,"href":"https:\/\/www.gkboje.ba\/en\/wp-json\/wp\/v2\/product_tag?post=20502"}],"curies":[{"name":"wp","href":"https:\/\/api.w.org\/{rel}","templated":true}]}}