{"id":20501,"date":"2024-10-12T21:34:37","date_gmt":"2024-10-12T19:34:37","guid":{"rendered":"https:\/\/www.gkboje.ba\/proizvod\/sola-gradjevinska-spaga-clm-30-m\/"},"modified":"2025-12-01T00:54:29","modified_gmt":"2025-11-30T23:54:29","slug":"sola-gradjevinska-spaga-clm-30-m","status":"publish","type":"product","link":"https:\/\/www.gkboje.ba\/en\/proizvod\/sola-gradjevinska-spaga-clm-30-m\/","title":{"rendered":"Sola gra\u0111evinska \u0161paga CLM 30 m"},"content":{"rendered":"<p>Sola CLM30 gra\u0111evinska \u0161paga nudi izuzetno lagano i neuni\u0161tivo ku\u0107i\u0161te od magnezija, savr\u0161eno za dugotrajnu i pouzdanu upotrebu. Linija se lako odvija uz funkciju slobodnog namotavanja, a ure\u0111aj ima veliku kapacitet za puder za ozna\u010davanje. Opremljen je o\u010dvrsnutom zavr\u0161nom kukom i integriranim skladi\u0161tem za nju, \u0161to olak\u0161ava rad i skladi\u0161tenje.<\/p>\n","protected":false},"excerpt":{"rendered":"<p>Sola CLM30 gra\u0111evinska \u0161paga nudi izuzetno lagano i neuni\u0161tivo ku\u0107i\u0161te od magnezija, savr\u0161eno za dugotrajnu i pouzdanu upotrebu. Du\u017eina: 30 m.<\/p>\n","protected":false},"featured_media":20430,"comment_status":"open","ping_status":"closed","template":"","meta":[],"product_brand":[],"product_cat":[770],"product_tag":[],"class_list":{"0":"post-20501","1":"product","2":"type-product","3":"status-publish","4":"has-post-thumbnail","6":"product_cat-gradjevinske-spage","8":"first","9":"instock","10":"sale","11":"shipping-taxable","12":"purchasable","13":"product-type-simple"},"wooqr_code":"","_links":{"self":[{"href":"https:\/\/www.gkboje.ba\/en\/wp-json\/wp\/v2\/product\/20501","targetHints":{"allow":["GET"]}}],"collection":[{"href":"https:\/\/www.gkboje.ba\/en\/wp-json\/wp\/v2\/product"}],"about":[{"href":"https:\/\/www.gkboje.ba\/en\/wp-json\/wp\/v2\/types\/product"}],"replies":[{"embeddable":true,"href":"https:\/\/www.gkboje.ba\/en\/wp-json\/wp\/v2\/comments?post=20501"}],"version-history":[{"count":1,"href":"https:\/\/www.gkboje.ba\/en\/wp-json\/wp\/v2\/product\/20501\/revisions"}],"predecessor-version":[{"id":37992,"href":"https:\/\/www.gkboje.ba\/en\/wp-json\/wp\/v2\/product\/20501\/revisions\/37992"}],"wp:featuredmedia":[{"embeddable":true,"href":"https:\/\/www.gkboje.ba\/en\/wp-json\/wp\/v2\/media\/20430"}],"wp:attachment":[{"href":"https:\/\/www.gkboje.ba\/en\/wp-json\/wp\/v2\/media?parent=20501"}],"wp:term":[{"taxonomy":"product_brand","embeddable":true,"href":"https:\/\/www.gkboje.ba\/en\/wp-json\/wp\/v2\/product_brand?post=20501"},{"taxonomy":"product_cat","embeddable":true,"href":"https:\/\/www.gkboje.ba\/en\/wp-json\/wp\/v2\/product_cat?post=20501"},{"taxonomy":"product_tag","embeddable":true,"href":"https:\/\/www.gkboje.ba\/en\/wp-json\/wp\/v2\/product_tag?post=20501"}],"curies":[{"name":"wp","href":"https:\/\/api.w.org\/{rel}","templated":true}]}}