{"id":20500,"date":"2024-10-12T21:34:37","date_gmt":"2024-10-12T19:34:37","guid":{"rendered":"https:\/\/www.gkboje.ba\/proizvod\/sola-gradjevinska-spaga-clks-30-m\/"},"modified":"2025-12-01T00:54:29","modified_gmt":"2025-11-30T23:54:29","slug":"sola-gradjevinska-spaga-clks-30-m","status":"publish","type":"product","link":"https:\/\/www.gkboje.ba\/en\/proizvod\/sola-gradjevinska-spaga-clks-30-m\/","title":{"rendered":"Sola gra\u0111evinska \u0161paga CLKS 30 m"},"content":{"rendered":"<p>Sola CLKS 30 gra\u0111evinska \u0161paga nudi brzo i jednostavno namotavanje linije uz pomo\u0107 ubrzane ru\u010dke za namotavanje, koja je \u0161est puta br\u017ea. Lagano i robusno ku\u0107i\u0161te od plastike s gumiranim premazom omogu\u0107ava udobno rukovanje, dok prozor za pregled omogu\u0107ava brzo o\u010ditavanje koli\u010dine praga u ure\u0111aju. Opremljena je \u010dvrstom \u010deli\u010dnom ru\u010dkom i udobnim skladi\u0161nim mjestom za zavr\u0161nu kuku, a linija se lako odvija zahvaljuju\u0107i funkciji slobodnog namotavanja.<\/p>\n","protected":false},"excerpt":{"rendered":"<p>Sola CLKS 30 gra\u0111evinska \u0161paga nudi brzo i jednostavno namotavanje linije uz pomo\u0107 ubrzane ru\u010dke za namotavanje, koja je \u0161est puta br\u017ea. Du\u017eina: 30 m.<\/p>\n","protected":false},"featured_media":20424,"comment_status":"open","ping_status":"closed","template":"","meta":[],"product_brand":[],"product_cat":[770],"product_tag":[],"class_list":{"0":"post-20500","1":"product","2":"type-product","3":"status-publish","4":"has-post-thumbnail","6":"product_cat-gradjevinske-spage","8":"first","9":"instock","10":"sale","11":"shipping-taxable","12":"purchasable","13":"product-type-simple"},"wooqr_code":"","_links":{"self":[{"href":"https:\/\/www.gkboje.ba\/en\/wp-json\/wp\/v2\/product\/20500","targetHints":{"allow":["GET"]}}],"collection":[{"href":"https:\/\/www.gkboje.ba\/en\/wp-json\/wp\/v2\/product"}],"about":[{"href":"https:\/\/www.gkboje.ba\/en\/wp-json\/wp\/v2\/types\/product"}],"replies":[{"embeddable":true,"href":"https:\/\/www.gkboje.ba\/en\/wp-json\/wp\/v2\/comments?post=20500"}],"version-history":[{"count":0,"href":"https:\/\/www.gkboje.ba\/en\/wp-json\/wp\/v2\/product\/20500\/revisions"}],"wp:featuredmedia":[{"embeddable":true,"href":"https:\/\/www.gkboje.ba\/en\/wp-json\/wp\/v2\/media\/20424"}],"wp:attachment":[{"href":"https:\/\/www.gkboje.ba\/en\/wp-json\/wp\/v2\/media?parent=20500"}],"wp:term":[{"taxonomy":"product_brand","embeddable":true,"href":"https:\/\/www.gkboje.ba\/en\/wp-json\/wp\/v2\/product_brand?post=20500"},{"taxonomy":"product_cat","embeddable":true,"href":"https:\/\/www.gkboje.ba\/en\/wp-json\/wp\/v2\/product_cat?post=20500"},{"taxonomy":"product_tag","embeddable":true,"href":"https:\/\/www.gkboje.ba\/en\/wp-json\/wp\/v2\/product_tag?post=20500"}],"curies":[{"name":"wp","href":"https:\/\/api.w.org\/{rel}","templated":true}]}}