{"id":20499,"date":"2024-10-12T21:34:36","date_gmt":"2024-10-12T19:34:36","guid":{"rendered":"https:\/\/www.gkboje.ba\/proizvod\/sola-drveni-metar-2-m-hw2-10\/"},"modified":"2025-12-01T00:54:29","modified_gmt":"2025-11-30T23:54:29","slug":"sola-drveni-metar-2-m-hw2-10","status":"publish","type":"product","link":"https:\/\/www.gkboje.ba\/en\/proizvod\/sola-drveni-metar-2-m-hw2-10\/","title":{"rendered":"Sola drveni metar 2 m HW2\/10"},"content":{"rendered":"<p>Sola 2M HW2\/10 drveni metar izra\u0111en je od kvalitetnog bukovog drveta, pru\u017eaju\u0107i visoku otpornost i dugovje\u010dnost. Skriveni zglobovi omogu\u0107avaju lak\u0161e o\u010ditavanje, a za\u0161titni premaz \u0161titi metar od prljav\u0161tine, vlage i habanja. Zglobovi su izra\u0111eni od \u010delika s epoksi premazom, osiguravaju\u0107i optimalnu za\u0161titu od korozije. Ovaj metar nudi dvostrana mjerenja s mm\/cm podjelom, a zadovoljava EC klasu III preciznosti.<\/p>\n","protected":false},"excerpt":{"rendered":"<p>Sola 2M HW2\/10 drveni metar izra\u0111en je od kvalitetnog bukovog drveta, pru\u017eaju\u0107i visoku otpornost i dugovje\u010dnost.<\/p>\n","protected":false},"featured_media":20394,"comment_status":"open","ping_status":"closed","template":"","meta":[],"product_brand":[],"product_cat":[868],"product_tag":[],"class_list":{"0":"post-20499","1":"product","2":"type-product","3":"status-publish","4":"has-post-thumbnail","6":"product_cat-metrovi-mjerne-trake-i-tockovi","8":"first","9":"instock","10":"sale","11":"shipping-taxable","12":"purchasable","13":"product-type-simple"},"wooqr_code":"","_links":{"self":[{"href":"https:\/\/www.gkboje.ba\/en\/wp-json\/wp\/v2\/product\/20499","targetHints":{"allow":["GET"]}}],"collection":[{"href":"https:\/\/www.gkboje.ba\/en\/wp-json\/wp\/v2\/product"}],"about":[{"href":"https:\/\/www.gkboje.ba\/en\/wp-json\/wp\/v2\/types\/product"}],"replies":[{"embeddable":true,"href":"https:\/\/www.gkboje.ba\/en\/wp-json\/wp\/v2\/comments?post=20499"}],"version-history":[{"count":0,"href":"https:\/\/www.gkboje.ba\/en\/wp-json\/wp\/v2\/product\/20499\/revisions"}],"wp:featuredmedia":[{"embeddable":true,"href":"https:\/\/www.gkboje.ba\/en\/wp-json\/wp\/v2\/media\/20394"}],"wp:attachment":[{"href":"https:\/\/www.gkboje.ba\/en\/wp-json\/wp\/v2\/media?parent=20499"}],"wp:term":[{"taxonomy":"product_brand","embeddable":true,"href":"https:\/\/www.gkboje.ba\/en\/wp-json\/wp\/v2\/product_brand?post=20499"},{"taxonomy":"product_cat","embeddable":true,"href":"https:\/\/www.gkboje.ba\/en\/wp-json\/wp\/v2\/product_cat?post=20499"},{"taxonomy":"product_tag","embeddable":true,"href":"https:\/\/www.gkboje.ba\/en\/wp-json\/wp\/v2\/product_tag?post=20499"}],"curies":[{"name":"wp","href":"https:\/\/api.w.org\/{rel}","templated":true}]}}