{"id":20496,"date":"2024-10-12T21:34:35","date_gmt":"2024-10-12T19:34:35","guid":{"rendered":"https:\/\/www.gkboje.ba\/proizvod\/sola-drveni-metar-2-m-h2-10\/"},"modified":"2025-12-01T00:54:29","modified_gmt":"2025-11-30T23:54:29","slug":"sola-drveni-metar-2-m-h2-10","status":"publish","type":"product","link":"https:\/\/www.gkboje.ba\/en\/proizvod\/sola-drveni-metar-2-m-h2-10\/","title":{"rendered":"Sola drveni metar 2 m H2\/10"},"content":{"rendered":"<p>Sola drveni metar 2M H2\/10 izra\u0111en je od biranog sjevernoeuropskog brezinog drveta, pru\u017eaju\u0107i izdr\u017eljivost i preciznost. Ovaj metar ima 10 dijelova s dvostrukim mjerenjima na obje strane, a skala je jasna i \u010ditljiva s crnom cm\/mm skalom i crvenim dm oznakama. Za\u0161titni sloj otporan na vlagu i prljav\u0161tinu, te UV o\u010dvr\u0161\u0107avanje osiguravaju dugotrajnost. Zglobovi su izra\u0111eni od visokokvalitetnog \u0161vedskog \u010delika s epoksi premazom, a skriveni zglobovi omogu\u0107avaju lak\u0161e o\u010ditavanje. Idealan je za stolare i druge precizne radove, a zadovoljava EC klasu III preciznosti, iako nije kalibriran.<\/p>\n","protected":false},"excerpt":{"rendered":"<p>Sola 2M H2\/10 drveni metar izra\u0111en je od biranog sjevernoeuropskog brezinog drveta, pru\u017eaju\u0107i izdr\u017eljivost i preciznost.<\/p>\n","protected":false},"featured_media":20396,"comment_status":"open","ping_status":"closed","template":"","meta":[],"product_brand":[],"product_cat":[868],"product_tag":[],"class_list":{"0":"post-20496","1":"product","2":"type-product","3":"status-publish","4":"has-post-thumbnail","6":"product_cat-metrovi-mjerne-trake-i-tockovi","8":"first","9":"instock","10":"sale","11":"shipping-taxable","12":"purchasable","13":"product-type-simple"},"wooqr_code":"","_links":{"self":[{"href":"https:\/\/www.gkboje.ba\/en\/wp-json\/wp\/v2\/product\/20496","targetHints":{"allow":["GET"]}}],"collection":[{"href":"https:\/\/www.gkboje.ba\/en\/wp-json\/wp\/v2\/product"}],"about":[{"href":"https:\/\/www.gkboje.ba\/en\/wp-json\/wp\/v2\/types\/product"}],"replies":[{"embeddable":true,"href":"https:\/\/www.gkboje.ba\/en\/wp-json\/wp\/v2\/comments?post=20496"}],"version-history":[{"count":1,"href":"https:\/\/www.gkboje.ba\/en\/wp-json\/wp\/v2\/product\/20496\/revisions"}],"predecessor-version":[{"id":37987,"href":"https:\/\/www.gkboje.ba\/en\/wp-json\/wp\/v2\/product\/20496\/revisions\/37987"}],"wp:featuredmedia":[{"embeddable":true,"href":"https:\/\/www.gkboje.ba\/en\/wp-json\/wp\/v2\/media\/20396"}],"wp:attachment":[{"href":"https:\/\/www.gkboje.ba\/en\/wp-json\/wp\/v2\/media?parent=20496"}],"wp:term":[{"taxonomy":"product_brand","embeddable":true,"href":"https:\/\/www.gkboje.ba\/en\/wp-json\/wp\/v2\/product_brand?post=20496"},{"taxonomy":"product_cat","embeddable":true,"href":"https:\/\/www.gkboje.ba\/en\/wp-json\/wp\/v2\/product_cat?post=20496"},{"taxonomy":"product_tag","embeddable":true,"href":"https:\/\/www.gkboje.ba\/en\/wp-json\/wp\/v2\/product_tag?post=20496"}],"curies":[{"name":"wp","href":"https:\/\/api.w.org\/{rel}","templated":true}]}}