{"id":20494,"date":"2024-10-12T21:34:34","date_gmt":"2024-10-12T19:34:34","guid":{"rendered":"https:\/\/www.gkboje.ba\/proizvod\/sola-gradjevinska-olovka-ub-24\/"},"modified":"2025-12-01T00:54:28","modified_gmt":"2025-11-30T23:54:28","slug":"sola-gradjevinska-olovka-ub-24","status":"publish","type":"product","link":"https:\/\/www.gkboje.ba\/en\/proizvod\/sola-gradjevinska-olovka-ub-24\/","title":{"rendered":"Sola gra\u0111evinska olovka UB 24"},"content":{"rendered":"","protected":false},"excerpt":{"rendered":"<p>Sola UB 24 gra\u0111evinska olovka savr\u0161en je alat za precizno ozna\u010davanje na raznim materijalima. Idealna za kori\u0161tenje na plo\u010dicama, keramici i plastici. Te\u0161ko se lomi, ostaje na svim povr\u0161inama.<\/p>\n","protected":false},"featured_media":20442,"comment_status":"open","ping_status":"closed","template":"","meta":[],"product_brand":[],"product_cat":[809],"product_tag":[],"class_list":{"0":"post-20494","1":"product","2":"type-product","3":"status-publish","4":"has-post-thumbnail","6":"product_cat-alat-za-obiljezavanje","8":"first","9":"instock","10":"sale","11":"shipping-taxable","12":"purchasable","13":"product-type-simple"},"wooqr_code":"","_links":{"self":[{"href":"https:\/\/www.gkboje.ba\/en\/wp-json\/wp\/v2\/product\/20494","targetHints":{"allow":["GET"]}}],"collection":[{"href":"https:\/\/www.gkboje.ba\/en\/wp-json\/wp\/v2\/product"}],"about":[{"href":"https:\/\/www.gkboje.ba\/en\/wp-json\/wp\/v2\/types\/product"}],"replies":[{"embeddable":true,"href":"https:\/\/www.gkboje.ba\/en\/wp-json\/wp\/v2\/comments?post=20494"}],"version-history":[{"count":0,"href":"https:\/\/www.gkboje.ba\/en\/wp-json\/wp\/v2\/product\/20494\/revisions"}],"wp:featuredmedia":[{"embeddable":true,"href":"https:\/\/www.gkboje.ba\/en\/wp-json\/wp\/v2\/media\/20442"}],"wp:attachment":[{"href":"https:\/\/www.gkboje.ba\/en\/wp-json\/wp\/v2\/media?parent=20494"}],"wp:term":[{"taxonomy":"product_brand","embeddable":true,"href":"https:\/\/www.gkboje.ba\/en\/wp-json\/wp\/v2\/product_brand?post=20494"},{"taxonomy":"product_cat","embeddable":true,"href":"https:\/\/www.gkboje.ba\/en\/wp-json\/wp\/v2\/product_cat?post=20494"},{"taxonomy":"product_tag","embeddable":true,"href":"https:\/\/www.gkboje.ba\/en\/wp-json\/wp\/v2\/product_tag?post=20494"}],"curies":[{"name":"wp","href":"https:\/\/api.w.org\/{rel}","templated":true}]}}