{"id":20485,"date":"2024-10-12T21:34:30","date_gmt":"2024-10-12T19:34:30","guid":{"rendered":"https:\/\/www.gkboje.ba\/proizvod\/sola-celicni-metar-popular-pp-3-m\/"},"modified":"2025-12-01T00:54:28","modified_gmt":"2025-11-30T23:54:28","slug":"sola-celicni-metar-popular-pp-3-m","status":"publish","type":"product","link":"https:\/\/www.gkboje.ba\/en\/proizvod\/sola-celicni-metar-popular-pp-3-m\/","title":{"rendered":"Sola \u010deli\u010dni metar popular PP 3 m"},"content":{"rendered":"","protected":false},"excerpt":{"rendered":"<p>Sola \u010deli\u010dni metar Popular. Pouzdan i prakti\u010dan metar za svakodnevnu upotrebu, idealan za profesionalce i &#8220;uradi sam&#8221; projekte.<\/p>\n","protected":false},"featured_media":20408,"comment_status":"open","ping_status":"closed","template":"","meta":[],"product_brand":[],"product_cat":[868],"product_tag":[],"class_list":{"0":"post-20485","1":"product","2":"type-product","3":"status-publish","4":"has-post-thumbnail","6":"product_cat-metrovi-mjerne-trake-i-tockovi","8":"first","9":"instock","10":"sale","11":"shipping-taxable","12":"purchasable","13":"product-type-simple"},"wooqr_code":"","_links":{"self":[{"href":"https:\/\/www.gkboje.ba\/en\/wp-json\/wp\/v2\/product\/20485","targetHints":{"allow":["GET"]}}],"collection":[{"href":"https:\/\/www.gkboje.ba\/en\/wp-json\/wp\/v2\/product"}],"about":[{"href":"https:\/\/www.gkboje.ba\/en\/wp-json\/wp\/v2\/types\/product"}],"replies":[{"embeddable":true,"href":"https:\/\/www.gkboje.ba\/en\/wp-json\/wp\/v2\/comments?post=20485"}],"version-history":[{"count":1,"href":"https:\/\/www.gkboje.ba\/en\/wp-json\/wp\/v2\/product\/20485\/revisions"}],"predecessor-version":[{"id":37986,"href":"https:\/\/www.gkboje.ba\/en\/wp-json\/wp\/v2\/product\/20485\/revisions\/37986"}],"wp:featuredmedia":[{"embeddable":true,"href":"https:\/\/www.gkboje.ba\/en\/wp-json\/wp\/v2\/media\/20408"}],"wp:attachment":[{"href":"https:\/\/www.gkboje.ba\/en\/wp-json\/wp\/v2\/media?parent=20485"}],"wp:term":[{"taxonomy":"product_brand","embeddable":true,"href":"https:\/\/www.gkboje.ba\/en\/wp-json\/wp\/v2\/product_brand?post=20485"},{"taxonomy":"product_cat","embeddable":true,"href":"https:\/\/www.gkboje.ba\/en\/wp-json\/wp\/v2\/product_cat?post=20485"},{"taxonomy":"product_tag","embeddable":true,"href":"https:\/\/www.gkboje.ba\/en\/wp-json\/wp\/v2\/product_tag?post=20485"}],"curies":[{"name":"wp","href":"https:\/\/api.w.org\/{rel}","templated":true}]}}