{"id":20483,"date":"2024-10-12T21:34:29","date_gmt":"2024-10-12T19:34:29","guid":{"rendered":"https:\/\/www.gkboje.ba\/proizvod\/sola-aluminijska-t-letva-2-m\/"},"modified":"2025-12-01T00:54:28","modified_gmt":"2025-11-30T23:54:28","slug":"sola-aluminijska-t-letva-2-m","status":"publish","type":"product","link":"https:\/\/www.gkboje.ba\/en\/proizvod\/sola-aluminijska-t-letva-2-m\/","title":{"rendered":"Sola aluminijska T &#8211; letva 2 m"},"content":{"rendered":"<h4><strong>Sola T &#8211; Letva 200 cm<\/strong><\/h4>\n<p>Nudi visoku preciznost i izdr\u017eljivost zahvaljuju\u0107i svom ergonomski dizajniranom aluminijskom T-profilu. Ova letva je izuzetno stabilna i otporna na torziju, \u0161to je \u010dini idealnom za zahtjevne gra\u0111evinske projekte.<\/p>\n<h5><strong>Klju\u010dne karakteristike:<\/strong><\/h5>\n<ul>\n<li>Ergonomski dizajniran aluminijski T-profil<\/li>\n<li>Torzijski stabilan profil za maksimalnu preciznost<\/li>\n<li>Lagani, ali robusni materijal za dugotrajnu upotrebu<\/li>\n<\/ul>\n<h5><strong>Tehni\u010dki podaci:<\/strong><\/h5>\n<ul>\n<li>Du\u017eina: 200 cm<\/li>\n<li>Dimenzije: 98 x 17 mm<\/li>\n<li>Materijal: Aluminijski T-profil<\/li>\n<li>Boja: Siva<\/li>\n<li>Te\u017eina profila: 680 g\/m<\/li>\n<\/ul>\n","protected":false},"excerpt":{"rendered":"<p>Sola T &#8211; letva ima stabilan aluminijski T-profil koji osigurava dugotrajnu preciznost i izdr\u017eljivost. Njena \u010dvrsta konstrukcija pru\u017ea pouzdano kori\u0161tenje na gra\u0111evinskim projektima.<\/p>\n","protected":false},"featured_media":20440,"comment_status":"open","ping_status":"closed","template":"","meta":[],"product_brand":[],"product_cat":[765],"product_tag":[],"class_list":{"0":"post-20483","1":"product","2":"type-product","3":"status-publish","4":"has-post-thumbnail","6":"product_cat-letve","8":"first","9":"instock","10":"sale","11":"shipping-taxable","12":"purchasable","13":"product-type-simple"},"wooqr_code":"","_links":{"self":[{"href":"https:\/\/www.gkboje.ba\/en\/wp-json\/wp\/v2\/product\/20483","targetHints":{"allow":["GET"]}}],"collection":[{"href":"https:\/\/www.gkboje.ba\/en\/wp-json\/wp\/v2\/product"}],"about":[{"href":"https:\/\/www.gkboje.ba\/en\/wp-json\/wp\/v2\/types\/product"}],"replies":[{"embeddable":true,"href":"https:\/\/www.gkboje.ba\/en\/wp-json\/wp\/v2\/comments?post=20483"}],"version-history":[{"count":2,"href":"https:\/\/www.gkboje.ba\/en\/wp-json\/wp\/v2\/product\/20483\/revisions"}],"predecessor-version":[{"id":20524,"href":"https:\/\/www.gkboje.ba\/en\/wp-json\/wp\/v2\/product\/20483\/revisions\/20524"}],"wp:featuredmedia":[{"embeddable":true,"href":"https:\/\/www.gkboje.ba\/en\/wp-json\/wp\/v2\/media\/20440"}],"wp:attachment":[{"href":"https:\/\/www.gkboje.ba\/en\/wp-json\/wp\/v2\/media?parent=20483"}],"wp:term":[{"taxonomy":"product_brand","embeddable":true,"href":"https:\/\/www.gkboje.ba\/en\/wp-json\/wp\/v2\/product_brand?post=20483"},{"taxonomy":"product_cat","embeddable":true,"href":"https:\/\/www.gkboje.ba\/en\/wp-json\/wp\/v2\/product_cat?post=20483"},{"taxonomy":"product_tag","embeddable":true,"href":"https:\/\/www.gkboje.ba\/en\/wp-json\/wp\/v2\/product_tag?post=20483"}],"curies":[{"name":"wp","href":"https:\/\/api.w.org\/{rel}","templated":true}]}}