{"id":20478,"date":"2024-10-12T21:34:26","date_gmt":"2024-10-12T19:34:26","guid":{"rendered":"https:\/\/www.gkboje.ba\/proizvod\/sola-aluminijska-letva-2-m\/"},"modified":"2025-12-01T00:54:28","modified_gmt":"2025-11-30T23:54:28","slug":"sola-aluminijska-letva-2-m","status":"publish","type":"product","link":"https:\/\/www.gkboje.ba\/en\/proizvod\/sola-aluminijska-letva-2-m\/","title":{"rendered":"Sola aluminijska letva 2 m"},"content":{"rendered":"<h4><strong>Sola SLN 1 letva &#8211; libela 200 cm<\/strong><\/h4>\n<p>Sola libela nudi izuzetnu preciznost mjerenja i dugotrajnu izdr\u017eljivost zahvaljuju\u0107i svom robusnom aluminijskom dvostrukom profilu. Opremljena je patentiranim FOCUS balon\u010di\u0107ima koji omogu\u0107avaju br\u017ee i preciznije o\u010ditavanje, \u010dak i u uvjetima slabog osvjetljenja. Balon\u010di\u0107i su izra\u0111eni od neuni\u0161tivog akrilnog stakla s 30-godi\u0161njom garancijom protiv curenja, dok krajnje kape apsorbiraju udarce kako bi produ\u017eile vijek trajanja libele.<\/p>\n<h5><strong>Klju\u010dne karakteristike:<\/strong><\/h5>\n<ul>\n<li>Visoka preciznost mjerenja s horizontalnim balon\u010di\u0107em<\/li>\n<li>Robusni profil od aluminijske legure za dug vijek trajanja<\/li>\n<li>Neuni\u0161tivi akrilni balon\u010di\u0107i s 30-godi\u0161njom garancijom protiv curenja<\/li>\n<li>Krajnje kape koje apsorbiraju udarce za dodatnu izdr\u017eljivost<\/li>\n<li>Bolje \u010ditljivost pri slabom osvjetljenju zahvaljuju\u0107i optimiziranoj Sola svjetlosnoj plo\u010di<\/li>\n<\/ul>\n<h5><strong>Tehni\u010dki podaci:<\/strong><\/h5>\n<ul>\n<li>Du\u017eina: 200 cm<\/li>\n<li>Dimenzije: 80 x 18 mm<\/li>\n<li>Materijal: Aluminijski dvostruki profil<\/li>\n<li>Te\u017eina profila: 770 g\/m<\/li>\n<li>Tolerancija mjerenja, standardna pozicija: 0.75 mm\/m (0.043\u00b0)<\/li>\n<li>Broj horizontalnih balon\u010di\u0107a: 1<\/li>\n<li>Kapa: 1-K za apsorpciju udaraca<\/li>\n<\/ul>\n<h5><strong>Pogodno za:<\/strong><\/h5>\n<ul>\n<li>Horizontalna mjerenja u gra\u0111evinskim radovima<\/li>\n<\/ul>\n<h5><strong>Za\u0161to odabrati Sola SLN1?<\/strong><\/h5>\n<p>Sola libela osigurava visoku preciznost i dugotrajnu izdr\u017eljivost zahvaljuju\u0107i svom robusnom aluminijskom profilu, uz dodatne prednosti FOCUS balon\u010di\u0107a za bolje o\u010ditavanje i otpornost na udarce.<\/p>\n","protected":false},"excerpt":{"rendered":"<p>Sola SLN 1 letva &#8211; libela nudi visoku preciznost mjerenja s robusnim aluminijskim profilom za dugotrajnu upotrebu. Opremljena je FOCUS balon\u010di\u0107ima za br\u017ee i preciznije o\u010ditavanje, te akrilnim balon\u010di\u0107ima s 30-godi\u0161njom garancijom protiv curenja.<\/p>\n","protected":false},"featured_media":20420,"comment_status":"open","ping_status":"closed","template":"","meta":[],"product_brand":[],"product_cat":[888],"product_tag":[],"class_list":{"0":"post-20478","1":"product","2":"type-product","3":"status-publish","4":"has-post-thumbnail","6":"product_cat-libele-vaservage","8":"first","9":"instock","10":"sale","11":"shipping-taxable","12":"purchasable","13":"product-type-simple"},"wooqr_code":"","_links":{"self":[{"href":"https:\/\/www.gkboje.ba\/en\/wp-json\/wp\/v2\/product\/20478","targetHints":{"allow":["GET"]}}],"collection":[{"href":"https:\/\/www.gkboje.ba\/en\/wp-json\/wp\/v2\/product"}],"about":[{"href":"https:\/\/www.gkboje.ba\/en\/wp-json\/wp\/v2\/types\/product"}],"replies":[{"embeddable":true,"href":"https:\/\/www.gkboje.ba\/en\/wp-json\/wp\/v2\/comments?post=20478"}],"version-history":[{"count":2,"href":"https:\/\/www.gkboje.ba\/en\/wp-json\/wp\/v2\/product\/20478\/revisions"}],"predecessor-version":[{"id":20531,"href":"https:\/\/www.gkboje.ba\/en\/wp-json\/wp\/v2\/product\/20478\/revisions\/20531"}],"wp:featuredmedia":[{"embeddable":true,"href":"https:\/\/www.gkboje.ba\/en\/wp-json\/wp\/v2\/media\/20420"}],"wp:attachment":[{"href":"https:\/\/www.gkboje.ba\/en\/wp-json\/wp\/v2\/media?parent=20478"}],"wp:term":[{"taxonomy":"product_brand","embeddable":true,"href":"https:\/\/www.gkboje.ba\/en\/wp-json\/wp\/v2\/product_brand?post=20478"},{"taxonomy":"product_cat","embeddable":true,"href":"https:\/\/www.gkboje.ba\/en\/wp-json\/wp\/v2\/product_cat?post=20478"},{"taxonomy":"product_tag","embeddable":true,"href":"https:\/\/www.gkboje.ba\/en\/wp-json\/wp\/v2\/product_tag?post=20478"}],"curies":[{"name":"wp","href":"https:\/\/api.w.org\/{rel}","templated":true}]}}