{"id":20475,"date":"2024-10-12T21:34:20","date_gmt":"2024-10-12T19:34:20","guid":{"rendered":"https:\/\/www.gkboje.ba\/proizvod\/sola-libela-vaservaga-ptm-5-20-magnet\/"},"modified":"2025-12-01T00:54:25","modified_gmt":"2025-11-30T23:54:25","slug":"sola-libela-vaservaga-ptm-5-20-magnet","status":"publish","type":"product","link":"https:\/\/www.gkboje.ba\/en\/proizvod\/sola-libela-vaservaga-ptm-5-20-magnet\/","title":{"rendered":"Sola libela &#8211; vaservaga PTM 5 20 magnet"},"content":{"rendered":"<h4><strong>Sola PTM 5 20 Libela &#8211; Vaser vaga<\/strong><\/h4>\n<p>Sa Sola PTM 5 20 libelom, spremni ste za svaki projekt, bilo da je veliki ili mali. Ova libela osigurava da va\u0161 rad izgleda profesionalno i precizno. Kompaktna i lagana, savr\u0161ena je za no\u0161enje na svaki posao, dok magnetna traka pru\u017ea sna\u017eno prianjanje na metalne povr\u0161ine. <\/p>\n<h5><strong>Klju\u010dne karakteristike:<\/strong><\/h5>\n<ul>\n<li>Kompaktan i lagan dizajn<\/li>\n<li>Magnetna traka za sna\u017eno prianjanje<\/li>\n<li>Neuni\u0161tivi balon\u010di\u0107i od akrilnog stakla<\/li>\n<li>Otporna na vodu, toplotu i hladno\u0107u<\/li>\n<\/ul>\n<h5><strong>Tehni\u010dki podaci:<\/strong><\/h5>\n<ul>\n<li>Du\u017eina: 200 mm<\/li>\n<li>Materijal: ABS plastika<\/li>\n<li>Tolerancija mjerenja, standardna pozicija: 1.50 mm\/m (0.086\u00b0)<\/li>\n<li>Broj horizontalnih libela: 1<\/li>\n<li>Broj vertikalnih libela: 1<\/li>\n<li>Magnetna traka za prianjanje na metalne povr\u0161ine<\/li>\n<\/ul>\n<h5><strong>Pogodno za:<\/strong><\/h5>\n<ul>\n<li>Horizontalna i vertikalna mjerenja<\/li>\n<li>Mjerenje nagiba i kuta<\/li>\n<li>Rad na metalnim povr\u0161inama zahvaljuju\u0107i magnetnoj traci<\/li>\n<\/ul>\n<h5><strong>Za\u0161to odabrati Sola PTM 5 20?<\/strong><\/h5>\n<p>Sola PTM 5 20 Torpedo libela pru\u017ea preciznost i trajnost, idealna za profesionalne gra\u0111evinare i &#8220;uradi sam&#8221; entuzijaste. Kompaktna veli\u010dina i otpornost na vremenske uvjete \u010dine je savr\u0161enim alatom za svaki projekt.<\/p>\n","protected":false},"excerpt":{"rendered":"<p>Sola PTM 5 20 libela je kompaktna i lagana, idealna za precizna mjerenja u razli\u010ditim uvjetima, uz sna\u017eno prianjanje na metalne povr\u0161ine zahvaljuju\u0107i magnetnoj traci. Izdr\u017eljiva je i otporna na vodu, toplotu i hladno\u0107u.<\/p>\n","protected":false},"featured_media":20416,"comment_status":"open","ping_status":"closed","template":"","meta":[],"product_brand":[],"product_cat":[888],"product_tag":[],"class_list":{"0":"post-20475","1":"product","2":"type-product","3":"status-publish","4":"has-post-thumbnail","6":"product_cat-libele-vaservage","8":"first","9":"instock","10":"sale","11":"shipping-taxable","12":"purchasable","13":"product-type-simple"},"wooqr_code":"","_links":{"self":[{"href":"https:\/\/www.gkboje.ba\/en\/wp-json\/wp\/v2\/product\/20475","targetHints":{"allow":["GET"]}}],"collection":[{"href":"https:\/\/www.gkboje.ba\/en\/wp-json\/wp\/v2\/product"}],"about":[{"href":"https:\/\/www.gkboje.ba\/en\/wp-json\/wp\/v2\/types\/product"}],"replies":[{"embeddable":true,"href":"https:\/\/www.gkboje.ba\/en\/wp-json\/wp\/v2\/comments?post=20475"}],"version-history":[{"count":0,"href":"https:\/\/www.gkboje.ba\/en\/wp-json\/wp\/v2\/product\/20475\/revisions"}],"wp:featuredmedia":[{"embeddable":true,"href":"https:\/\/www.gkboje.ba\/en\/wp-json\/wp\/v2\/media\/20416"}],"wp:attachment":[{"href":"https:\/\/www.gkboje.ba\/en\/wp-json\/wp\/v2\/media?parent=20475"}],"wp:term":[{"taxonomy":"product_brand","embeddable":true,"href":"https:\/\/www.gkboje.ba\/en\/wp-json\/wp\/v2\/product_brand?post=20475"},{"taxonomy":"product_cat","embeddable":true,"href":"https:\/\/www.gkboje.ba\/en\/wp-json\/wp\/v2\/product_cat?post=20475"},{"taxonomy":"product_tag","embeddable":true,"href":"https:\/\/www.gkboje.ba\/en\/wp-json\/wp\/v2\/product_tag?post=20475"}],"curies":[{"name":"wp","href":"https:\/\/api.w.org\/{rel}","templated":true}]}}