{"id":20474,"date":"2024-10-12T21:34:20","date_gmt":"2024-10-12T19:34:20","guid":{"rendered":"https:\/\/www.gkboje.ba\/proizvod\/sola-libela-vaservaga-pt-5-20-cm\/"},"modified":"2025-12-01T00:54:25","modified_gmt":"2025-11-30T23:54:25","slug":"sola-libela-vaservaga-pt-5-20-cm","status":"publish","type":"product","link":"https:\/\/www.gkboje.ba\/en\/proizvod\/sola-libela-vaservaga-pt-5-20-cm\/","title":{"rendered":"Sola libela &#8211; vaservaga PT 5 20 cm"},"content":{"rendered":"<h4><strong>SOLA PT 5 Libela &#8211; Vaser vaga<\/strong><\/h4>\n<p>SOLA PT 5 libela je kompaktna, lagana i jednostavna za kori\u0161tenje, pru\u017eaju\u0107i pouzdano mjerenje u razli\u010ditim uvjetima. Ova libela je otporna na vodu, toplotu i hladno\u0107u, s balon\u010di\u0107ima izra\u0111enim od neuni\u0161tivog akrilnog stakla, \u0161to osigurava dugotrajnu preciznost. Mjerna povr\u0161ina opremljena je prakti\u010dnim V-utorom za cijevi, \u0161to je \u010dini idealnom za razli\u010dite zadatke mjerenja. <\/p>\n<h5><strong>Klju\u010dne karakteristike:<\/strong><\/h5>\n<ul>\n<li>Kompaktan i lagan dizajn za jednostavno kori\u0161tenje<\/li>\n<li>Neuni\u0161tivi balon\u010di\u0107i izra\u0111eni od akrilnog stakla<\/li>\n<li>V-utor na mjernoj povr\u0161ini za precizno mjerenje cijevi<\/li>\n<li>Otporna na vodu, toplotu i hladno\u0107u<\/li>\n<\/ul>\n<h5><strong>Tehni\u010dki podaci:<\/strong><\/h5>\n<ul>\n<li>Dimenzije: 37 x 15 mm<\/li>\n<li>Materijal: ABS plastika<\/li>\n<li>Boja: Crvena<\/li>\n<li>Tolerancija mjerenja, standardna pozicija: 1.50 mm\/m (0.086\u00b0)<\/li>\n<li>Broj horizontalnih libela: 1<\/li>\n<li>Broj vertikalnih libela: 1<\/li>\n<li>Posebna karakteristika: 45\u00b0 kutna libela<\/li>\n<li>Mjerna povr\u0161ina: Plastika s V-utorom<\/li>\n<\/ul>\n<h5><strong>Pogodno za:<\/strong><\/h5>\n<ul>\n<li>Horizontalna, vertikalna i kutna mjerenja<\/li>\n<li>Mjerenje cijevi zahvaljuju\u0107i V-utoru<\/li>\n<\/ul>\n<h5><strong>Za\u0161to odabrati SOLA PT 5?<\/strong><\/h5>\n<p>SOLA PT 5 libela nudi preciznost, izdr\u017eljivost i prakti\u010dnost u kompaktnom dizajnu, idealna za sve vrste mjerenja, uklju\u010duju\u0107i cijevi i kuteve.<\/p>\n","protected":false},"excerpt":{"rendered":"<p>Sola PT 5 libela je kompaktna, lagana i izdr\u017eljiva, idealna za horizontalna, vertikalna i kutna mjerenja. Opremljena je V-utorom za cijevi i balon\u010di\u0107ima izra\u0111enim od akrilnog stakla.<\/p>\n","protected":false},"featured_media":20414,"comment_status":"open","ping_status":"closed","template":"","meta":[],"product_brand":[],"product_cat":[888],"product_tag":[],"class_list":{"0":"post-20474","1":"product","2":"type-product","3":"status-publish","4":"has-post-thumbnail","6":"product_cat-libele-vaservage","8":"first","9":"instock","10":"sale","11":"shipping-taxable","12":"purchasable","13":"product-type-simple"},"wooqr_code":"","_links":{"self":[{"href":"https:\/\/www.gkboje.ba\/en\/wp-json\/wp\/v2\/product\/20474","targetHints":{"allow":["GET"]}}],"collection":[{"href":"https:\/\/www.gkboje.ba\/en\/wp-json\/wp\/v2\/product"}],"about":[{"href":"https:\/\/www.gkboje.ba\/en\/wp-json\/wp\/v2\/types\/product"}],"replies":[{"embeddable":true,"href":"https:\/\/www.gkboje.ba\/en\/wp-json\/wp\/v2\/comments?post=20474"}],"version-history":[{"count":0,"href":"https:\/\/www.gkboje.ba\/en\/wp-json\/wp\/v2\/product\/20474\/revisions"}],"wp:featuredmedia":[{"embeddable":true,"href":"https:\/\/www.gkboje.ba\/en\/wp-json\/wp\/v2\/media\/20414"}],"wp:attachment":[{"href":"https:\/\/www.gkboje.ba\/en\/wp-json\/wp\/v2\/media?parent=20474"}],"wp:term":[{"taxonomy":"product_brand","embeddable":true,"href":"https:\/\/www.gkboje.ba\/en\/wp-json\/wp\/v2\/product_brand?post=20474"},{"taxonomy":"product_cat","embeddable":true,"href":"https:\/\/www.gkboje.ba\/en\/wp-json\/wp\/v2\/product_cat?post=20474"},{"taxonomy":"product_tag","embeddable":true,"href":"https:\/\/www.gkboje.ba\/en\/wp-json\/wp\/v2\/product_tag?post=20474"}],"curies":[{"name":"wp","href":"https:\/\/api.w.org\/{rel}","templated":true}]}}