{"id":20470,"date":"2024-10-12T21:34:18","date_gmt":"2024-10-12T19:34:18","guid":{"rendered":"https:\/\/www.gkboje.ba\/proizvod\/sola-libela-vaservaga-p-40-cm\/"},"modified":"2025-12-01T00:54:25","modified_gmt":"2025-11-30T23:54:25","slug":"sola-libela-vaservaga-p-40-cm","status":"publish","type":"product","link":"https:\/\/www.gkboje.ba\/en\/proizvod\/sola-libela-vaservaga-p-40-cm\/","title":{"rendered":"Sola libela &#8211; vaservaga P 40 cm"},"content":{"rendered":"<h4><strong>SOLA P 40 Plasti\u010dna Libela &#8211; Vaser vaga 40 cm<\/strong><\/h4>\n<p>SOLA libela je idealna za precizno mjerenje na kerami\u010dkim i plo\u010dastim povr\u0161inama, bez ogrebotina. Ova libela je izra\u0111ena od izdr\u017eljive ABS plastike, otporna je na vodu, toplotu i hladno\u0107u, te nudi nisku te\u017einu uz torzijski stabilan profil. Balon\u010di\u0107i su izra\u0111eni od neuni\u0161tivog akrilnog stakla sa uve\u0107avaju\u0107im objektivom (+20%), pru\u017eaju\u0107i bolju vidljivost \u010dak i pri slabom osvjetljenju, a garantovano je 30 godina protiv curenja. <\/p>\n<h5><strong>Klju\u010dne karakteristike:<\/strong><\/h5>\n<ul>\n<li>Izra\u0111ena od ABS plastike, otporna na ogrebotine i vremenske uvjete<\/li>\n<li>Neuni\u0161tivi balon\u010di\u0107i sa uve\u0107anjem od 20% i 30 godina garancije protiv curenja<\/li>\n<li>Bolja \u010ditljivost pri slabom osvjetljenju zahvaljuju\u0107i optimiziranoj SOLA svjetlosnoj plo\u010di<\/li>\n<\/ul>\n<h5><strong>Tehni\u010dki podaci:<\/strong><\/h5>\n<ul>\n<li>Du\u017eina: 40 cm<\/li>\n<li>Dimenzije: 53 x 24 mm<\/li>\n<li>Materijal: ABS plastika<\/li>\n<li>Boja: Crvena<\/li>\n<li>Tolerancija mjerenja, standardna pozicija: 1.00 mm\/m (0.057\u00b0)<\/li>\n<li>Broj horizontalnih libela: 1<\/li>\n<li>Broj vertikalnih libela: 1<\/li>\n<li>Mjerna povr\u0161ina: Plasti\u010dna<\/li>\n<\/ul>\n<h5><strong>Pogodno za:<\/strong><\/h5>\n<ul>\n<li>Rad na kerami\u010dkim i plo\u010dastim povr\u0161inama bez ogrebotina<\/li>\n<li>Primjenu u unutra\u0161njoj i vanjskoj gradnji<\/li>\n<\/ul>\n<h5><strong>Za\u0161to odabrati SOLA libelu?<\/strong><\/h5>\n<p>SOLA libela nudi precizno mjerenje, izdr\u017eljivost i lako\u0107u kori\u0161tenja, uz dodatnu otpornost na vremenske uvjete.<\/p>\n","protected":false},"excerpt":{"rendered":"<p>Sola P 40  libela nudi precizno mjerenje bez ogrebotina na kerami\u010dkim i plo\u010dastim povr\u0161inama. Izra\u0111ena je od ABS plastike, otporna na vremenske uvjete, s balon\u010di\u0107ima koji nude uve\u0107anje za bolju vidljivost i 30-godi\u0161nju garanciju.<\/p>\n","protected":false},"featured_media":20410,"comment_status":"open","ping_status":"closed","template":"","meta":[],"product_brand":[],"product_cat":[888],"product_tag":[],"class_list":{"0":"post-20470","1":"product","2":"type-product","3":"status-publish","4":"has-post-thumbnail","6":"product_cat-libele-vaservage","8":"first","9":"instock","10":"sale","11":"shipping-taxable","12":"purchasable","13":"product-type-simple"},"wooqr_code":"","_links":{"self":[{"href":"https:\/\/www.gkboje.ba\/en\/wp-json\/wp\/v2\/product\/20470","targetHints":{"allow":["GET"]}}],"collection":[{"href":"https:\/\/www.gkboje.ba\/en\/wp-json\/wp\/v2\/product"}],"about":[{"href":"https:\/\/www.gkboje.ba\/en\/wp-json\/wp\/v2\/types\/product"}],"replies":[{"embeddable":true,"href":"https:\/\/www.gkboje.ba\/en\/wp-json\/wp\/v2\/comments?post=20470"}],"version-history":[{"count":0,"href":"https:\/\/www.gkboje.ba\/en\/wp-json\/wp\/v2\/product\/20470\/revisions"}],"wp:featuredmedia":[{"embeddable":true,"href":"https:\/\/www.gkboje.ba\/en\/wp-json\/wp\/v2\/media\/20410"}],"wp:attachment":[{"href":"https:\/\/www.gkboje.ba\/en\/wp-json\/wp\/v2\/media?parent=20470"}],"wp:term":[{"taxonomy":"product_brand","embeddable":true,"href":"https:\/\/www.gkboje.ba\/en\/wp-json\/wp\/v2\/product_brand?post=20470"},{"taxonomy":"product_cat","embeddable":true,"href":"https:\/\/www.gkboje.ba\/en\/wp-json\/wp\/v2\/product_cat?post=20470"},{"taxonomy":"product_tag","embeddable":true,"href":"https:\/\/www.gkboje.ba\/en\/wp-json\/wp\/v2\/product_tag?post=20470"}],"curies":[{"name":"wp","href":"https:\/\/api.w.org\/{rel}","templated":true}]}}