{"id":20463,"date":"2024-10-12T21:34:01","date_gmt":"2024-10-12T19:34:01","guid":{"rendered":"https:\/\/www.gkboje.ba\/proizvod\/sola-libela-vaservaga-azm-60-cm-magnet\/"},"modified":"2025-12-01T00:54:25","modified_gmt":"2025-11-30T23:54:25","slug":"sola-libela-vaservaga-azm-60-cm-magnet","status":"publish","type":"product","link":"https:\/\/www.gkboje.ba\/en\/proizvod\/sola-libela-vaservaga-azm-60-cm-magnet\/","title":{"rendered":"Sola libela &#8211; vaservaga AZM 60 cm magnet"},"content":{"rendered":"<h4><strong>SOLA Libela AZM 60 cm Magnet Vaser Vaga<\/strong><\/h4>\n<p>S vi\u0161e od 70 godina SOLA ozna\u010dava savr\u0161ene mjerne alate za preciznost. Kao stru\u010dnjaci u mjerenju i ozna\u010davanju, SOLA proizvodi \u0161irok asortiman alata koji podr\u017eavaju gra\u0111evinare na gradili\u0161tima. Zahvaljuju\u0107i inovacijama, SOLA postavlja standarde u primjenama kao \u0161to su gra\u0111evinski in\u017eenjering i unutra\u0161nja gradnja. Njihovi proizvodi, uklju\u010duju\u0107i metre, libele, lasere i druge mjerne alate, poznati su po preciznosti, efikasnosti i izdr\u017eljivosti. <\/p>\n<h5><strong>Klju\u010dne karakteristike:<\/strong><\/h5>\n<ul>\n<li>Pobolj\u0161ana preciznost \u010ditanja zahvaljuju\u0107i patentiranim SOLA FOCUS libelama<\/li>\n<li>Optimizirana vidljivost u uvjetima slabog osvjetljenja sa SOLA svjetle\u0107om pozadinom<\/li>\n<li>Izvanredna mjerna ta\u010dnost u standardnoj i obrnutoj poziciji<\/li>\n<li>Sna\u017eni neodimijski magneti za maksimalno prianjanje i sigurnost<\/li>\n<li>Glatka i lako \u010dista mjerna povr\u0161ina zahvaljuju\u0107i bo\u010dnoj ugradnji magneta<\/li>\n<li>Kape koje apsorbiraju udarce za dodatnu izdr\u017eljivost<\/li>\n<\/ul>\n<h5><strong>Tehni\u010dki podaci:<\/strong><\/h5>\n<ul>\n<li>Du\u017eina: 600 mm<\/li>\n<li>Dimenzije: 50 x 24 mm<\/li>\n<li>Materijal: Aluminijum, anodizirana povr\u0161ina<\/li>\n<li>Te\u017eina profila: 750 g\/m<\/li>\n<li>Tolerancija mjerenja, standardna pozicija: 0.50 mm\/m (0.029\u00b0)<\/li>\n<li>Tolerancija mjerenja, invertovano mjerenje: 0.75 mm\/m (0.043\u00b0)<\/li>\n<li>Broj horizontalnih libela: 1<\/li>\n<li>Broj vertikalnih libela: 2<\/li>\n<li>Neodimijski magnet<\/li>\n<li>Kapa: 1-c za apsorpciju udaraca<\/li>\n<\/ul>\n<h5><strong>Pogodno za:<\/strong><\/h5>\n<ul>\n<li>Gra\u0111evinske radove gdje je preciznost klju\u010dna<\/li>\n<li>Profesionalna mjerenja u te\u0161kim uvjetima<\/li>\n<li>Primjenu u enterijerskoj i eksterijerskoj gradnji<\/li>\n<\/ul>\n<h5><strong>Za\u0161to odabrati SOLA AZM?<\/strong><\/h5>\n<p>SOLA AZM libela donosi dodatnu snagu i preciznost zahvaljuju\u0107i sna\u017enim magnetima i patentiranoj FOCUS tehnologiji. Robusna izrada i lako \u010di\u0161\u0107enje omogu\u0107avaju dugotrajnu upotrebu, idealnu za profesionalne gra\u0111evinske radove.<\/p>\n","protected":false},"excerpt":{"rendered":"<p>Sola Libela AZM 60 cm osigurava preciznost i stabilnost zahvaljuju\u0107i neodimijskim magnetima i FOCUS tehnologiji za brzo o\u010ditavanje. Izdr\u017eljiva aluminijska konstrukcija omogu\u0107uje dugotrajnu upotrebu u svim uvjetima.<\/p>\n","protected":false},"featured_media":20364,"comment_status":"open","ping_status":"closed","template":"","meta":[],"product_brand":[],"product_cat":[888],"product_tag":[],"class_list":{"0":"post-20463","1":"product","2":"type-product","3":"status-publish","4":"has-post-thumbnail","6":"product_cat-libele-vaservage","8":"first","9":"instock","10":"sale","11":"shipping-taxable","12":"purchasable","13":"product-type-simple"},"wooqr_code":"","_links":{"self":[{"href":"https:\/\/www.gkboje.ba\/en\/wp-json\/wp\/v2\/product\/20463","targetHints":{"allow":["GET"]}}],"collection":[{"href":"https:\/\/www.gkboje.ba\/en\/wp-json\/wp\/v2\/product"}],"about":[{"href":"https:\/\/www.gkboje.ba\/en\/wp-json\/wp\/v2\/types\/product"}],"replies":[{"embeddable":true,"href":"https:\/\/www.gkboje.ba\/en\/wp-json\/wp\/v2\/comments?post=20463"}],"version-history":[{"count":1,"href":"https:\/\/www.gkboje.ba\/en\/wp-json\/wp\/v2\/product\/20463\/revisions"}],"predecessor-version":[{"id":35899,"href":"https:\/\/www.gkboje.ba\/en\/wp-json\/wp\/v2\/product\/20463\/revisions\/35899"}],"wp:featuredmedia":[{"embeddable":true,"href":"https:\/\/www.gkboje.ba\/en\/wp-json\/wp\/v2\/media\/20364"}],"wp:attachment":[{"href":"https:\/\/www.gkboje.ba\/en\/wp-json\/wp\/v2\/media?parent=20463"}],"wp:term":[{"taxonomy":"product_brand","embeddable":true,"href":"https:\/\/www.gkboje.ba\/en\/wp-json\/wp\/v2\/product_brand?post=20463"},{"taxonomy":"product_cat","embeddable":true,"href":"https:\/\/www.gkboje.ba\/en\/wp-json\/wp\/v2\/product_cat?post=20463"},{"taxonomy":"product_tag","embeddable":true,"href":"https:\/\/www.gkboje.ba\/en\/wp-json\/wp\/v2\/product_tag?post=20463"}],"curies":[{"name":"wp","href":"https:\/\/api.w.org\/{rel}","templated":true}]}}