{"id":20458,"date":"2024-10-12T21:33:47","date_gmt":"2024-10-12T19:33:47","guid":{"rendered":"https:\/\/www.gkboje.ba\/proizvod\/sola-libela-vaservaga-az-100-cm\/"},"modified":"2026-02-06T23:48:29","modified_gmt":"2026-02-06T22:48:29","slug":"sola-libela-vaservaga-az-100-cm","status":"publish","type":"product","link":"https:\/\/www.gkboje.ba\/en\/proizvod\/sola-libela-vaservaga-az-100-cm\/","title":{"rendered":"Sola libela &#8211; vaservaga AZ 100 cm"},"content":{"rendered":"<h4><strong>SOLA Libela AZ 100 cm Vaser Vaga<\/strong><\/h4>\n<p>S vi\u0161e od 70 godina SOLA ozna\u010dava savr\u0161ene mjerne alate za preciznost. Kao stru\u010dnjaci u mjerenju i ozna\u010davanju, SOLA proizvodi \u0161irok asortiman alata koji podr\u017eavaju gra\u0111evinare na gradili\u0161tima. Zahvaljuju\u0107i inovacijama, SOLA postavlja standarde u primjenama kao \u0161to su gra\u0111evinski in\u017eenjering i unutra\u0161nja gradnja. Njihovi proizvodi, uklju\u010duju\u0107i metre, libele, lasere i druge mjerne alate, poznati su po preciznosti, efikasnosti i izdr\u017eljivosti.<\/p>\n<h5><strong>Klju\u010dne karakteristike:<\/strong><\/h5>\n<ul>\n<li>Patentirana SOLA FOCUS tehnologija za preciznije o\u010ditavanje<\/li>\n<li>Uve\u0107anje balon\u010di\u0107a do 60% za bolju vidljivost<\/li>\n<li>Optimizirana \u010ditljivost u uvjetima slabog osvjetljenja<\/li>\n<li>Akrilne libele otporne na lomljenje i UV zra\u010denje<\/li>\n<li>Izdr\u017eljiva aluminijska konstrukcija sa anodiziranom povr\u0161inom<\/li>\n<\/ul>\n<h5><strong>Tehni\u010dki podaci:<\/strong><\/h5>\n<ul>\n<li>Du\u017eina: 1000 mm<\/li>\n<li>Dimenzije: 50 x 24 mm<\/li>\n<li>Materijal: Aluminijum, anodizirana povr\u0161ina<\/li>\n<li>Te\u017eina profila: 750 g\/m<\/li>\n<li>Tolerancija mjerenja, standardna pozicija: 0,50 mm\/m (0,029\u00b0)<\/li>\n<li>Tolerancija mjerenja, invertovano mjerenje: 0,75 mm\/m (0,043\u00b0)<\/li>\n<li>Broj horizontalnih libela: 1<\/li>\n<li>Broj vertikalnih libela: 1<\/li>\n<li>Kapa: 1-c za apsorpciju udaraca<\/li>\n<\/ul>\n<h5><strong>Pogodno za:<\/strong><\/h5>\n<ul>\n<li>Gra\u0111evinske radove koji zahtijevaju preciznost<\/li>\n<li>Primjenu u unutra\u0161njoj i vanjskoj gradnji<\/li>\n<\/ul>\n<h5><strong>Za\u0161to odabrati SOLA AZ?<\/strong><\/h5>\n<p>SOLA AZ libela nudi izuzetnu preciznost i dugotrajnost zahvaljuju\u0107i FOCUS tehnologiji i robusnoj aluminijskoj konstrukciji. Ovaj alat je idealan za profesionalne gra\u0111evinske projekte.<\/p>\n","protected":false},"excerpt":{"rendered":"<p>SOLA Libela AZ 100 cm pru\u017ea vrhunsku preciznost i izdr\u017eljivost zahvaljuju\u0107i patentiranoj FOCUS tehnologiji. Aluminijska konstrukcija osigurava dugotrajnost, a akrilne libele omogu\u0107uju lako o\u010ditavanje \u010dak i pri slabom svjetlu.<\/p>\n","protected":false},"featured_media":20346,"comment_status":"open","ping_status":"closed","template":"","meta":[],"product_brand":[],"product_cat":[888],"product_tag":[],"class_list":{"0":"post-20458","1":"product","2":"type-product","3":"status-publish","4":"has-post-thumbnail","6":"product_cat-libele-vaservage","8":"first","9":"instock","10":"sale","11":"shipping-taxable","12":"purchasable","13":"product-type-simple"},"wooqr_code":"","_links":{"self":[{"href":"https:\/\/www.gkboje.ba\/en\/wp-json\/wp\/v2\/product\/20458","targetHints":{"allow":["GET"]}}],"collection":[{"href":"https:\/\/www.gkboje.ba\/en\/wp-json\/wp\/v2\/product"}],"about":[{"href":"https:\/\/www.gkboje.ba\/en\/wp-json\/wp\/v2\/types\/product"}],"replies":[{"embeddable":true,"href":"https:\/\/www.gkboje.ba\/en\/wp-json\/wp\/v2\/comments?post=20458"}],"version-history":[{"count":1,"href":"https:\/\/www.gkboje.ba\/en\/wp-json\/wp\/v2\/product\/20458\/revisions"}],"predecessor-version":[{"id":37990,"href":"https:\/\/www.gkboje.ba\/en\/wp-json\/wp\/v2\/product\/20458\/revisions\/37990"}],"wp:featuredmedia":[{"embeddable":true,"href":"https:\/\/www.gkboje.ba\/en\/wp-json\/wp\/v2\/media\/20346"}],"wp:attachment":[{"href":"https:\/\/www.gkboje.ba\/en\/wp-json\/wp\/v2\/media?parent=20458"}],"wp:term":[{"taxonomy":"product_brand","embeddable":true,"href":"https:\/\/www.gkboje.ba\/en\/wp-json\/wp\/v2\/product_brand?post=20458"},{"taxonomy":"product_cat","embeddable":true,"href":"https:\/\/www.gkboje.ba\/en\/wp-json\/wp\/v2\/product_cat?post=20458"},{"taxonomy":"product_tag","embeddable":true,"href":"https:\/\/www.gkboje.ba\/en\/wp-json\/wp\/v2\/product_tag?post=20458"}],"curies":[{"name":"wp","href":"https:\/\/api.w.org\/{rel}","templated":true}]}}