{"id":18869,"date":"2024-10-02T23:02:34","date_gmt":"2024-10-02T21:02:34","guid":{"rendered":"https:\/\/www.gkboje.ba\/proizvod\/dq-glue-stick-50kom-11200mm-127111\/"},"modified":"2025-12-02T10:22:47","modified_gmt":"2025-12-02T09:22:47","slug":"dq-glue-stick-50kom-11200mm-127111","status":"publish","type":"product","link":"https:\/\/www.gkboje.ba\/en\/proizvod\/dq-glue-stick-50kom-11200mm-127111\/","title":{"rendered":"DQ \u0161tapi\u0107i za vru\u0107e lijepljenje 11*200mm (50 kom) (127111)"},"content":{"rendered":"","protected":false},"excerpt":{"rendered":"","protected":false},"featured_media":18866,"comment_status":"open","ping_status":"closed","template":"","meta":[],"product_brand":[],"product_cat":[871],"product_tag":[],"class_list":{"0":"post-18869","1":"product","2":"type-product","3":"status-publish","4":"has-post-thumbnail","6":"product_cat-pistolji-za-varenje-plastike","8":"first","9":"instock","10":"shipping-taxable","11":"purchasable","12":"product-type-simple"},"wooqr_code":"","_links":{"self":[{"href":"https:\/\/www.gkboje.ba\/en\/wp-json\/wp\/v2\/product\/18869","targetHints":{"allow":["GET"]}}],"collection":[{"href":"https:\/\/www.gkboje.ba\/en\/wp-json\/wp\/v2\/product"}],"about":[{"href":"https:\/\/www.gkboje.ba\/en\/wp-json\/wp\/v2\/types\/product"}],"replies":[{"embeddable":true,"href":"https:\/\/www.gkboje.ba\/en\/wp-json\/wp\/v2\/comments?post=18869"}],"version-history":[{"count":2,"href":"https:\/\/www.gkboje.ba\/en\/wp-json\/wp\/v2\/product\/18869\/revisions"}],"predecessor-version":[{"id":19824,"href":"https:\/\/www.gkboje.ba\/en\/wp-json\/wp\/v2\/product\/18869\/revisions\/19824"}],"wp:featuredmedia":[{"embeddable":true,"href":"https:\/\/www.gkboje.ba\/en\/wp-json\/wp\/v2\/media\/18866"}],"wp:attachment":[{"href":"https:\/\/www.gkboje.ba\/en\/wp-json\/wp\/v2\/media?parent=18869"}],"wp:term":[{"taxonomy":"product_brand","embeddable":true,"href":"https:\/\/www.gkboje.ba\/en\/wp-json\/wp\/v2\/product_brand?post=18869"},{"taxonomy":"product_cat","embeddable":true,"href":"https:\/\/www.gkboje.ba\/en\/wp-json\/wp\/v2\/product_cat?post=18869"},{"taxonomy":"product_tag","embeddable":true,"href":"https:\/\/www.gkboje.ba\/en\/wp-json\/wp\/v2\/product_tag?post=18869"}],"curies":[{"name":"wp","href":"https:\/\/api.w.org\/{rel}","templated":true}]}}