{"id":18046,"date":"2024-10-02T22:56:26","date_gmt":"2024-10-02T20:56:26","guid":{"rendered":"https:\/\/www.gkboje.ba\/proizvod\/dq-mjesac-za-boje-1200w-101120\/"},"modified":"2025-12-02T10:22:10","modified_gmt":"2025-12-02T09:22:10","slug":"dq-mjesac-za-boje-1200w-101120","status":"publish","type":"product","link":"https:\/\/www.gkboje.ba\/en\/proizvod\/dq-mjesac-za-boje-1200w-101120\/","title":{"rendered":"DINQGI Mje\u0161a\u010d za boju \u2013 lijepak i malter DQMC120 &#8211; 1200W"},"content":{"rendered":"<p><strong>Dingqi DQMC120 <\/strong>je elektri\u010dni mje\u0161a\u010d snage 1200W namijenjen za profesionalnu upotrebu u gra\u0111evinskoj industriji. Dizajniran je za efikasno mije\u0161anje raznih materijala poput betona, cementa, \u017ebuke, mase za fugiranje, boje i tankoslojnog morta. Zahvaljuju\u0107i konstrukciji od kvalitetne legure, ure\u0111aj pru\u017ea pouzdan rad, dug vijek trajanja i stabilne performanse u svakodnevnoj primjeni.<\/p>\n<h5><strong>Klju\u010dne karakteristike:<\/strong><\/h5>\n<ul>\n<li>Snaga od 1200W omogu\u0107ava efikasno mije\u0161anje raznovrsnih gra\u0111evinskih materijala.<\/li>\n<li>Vi\u0161enamjenska namjena \u2013 pogodan za cement, beton, \u017ebuku, boju, tankoslojni mort i druge smjese.<\/li>\n<\/ul>\n<h5><strong>Tehni\u010dke specifikacije:<\/strong><\/h5>\n<ul>\n<li>Snaga: 1200W<\/li>\n<li>Izvor napajanja: Elektri\u010dni<\/li>\n<li>Te\u017eina: 1.5 kg<\/li>\n<li>Model: 101120<\/li>\n<\/ul>\n<h5><strong>Pogodno za:<\/strong><\/h5>\n<ul>\n<li>Mije\u0161anje betona, cementa, \u017ebuke, mase za fugiranje, boje i tankoslojnog morta.<\/li>\n<\/ul>\n","protected":false},"excerpt":{"rendered":"<p>Dingqi DQMC120 je elektri\u010dni mje\u0161a\u010d snage 1200W namijenjen za profesionalnu upotrebu u gra\u0111evinskoj industriji. Dizajniran je za efikasno mije\u0161anje raznih<\/p>\n","protected":false},"featured_media":38358,"comment_status":"open","ping_status":"closed","template":"","meta":[],"product_brand":[],"product_cat":[704],"product_tag":[],"class_list":{"0":"post-18046","1":"product","2":"type-product","3":"status-publish","4":"has-post-thumbnail","6":"product_cat-mjesaci-mikseri-za-boju-i-lijepak","8":"first","9":"instock","10":"shipping-taxable","11":"purchasable","12":"product-type-simple"},"wooqr_code":"","_links":{"self":[{"href":"https:\/\/www.gkboje.ba\/en\/wp-json\/wp\/v2\/product\/18046","targetHints":{"allow":["GET"]}}],"collection":[{"href":"https:\/\/www.gkboje.ba\/en\/wp-json\/wp\/v2\/product"}],"about":[{"href":"https:\/\/www.gkboje.ba\/en\/wp-json\/wp\/v2\/types\/product"}],"replies":[{"embeddable":true,"href":"https:\/\/www.gkboje.ba\/en\/wp-json\/wp\/v2\/comments?post=18046"}],"version-history":[{"count":5,"href":"https:\/\/www.gkboje.ba\/en\/wp-json\/wp\/v2\/product\/18046\/revisions"}],"predecessor-version":[{"id":38372,"href":"https:\/\/www.gkboje.ba\/en\/wp-json\/wp\/v2\/product\/18046\/revisions\/38372"}],"wp:featuredmedia":[{"embeddable":true,"href":"https:\/\/www.gkboje.ba\/en\/wp-json\/wp\/v2\/media\/38358"}],"wp:attachment":[{"href":"https:\/\/www.gkboje.ba\/en\/wp-json\/wp\/v2\/media?parent=18046"}],"wp:term":[{"taxonomy":"product_brand","embeddable":true,"href":"https:\/\/www.gkboje.ba\/en\/wp-json\/wp\/v2\/product_brand?post=18046"},{"taxonomy":"product_cat","embeddable":true,"href":"https:\/\/www.gkboje.ba\/en\/wp-json\/wp\/v2\/product_cat?post=18046"},{"taxonomy":"product_tag","embeddable":true,"href":"https:\/\/www.gkboje.ba\/en\/wp-json\/wp\/v2\/product_tag?post=18046"}],"curies":[{"name":"wp","href":"https:\/\/api.w.org\/{rel}","templated":true}]}}