{"id":17212,"date":"2024-09-22T19:28:45","date_gmt":"2024-09-22T17:28:45","guid":{"rendered":"https:\/\/www.gkboje.ba\/?post_type=product&#038;p=17212"},"modified":"2026-01-06T07:38:43","modified_gmt":"2026-01-06T06:38:43","slug":"bosch-aku-ugaona-kutna-brusilica-gws-18v-10-professional","status":"publish","type":"product","link":"https:\/\/www.gkboje.ba\/en\/proizvod\/bosch-aku-ugaona-kutna-brusilica-gws-18v-10-professional\/","title":{"rendered":"BOSCH Aku ugaona &#8211; kutna brusilica GWS 18V-10 Professional &#8211; 125 mm (Solo)"},"content":{"rendered":"<p><strong>Bosch GWS 18V-10 Professional<\/strong> je mo\u0107na i kompaktna akumulatorska kutna brusilica s motorom bez \u010detkica, dizajnirana za siguran i u\u010dinkovit rad u ote\u017eanim uvjetima. Kada se opremi ProCORE18V baterijama, alat nudi snagu ekvivalentnu 1000 W.\u00a0 Zahvaljuju\u0107i funkcijama <strong>Drop Control<\/strong>, <strong>Fast Brake<\/strong>, i <strong>KickBack Control<\/strong>, pru\u017ea maksimalnu za\u0161titu korisnika.<\/p>\n<h5>Klju\u010dne karakteristike:<\/h5>\n<ul>\n<li><strong>Motor bez \u010detkica<\/strong>: Dulji vijek trajanja i ve\u0107a u\u010dinkovitost.<\/li>\n<li><strong>Snaga od 1000 W<\/strong>: Ekvivalentna elektri\u010dnim alatima.<\/li>\n<li><strong>Za\u0161titne funkcije<\/strong>: Drop Control, Fast Brake, i KickBack Control za sigurnost korisnika.<\/li>\n<li><strong>Ergonomski dizajn<\/strong>: Tanka ru\u010dka i za\u0161titni poklopac bez klju\u010da za optimalno rukovanje.<\/li>\n<\/ul>\n<h5>Tehni\u010dke specifikacije:<\/h5>\n<ul>\n<li><strong>Napon baterije<\/strong>: 18 V<\/li>\n<li><strong>Broj okretaja u praznom hodu<\/strong>: 9.000 o\/min<\/li>\n<li><strong>Promjer plo\u010de<\/strong>: 125 mm<\/li>\n<li><strong>Navoj brusnog vretena<\/strong>: M14<\/li>\n<li><strong>Te\u017eina bez baterije<\/strong>: 2.1 kg<\/li>\n<\/ul>\n<h5>Napomena:<\/h5>\n<ul>\n<li>Alat dolazi bez baterije i punja\u010da.<\/li>\n<\/ul>\n<h5>Pogodno za:<\/h5>\n<ul>\n<li><strong>Rezanje i bru\u0161enje metala<\/strong>: \u010celi\u010dne \u0161ipke, bakrene cijevi, metalni limovi i konstrukcije.<\/li>\n<\/ul>\n<h5>Za\u0161to odabrati Bosch GWS 18V-10 Professional?<\/h5>\n<p><strong>Bosch GWS 18V-10 Professional<\/strong> pru\u017ea snagu, izdr\u017eljivost i sigurnost uz vrhunsku kontrolu, idealan za zahtjevne zadatke rezanja i bru\u0161enja u te\u0161kim uvjetima.<\/p>\n<h5><strong>Dodatne informacije:<\/strong><\/h5>\n<p><span style=\"text-decoration: underline\"><a href=\"https:\/\/www.bosch-professional.com\/hr\/hr\/products\/gws-18v-10-06019J4002\">Sve dodatne informacije su dostupne na Bosch web stranici, klikom na ovaj tekst.<\/a><\/span><\/p>\n<p><a href=\"https:\/\/www.youtube.com\/watch?v=fUqOPL6j4jI\"><span style=\"text-decoration: underline\">Link video opisa i demonstracije artikla.<\/span><\/a><\/p>\n<p><em>Bosch \u0161ifra artikla: 0 601 9J4 002<\/em><\/p>\n<p><em>EAN: 3165140994903<\/em><\/p>\n<p><em>SKU: 730285<\/em><\/p>\n<p><span style=\"text-decoration: underline\"><em><a href=\"https:\/\/olx.ba\/artikal\/63529475\">Ovaj artikal mo\u017eete pogledati i na na\u0161em OLX profilu, klikom na ovaj tekst.<\/a><\/em><\/span><\/p>\n","protected":false},"excerpt":{"rendered":"<p><strong>Bosch GWS 18V-10 Professional<\/strong> je akumulatorska kutna brusilica sa snagom od 1000 W, motorom bez \u010detkica i funkcijama kao \u0161to su <strong>Drop Control<\/strong>, <strong>Fast Brake<\/strong>, i <strong>KickBack Control<\/strong> za maksimalnu sigurnost i dugotrajan rad.<\/p>\n","protected":false},"featured_media":21450,"comment_status":"open","ping_status":"closed","template":"","meta":[],"product_brand":[],"product_cat":[705],"product_tag":[],"class_list":{"0":"post-17212","1":"product","2":"type-product","3":"status-publish","4":"has-post-thumbnail","6":"product_cat-aku-ugaone-kutne-brusilice","8":"first","9":"outofstock","10":"sale","11":"shipping-taxable","12":"purchasable","13":"product-type-simple"},"wooqr_code":"","_links":{"self":[{"href":"https:\/\/www.gkboje.ba\/en\/wp-json\/wp\/v2\/product\/17212","targetHints":{"allow":["GET"]}}],"collection":[{"href":"https:\/\/www.gkboje.ba\/en\/wp-json\/wp\/v2\/product"}],"about":[{"href":"https:\/\/www.gkboje.ba\/en\/wp-json\/wp\/v2\/types\/product"}],"replies":[{"embeddable":true,"href":"https:\/\/www.gkboje.ba\/en\/wp-json\/wp\/v2\/comments?post=17212"}],"version-history":[{"count":7,"href":"https:\/\/www.gkboje.ba\/en\/wp-json\/wp\/v2\/product\/17212\/revisions"}],"predecessor-version":[{"id":35162,"href":"https:\/\/www.gkboje.ba\/en\/wp-json\/wp\/v2\/product\/17212\/revisions\/35162"}],"wp:featuredmedia":[{"embeddable":true,"href":"https:\/\/www.gkboje.ba\/en\/wp-json\/wp\/v2\/media\/21450"}],"wp:attachment":[{"href":"https:\/\/www.gkboje.ba\/en\/wp-json\/wp\/v2\/media?parent=17212"}],"wp:term":[{"taxonomy":"product_brand","embeddable":true,"href":"https:\/\/www.gkboje.ba\/en\/wp-json\/wp\/v2\/product_brand?post=17212"},{"taxonomy":"product_cat","embeddable":true,"href":"https:\/\/www.gkboje.ba\/en\/wp-json\/wp\/v2\/product_cat?post=17212"},{"taxonomy":"product_tag","embeddable":true,"href":"https:\/\/www.gkboje.ba\/en\/wp-json\/wp\/v2\/product_tag?post=17212"}],"curies":[{"name":"wp","href":"https:\/\/api.w.org\/{rel}","templated":true}]}}