{"id":17135,"date":"2024-09-22T18:40:24","date_gmt":"2024-09-22T16:40:24","guid":{"rendered":"https:\/\/www.gkboje.ba\/?post_type=product&#038;p=17135"},"modified":"2026-01-06T07:38:43","modified_gmt":"2026-01-06T06:38:43","slug":"bosch-aku-sauber-odvijac-za-suhu-gradnju-rigips-gtb-185-li-professional","status":"publish","type":"product","link":"https:\/\/www.gkboje.ba\/en\/proizvod\/bosch-aku-sauber-odvijac-za-suhu-gradnju-rigips-gtb-185-li-professional\/","title":{"rendered":"BOSCH Aku \u0161auber &#8211; odvija\u010d za suhu gradnju &#8211; rigips GTB 185-Li Professional (Solo)"},"content":{"rendered":"<p><strong>Bosch GTB 185-LI Professional<\/strong> je lagan i ergonomski dizajniran izvija\u010d, savr\u0161en za rad na rigipsu. Te\u017eak manje od 1 kg (bez baterije), ovaj alat nudi <strong>3x du\u017ee vrijeme rada<\/strong> po punjenju zahvaljuju\u0107i tehnologiji <strong>PowerSAVE<\/strong> i motoru bez \u010detkica. <strong>Brzina od 4500 o\/min<\/strong> omogu\u0107uje brzo uvrtanje vijaka, dok inovativni reverzibilni grani\u010dnik dubine olak\u0161ava rad unatrag bez potrebe za uklanjanjem grani\u010dnika.<\/p>\n<h5>Klju\u010dne karakteristike:<\/h5>\n<ul>\n<li><strong>Motor bez \u010detkica<\/strong>: Pru\u017ea dulji vijek trajanja i ve\u0107u efikasnost.<\/li>\n<li><strong>Tehnologija PowerSAVE<\/strong>: Uvrtanje 3x vi\u0161e vijaka po punjenju.<\/li>\n<li><strong>Lagana konstrukcija (0,95 kg)<\/strong>: Pove\u0107ava udobnost i smanjuje umor korisnika.<\/li>\n<li><strong>Reverzibilni grani\u010dnik dubine<\/strong>: Olak\u0161ava rad bez uklanjanja grani\u010dnika.<\/li>\n<\/ul>\n<h5>Tehni\u010dke specifikacije:<\/h5>\n<ul>\n<li><strong>Napon baterije<\/strong>: 18 V<\/li>\n<li><strong>Zakretni moment (tvrdo\/mekano)<\/strong>: 32 Nm \/ 5,2 Nm<\/li>\n<li><strong>Broj okretaja u praznom hodu<\/strong>: 0 \u2013 4.500 o\/min<\/li>\n<li><strong>Te\u017eina bez baterije<\/strong>: 0.95 kg<\/li>\n<li><strong>Prihvat alata<\/strong>: 1\/4&#8243; univerzalni \u0161esterostrani prihvat<\/li>\n<li><strong>Maksimalni promjer vijaka<\/strong>: 6 mm<\/li>\n<\/ul>\n<h5>Napomena:<\/h5>\n<ul>\n<li>Alat dolazi bez baterije i punja\u010da.<\/li>\n<\/ul>\n<h5>Pogodno za:<\/h5>\n<ul>\n<li><strong>Zavrtanje vijaka<\/strong>: Idealno za brzo i precizno postavljanje suhozida i uvrtanje vijaka u gips plo\u010de.<\/li>\n<\/ul>\n<h5>Za\u0161to odabrati Bosch GTB 185-LI Professional?<\/h5>\n<p><strong>Bosch GTB 185-LI Professional<\/strong> nudi kombinaciju snage, udobnosti i dugotrajnog rada. Zahvaljuju\u0107i tehnologiji <strong>PowerSAVE<\/strong> i motoru bez \u010detkica, ovaj alat je savr\u0161en za profesionalce koji rade na suhoj gra\u0111i, osiguravaju\u0107i br\u017ee i efikasnije rezultate uz minimalan napor.<\/p>\n<h5><strong>Dodatne informacije:<\/strong><\/h5>\n<p><span style=\"text-decoration: underline\"><a href=\"https:\/\/www.bosch-professional.com\/hr\/hr\/products\/gtb185-li-06019K7021\">Sve dodatne informacije su dostupne na Bosch web stranici, klikom na ovaj tekst.<\/a><\/span><\/p>\n<p><a href=\"https:\/\/www.youtube.com\/watch?v=HzfBR4xvcIg\"><span style=\"text-decoration: underline\">Link video opisa i demonstracije artikla.<\/span><\/a><\/p>\n<p><em>Bosch \u0161ifra artikla: 0 601 9J4 200<\/em><\/p>\n<p><span style=\"text-decoration: underline\"><em><a href=\"https:\/\/olx.ba\/artikal\/63573408\">Ovaj artikal mo\u017eete pogledati i na na\u0161em OLX profilu, klikom na ovaj tekst.<\/a><\/em><\/span><\/p>\n","protected":false},"excerpt":{"rendered":"<p>Bosch GTB 185-LI Professional je lagan i ergonomski dizajniran izvija\u010d, savr\u0161en za rad na rigipsu. Te\u017eak manje od 1 kg<\/p>\n","protected":false},"featured_media":21458,"comment_status":"open","ping_status":"closed","template":"","meta":[],"product_brand":[],"product_cat":[712],"product_tag":[],"class_list":{"0":"post-17135","1":"product","2":"type-product","3":"status-publish","4":"has-post-thumbnail","6":"product_cat-aku-busilice-odvijaci","8":"first","9":"instock","10":"sale","11":"shipping-taxable","12":"purchasable","13":"product-type-simple"},"wooqr_code":"","_links":{"self":[{"href":"https:\/\/www.gkboje.ba\/en\/wp-json\/wp\/v2\/product\/17135","targetHints":{"allow":["GET"]}}],"collection":[{"href":"https:\/\/www.gkboje.ba\/en\/wp-json\/wp\/v2\/product"}],"about":[{"href":"https:\/\/www.gkboje.ba\/en\/wp-json\/wp\/v2\/types\/product"}],"replies":[{"embeddable":true,"href":"https:\/\/www.gkboje.ba\/en\/wp-json\/wp\/v2\/comments?post=17135"}],"version-history":[{"count":6,"href":"https:\/\/www.gkboje.ba\/en\/wp-json\/wp\/v2\/product\/17135\/revisions"}],"predecessor-version":[{"id":26725,"href":"https:\/\/www.gkboje.ba\/en\/wp-json\/wp\/v2\/product\/17135\/revisions\/26725"}],"wp:featuredmedia":[{"embeddable":true,"href":"https:\/\/www.gkboje.ba\/en\/wp-json\/wp\/v2\/media\/21458"}],"wp:attachment":[{"href":"https:\/\/www.gkboje.ba\/en\/wp-json\/wp\/v2\/media?parent=17135"}],"wp:term":[{"taxonomy":"product_brand","embeddable":true,"href":"https:\/\/www.gkboje.ba\/en\/wp-json\/wp\/v2\/product_brand?post=17135"},{"taxonomy":"product_cat","embeddable":true,"href":"https:\/\/www.gkboje.ba\/en\/wp-json\/wp\/v2\/product_cat?post=17135"},{"taxonomy":"product_tag","embeddable":true,"href":"https:\/\/www.gkboje.ba\/en\/wp-json\/wp\/v2\/product_tag?post=17135"}],"curies":[{"name":"wp","href":"https:\/\/api.w.org\/{rel}","templated":true}]}}