{"id":17100,"date":"2024-09-22T17:24:14","date_gmt":"2024-09-22T15:24:14","guid":{"rendered":"https:\/\/www.gkboje.ba\/?post_type=product&#038;p=17100"},"modified":"2026-01-06T07:38:43","modified_gmt":"2026-01-06T06:38:43","slug":"bosch-aku-ugaona-kutna-brusilica-x-lock-gwx-18v-10-p-professional","status":"publish","type":"product","link":"https:\/\/www.gkboje.ba\/en\/proizvod\/bosch-aku-ugaona-kutna-brusilica-x-lock-gwx-18v-10-p-professional\/","title":{"rendered":"BOSCH Aku ugaona &#8211; kutna brusilica X-Lock GWX 18V-10 P Professional &#8211; 125 mm \/ 1000 W (Solo)"},"content":{"rendered":"<p><strong>Bosch GWX 18V-10 P Professional<\/strong> nudi be\u017ei\u010dnu slobodu s istom snagom kao elektri\u010dna brusilica od 1.000 W, zahvaljuju\u0107i <strong>motoru bez \u010detkica<\/strong>. Opremljena je <strong>X-LOCK sustavom<\/strong> za brzu izmjenu pribora bez klju\u010da, \u0161to olak\u0161ava rad i pove\u0107ava produktivnost. Alat pru\u017ea maksimalnu za\u0161titu korisnika s funkcijama kao \u0161to su <strong>PROtection prekida\u010d<\/strong>, <strong>Drop Control<\/strong>, <strong>KickBack Control<\/strong> i <strong>X-Brake<\/strong>, \u010dine\u0107i ga idealnim za sigurno i u\u010dinkovito rezanje i bru\u0161enje.<\/p>\n<h5>Klju\u010dne karakteristike:<\/h5>\n<ul>\n<li><strong>X-LOCK sustav<\/strong>: Brza izmjena pribora bez upotrebe klju\u010da.<\/li>\n<li><strong>Motor bez \u010detkica<\/strong>: Pru\u017ea istu snagu kao elektri\u010dna brusilica od 1.000 W.<\/li>\n<li><strong>PROtection prekida\u010d<\/strong>: Isklju\u010duje alat odmah nakon pu\u0161tanja prekida\u010da.<\/li>\n<li><strong>Drop Control i KickBack Control<\/strong>: Pru\u017eaju maksimalnu za\u0161titu korisnika.<\/li>\n<li><strong>X-Brake<\/strong>: Jam\u010di br\u017ee zaustavljanje alata.<\/li>\n<\/ul>\n<h5>Tehni\u010dke specifikacije:<\/h5>\n<ul>\n<li><strong>Napon baterije<\/strong>: 18 V<\/li>\n<li><strong>Broj okretaja u praznom hodu<\/strong>: 9.000 o\/min<\/li>\n<li><strong>Promjer plo\u010de<\/strong>: 125 mm<\/li>\n<li><strong>Te\u017eina bez baterije<\/strong>: 1.9 kg<\/li>\n<\/ul>\n<h5>Napomena:<\/h5>\n<ul>\n<li>Alat dolazi bez baterije i punja\u010da.<\/li>\n<\/ul>\n<h5>Pogodno za:<\/h5>\n<ul>\n<li><strong>Rezanje i bru\u0161enje<\/strong>: Metala i kamena.<\/li>\n<li><strong>Profesionalne primjene<\/strong>: Kompatibilno s priklju\u010dcima za pra\u0161inu i Bosch Professional 18 V baterijama.<\/li>\n<\/ul>\n<h5>Za\u0161to odabrati Bosch GWX 18V-10 P Professional?<\/h5>\n<p><strong>Bosch GWX 18V-10 P Professional<\/strong> nudi vrhunsku snagu, kontrolu i sigurnost zahvaljuju\u0107i <strong>X-LOCK sustavu<\/strong>, <strong>motoru bez \u010detkica<\/strong> i naprednim za\u0161titnim funkcijama, idealno za profesionalce koji tra\u017ee pouzdanu i efikasnu kutnu brusilicu.<\/p>\n<h5><strong>Dodatne informacije:<\/strong><\/h5>\n<p><span style=\"text-decoration: underline\"><a href=\"https:\/\/www.bosch-professional.com\/hr\/hr\/products\/gwx-18v-10-p-06019J4200\">Sve dodatne informacije su dostupne na Bosch web stranici, klikom na ovaj tekst.<\/a><\/span><\/p>\n<p><a href=\"https:\/\/www.youtube.com\/watch?v=OycdGRfiWCQ\"><span style=\"text-decoration: underline\">Link video opisa i demonstracije artikla.<\/span><\/a><\/p>\n<p><em>Bosch \u0161ifra artikla: 0 601 9J4 200<\/em><\/p>\n<p><em>EAN: 4059952641690<\/em><\/p>\n<p><em>SKU: 730570<\/em><\/p>\n<p><span style=\"text-decoration: underline\"><em><a href=\"https:\/\/olx.ba\/artikal\/63573994\">Ovaj artikal mo\u017eete pogledati i na na\u0161em OLX profilu, klikom na ovaj tekst.<\/a><\/em><\/span><\/p>\n","protected":false},"excerpt":{"rendered":"<p><strong>Bosch GWX 18V-10 P Professional<\/strong> je sna\u017ena akumulatorska kutna brusilica s motorom bez \u010detkica i <strong>X-LOCK sustavom<\/strong> za brzu izmjenu pribora, pru\u017eaju\u0107i maksimalnu za\u0161titu korisnika s funkcijama <strong>PROtection prekida\u010da<\/strong>, <strong>Drop Control<\/strong> i <strong>KickBack Control<\/strong>.<\/p>\n","protected":false},"featured_media":21462,"comment_status":"open","ping_status":"closed","template":"","meta":[],"product_brand":[],"product_cat":[705],"product_tag":[],"class_list":{"0":"post-17100","1":"product","2":"type-product","3":"status-publish","4":"has-post-thumbnail","6":"product_cat-aku-ugaone-kutne-brusilice","8":"first","9":"instock","10":"sale","11":"shipping-taxable","12":"purchasable","13":"product-type-simple"},"wooqr_code":"","_links":{"self":[{"href":"https:\/\/www.gkboje.ba\/en\/wp-json\/wp\/v2\/product\/17100","targetHints":{"allow":["GET"]}}],"collection":[{"href":"https:\/\/www.gkboje.ba\/en\/wp-json\/wp\/v2\/product"}],"about":[{"href":"https:\/\/www.gkboje.ba\/en\/wp-json\/wp\/v2\/types\/product"}],"replies":[{"embeddable":true,"href":"https:\/\/www.gkboje.ba\/en\/wp-json\/wp\/v2\/comments?post=17100"}],"version-history":[{"count":7,"href":"https:\/\/www.gkboje.ba\/en\/wp-json\/wp\/v2\/product\/17100\/revisions"}],"predecessor-version":[{"id":17484,"href":"https:\/\/www.gkboje.ba\/en\/wp-json\/wp\/v2\/product\/17100\/revisions\/17484"}],"wp:featuredmedia":[{"embeddable":true,"href":"https:\/\/www.gkboje.ba\/en\/wp-json\/wp\/v2\/media\/21462"}],"wp:attachment":[{"href":"https:\/\/www.gkboje.ba\/en\/wp-json\/wp\/v2\/media?parent=17100"}],"wp:term":[{"taxonomy":"product_brand","embeddable":true,"href":"https:\/\/www.gkboje.ba\/en\/wp-json\/wp\/v2\/product_brand?post=17100"},{"taxonomy":"product_cat","embeddable":true,"href":"https:\/\/www.gkboje.ba\/en\/wp-json\/wp\/v2\/product_cat?post=17100"},{"taxonomy":"product_tag","embeddable":true,"href":"https:\/\/www.gkboje.ba\/en\/wp-json\/wp\/v2\/product_tag?post=17100"}],"curies":[{"name":"wp","href":"https:\/\/api.w.org\/{rel}","templated":true}]}}