{"id":16915,"date":"2024-09-22T02:14:48","date_gmt":"2024-09-22T00:14:48","guid":{"rendered":"https:\/\/www.gkboje.ba\/?post_type=product&#038;p=16915"},"modified":"2026-01-06T07:38:39","modified_gmt":"2026-01-06T06:38:39","slug":"bosch-set-aku-busilica-odvijac-gsr-120-li-professional","status":"publish","type":"product","link":"https:\/\/www.gkboje.ba\/en\/proizvod\/bosch-set-aku-busilica-odvijac-gsr-120-li-professional\/","title":{"rendered":"BOSCH Set aku bu\u0161ilica &#8211; odvija\u010d GSR 120-Li Professional"},"content":{"rendered":"<div class=\"flex-shrink-0 flex flex-col relative items-end\">\n<div class=\"pt-0\">\n<div class=\"gizmo-bot-avatar flex h-8 w-8 items-center justify-center overflow-hidden rounded-full\">\n<p><strong>Bosch GSR 120-LI Professional<\/strong> je sna\u017ena i izdr\u017eljiva akumulatorska bu\u0161ilica-izvija\u010d dizajnirana za profesionalne zadatke uvrtanja i bu\u0161enja u drvu, \u010deliku i plastici. Opremljena <strong>mjenja\u010dem s 2 brzine<\/strong> i <strong>Electronic Cell Protection<\/strong> tehnologijom, ovaj alat osigurava visoku produktivnost i dug vijek trajanja akumulatora. U ovoj varijanti dolazi u kompletu s punja\u010dem, dvije baterije i prakti\u010dnim kov\u010degom za profesionalce.<\/p>\n<h5>Uklju\u010deno u set:<\/h5>\n<ul>\n<li><strong>Punja\u010d GAL 1210 CV Professional<\/strong><\/li>\n<li><strong>2 x baterija GBA 12V 2.0Ah<\/strong><\/li>\n<li><strong>Kov\u010deg<\/strong><\/li>\n<\/ul>\n<h5>Klju\u010dne karakteristike:<\/h5>\n<ul>\n<li><strong>Mjenja\u010d s 2 brzine<\/strong>: Omogu\u0107ava optimalan zakretni moment za uvrtanje vijaka i prilagodljivu brzinu za bu\u0161enje.<\/li>\n<li><strong>Electronic Cell Protection (ECP)<\/strong>: Pru\u017ea za\u0161titu akumulatora od podnapona, prekomjernog tro\u0161enja i dubokog pra\u017enjenja.<\/li>\n<li><strong>Autolock stezna glava<\/strong>: Omogu\u0107ava brzu i jednostavnu izmjenu alata (1,5 &#8211; 10 mm).<\/li>\n<li><strong>LED osvjetljenje<\/strong>: Osvjetljava radno podru\u010dje za precizniji rad u tamnim uvjetima.<\/li>\n<li><strong>Planetarni prijenosnik<\/strong>: Za dugotrajnost i visoku produktivnost.<\/li>\n<\/ul>\n<h5>Tehni\u010dke specifikacije:<\/h5>\n<ul>\n<li><strong>Zatezni moment (meko\/tvrdo)<\/strong>: 14\/30 Nm<\/li>\n<li><strong>Broj okretaja u praznom hodu (1. brzina \/ 2. brzina)<\/strong>: 0 \u2013 400 \/ 0 \u2013 1.500 o\/min<\/li>\n<li><strong>Promjer stezne glave<\/strong>: 0,8 \u2013 10 mm<\/li>\n<li><strong>Te\u017eina bez baterije<\/strong>: 0.8 kg<\/li>\n<li><strong>Stupnjevi zakretnog momenta<\/strong>: 20+1<\/li>\n<\/ul>\n<h5>Pogodno za:<\/h5>\n<ul>\n<li><strong>Bu\u0161enje i uvrtanje<\/strong>: U drvu, \u010deliku, plastici i metalima.<\/li>\n<li><strong>Profesionalne zadatke<\/strong>: Idealno za korisnike koji tra\u017ee sna\u017ean, kompaktan i izdr\u017eljiv alat.<\/li>\n<\/ul>\n<h5>Za\u0161to odabrati Bosch GSR 120-LI Professional u setu?<\/h5>\n<p><strong>Bosch GSR 120-LI Professional<\/strong> nudi pouzdane performanse uz vrhunsku Bosch kvalitetu. Sna\u017ean <strong>mjenja\u010d s 2 brzine<\/strong> i <strong>Electronic Cell Protection<\/strong> tehnologija osiguravaju optimalnu produktivnost i dugovje\u010dnost alata. U setu dolaze punja\u010d, dva akumulatora i prakti\u010dan kov\u010deg, \u0161to ovaj komplet \u010dini idealnim rje\u0161enjem za profesionalce kojima je potreban sna\u017ean i kompaktan alat uz svu potrebnu opremu za rad.<\/p>\n<\/div>\n<\/div>\n<\/div>\n<div class=\"group\/conversation-turn relative flex w-full min-w-0 flex-col agent-turn\">\n<div class=\"flex-col gap-1 md:gap-3\">\n<div class=\"flex max-w-full flex-col flex-grow\">\n<div class=\"min-h-[20px] text-message flex w-full flex-col items-end gap-2 whitespace-normal break-words [.text-message+&amp;]:mt-5\" dir=\"auto\" data-message-author-role=\"assistant\" data-message-id=\"690098db-c442-45eb-bd5b-75457738bdb0\">\n<div class=\"flex w-full flex-col gap-1 empty:hidden first:pt-[3px]\">\n<div class=\"markdown prose w-full break-words dark:prose-invert dark\">\n<h5><strong>Dodatne informacije:<\/strong><\/h5>\n<p><span style=\"text-decoration: underline\"><a href=\"https:\/\/www.bosch-professional.com\/hr\/hr\/products\/gsr-120-li-06019G8000\">Sve dodatne informacije su dostupne na Bosch web stranici, klikom na ovaj tekst.<\/a><\/span><\/p>\n<p><a href=\"https:\/\/www.youtube.com\/watch?v=Cgo0pysL1iw\"><span style=\"text-decoration: underline\">Link video opisa i demonstracije artikla.<\/span><\/a><\/p>\n<p><em>Bosch \u0161ifra artikla: 0 601 9G8 000<\/em><\/p>\n<p><em>EAN: 3165140955683<\/em><\/p>\n<p><em>SKU: 730287<\/em><\/p>\n<p><span style=\"text-decoration: underline\"><em><a href=\"https:\/\/olx.ba\/artikal\/63600237\">Ovaj artikal mo\u017eete pogledati i na na\u0161em OLX profilu, klikom na ovaj tekst.<\/a><\/em><\/span><\/p>\n<\/div>\n<\/div>\n<\/div>\n<\/div>\n<\/div>\n<\/div>\n","protected":false},"excerpt":{"rendered":"<p>Bosch GSR 120-LI je kompaktan akumulatorski odvija\u010d od 12V, dolazi u setu s punja\u010dem, dvije baterije i kov\u010degom, idealan za profesionalne i ku\u0107ne zadatke odvijanja i bu\u0161enja.<\/p>\n","protected":false},"featured_media":21482,"comment_status":"open","ping_status":"closed","template":"","meta":[],"product_brand":[],"product_cat":[712],"product_tag":[],"class_list":{"0":"post-16915","1":"product","2":"type-product","3":"status-publish","4":"has-post-thumbnail","6":"product_cat-aku-busilice-odvijaci","8":"first","9":"instock","10":"sale","11":"shipping-taxable","12":"purchasable","13":"product-type-simple"},"wooqr_code":"","_links":{"self":[{"href":"https:\/\/www.gkboje.ba\/en\/wp-json\/wp\/v2\/product\/16915","targetHints":{"allow":["GET"]}}],"collection":[{"href":"https:\/\/www.gkboje.ba\/en\/wp-json\/wp\/v2\/product"}],"about":[{"href":"https:\/\/www.gkboje.ba\/en\/wp-json\/wp\/v2\/types\/product"}],"replies":[{"embeddable":true,"href":"https:\/\/www.gkboje.ba\/en\/wp-json\/wp\/v2\/comments?post=16915"}],"version-history":[{"count":7,"href":"https:\/\/www.gkboje.ba\/en\/wp-json\/wp\/v2\/product\/16915\/revisions"}],"predecessor-version":[{"id":16978,"href":"https:\/\/www.gkboje.ba\/en\/wp-json\/wp\/v2\/product\/16915\/revisions\/16978"}],"wp:featuredmedia":[{"embeddable":true,"href":"https:\/\/www.gkboje.ba\/en\/wp-json\/wp\/v2\/media\/21482"}],"wp:attachment":[{"href":"https:\/\/www.gkboje.ba\/en\/wp-json\/wp\/v2\/media?parent=16915"}],"wp:term":[{"taxonomy":"product_brand","embeddable":true,"href":"https:\/\/www.gkboje.ba\/en\/wp-json\/wp\/v2\/product_brand?post=16915"},{"taxonomy":"product_cat","embeddable":true,"href":"https:\/\/www.gkboje.ba\/en\/wp-json\/wp\/v2\/product_cat?post=16915"},{"taxonomy":"product_tag","embeddable":true,"href":"https:\/\/www.gkboje.ba\/en\/wp-json\/wp\/v2\/product_tag?post=16915"}],"curies":[{"name":"wp","href":"https:\/\/api.w.org\/{rel}","templated":true}]}}