{"id":1691,"date":"2017-05-15T19:14:52","date_gmt":"2017-05-15T19:14:52","guid":{"rendered":"http:\/\/gkboje.xyz\/?post_type=product&#038;p=950"},"modified":"2026-04-03T13:35:38","modified_gmt":"2026-04-03T11:35:38","slug":"gk-glet-in","status":"publish","type":"product","link":"https:\/\/www.gkboje.ba\/en\/proizvod\/gk-glet-in\/","title":{"rendered":"GK Glet &#8211; in"},"content":{"rendered":"\r\n<p id=\"wd-8fae9bb2\" class=\"wp-block-wd-paragraph\"><strong>GK GLET IN<\/strong> je tankoslojna masa za fino ravnanje zidnih i plafonskih povr\u0161ina u interijeru. Odlikuje se izuzetnom bijelinom, pogodna je za ru\u010dno i strojno nano\u0161enje, lako se obra\u0111uje, paropropusna je i dobro prijanja na pripremljene podloge. Ima produ\u017eeno otvoreno vrijeme rada, \u0161to omogu\u0107ava efikasnu primjenu na ve\u0107im povr\u0161inama.<\/p>\r\n\r\n\r\n\r\n<ul class=\"wp-block-list\">\r\n<li style=\"list-style-type: none\">\r\n<ul class=\"wp-block-list\">\r\n<li>Izuzetna bijelina<\/li>\r\n\r\n\r\n\r\n<li>Ru\u010dno i strojno nano\u0161enje<\/li>\r\n\r\n\r\n\r\n<li>Lagana obradivost<\/li>\r\n\r\n\r\n\r\n<li>Paropropusna<\/li>\r\n\r\n\r\n\r\n<li>Dobro prijanjanje<\/li>\r\n<li>Dugo otvoreno vrijeme<\/li>\r\n<\/ul>\r\n<\/li>\r\n<\/ul>\r\n","protected":false},"excerpt":{"rendered":"","protected":false},"featured_media":6753,"comment_status":"open","ping_status":"closed","template":"","meta":[],"product_brand":[],"product_cat":[471,469],"product_tag":[],"class_list":{"0":"post-1691","1":"product","2":"type-product","3":"status-publish","4":"has-post-thumbnail","6":"product_cat-malteri-i-glet","7":"product_cat-praskasti-proizvodi","9":"first","10":"instock","11":"shipping-taxable","12":"purchasable","13":"product-type-variable","14":"has-default-attributes"},"wooqr_code":"","_links":{"self":[{"href":"https:\/\/www.gkboje.ba\/en\/wp-json\/wp\/v2\/product\/1691","targetHints":{"allow":["GET"]}}],"collection":[{"href":"https:\/\/www.gkboje.ba\/en\/wp-json\/wp\/v2\/product"}],"about":[{"href":"https:\/\/www.gkboje.ba\/en\/wp-json\/wp\/v2\/types\/product"}],"replies":[{"embeddable":true,"href":"https:\/\/www.gkboje.ba\/en\/wp-json\/wp\/v2\/comments?post=1691"}],"version-history":[{"count":36,"href":"https:\/\/www.gkboje.ba\/en\/wp-json\/wp\/v2\/product\/1691\/revisions"}],"predecessor-version":[{"id":33873,"href":"https:\/\/www.gkboje.ba\/en\/wp-json\/wp\/v2\/product\/1691\/revisions\/33873"}],"wp:featuredmedia":[{"embeddable":true,"href":"https:\/\/www.gkboje.ba\/en\/wp-json\/wp\/v2\/media\/6753"}],"wp:attachment":[{"href":"https:\/\/www.gkboje.ba\/en\/wp-json\/wp\/v2\/media?parent=1691"}],"wp:term":[{"taxonomy":"product_brand","embeddable":true,"href":"https:\/\/www.gkboje.ba\/en\/wp-json\/wp\/v2\/product_brand?post=1691"},{"taxonomy":"product_cat","embeddable":true,"href":"https:\/\/www.gkboje.ba\/en\/wp-json\/wp\/v2\/product_cat?post=1691"},{"taxonomy":"product_tag","embeddable":true,"href":"https:\/\/www.gkboje.ba\/en\/wp-json\/wp\/v2\/product_tag?post=1691"}],"curies":[{"name":"wp","href":"https:\/\/api.w.org\/{rel}","templated":true}]}}