{"id":16795,"date":"2024-09-21T13:54:17","date_gmt":"2024-09-21T11:54:17","guid":{"rendered":"https:\/\/www.gkboje.ba\/?post_type=product&#038;p=16795"},"modified":"2026-01-06T07:38:38","modified_gmt":"2026-01-06T06:38:38","slug":"bosch-udarna-cekic-busilica-sds-gbh-240-professional","status":"publish","type":"product","link":"https:\/\/www.gkboje.ba\/en\/proizvod\/bosch-udarna-cekic-busilica-sds-gbh-240-professional\/","title":{"rendered":"BOSCH \u010ceki\u0107 bu\u0161ilica SDS+ GBH 240 Professional"},"content":{"rendered":"<p><strong>Bosch GBH 240 Professional<\/strong> postavlja novi standard u bu\u0161enju betona zahvaljuju\u0107i svojoj vrhunskoj brzini i izdr\u017eljivosti. Opremljen sna\u017enim motorom od 790 W i optimiziranim prijenosnikom, ovaj bu\u0161a\u0107i \u010deki\u0107 nudi najve\u0107u brzinu bu\u0161enja u svojoj klasi. <strong>SDS plus sustav<\/strong> omogu\u0107ava brzu i jednostavnu izmjenu alata, dok pametna konstrukcija \u010dini odr\u017eavanje jednostavnim.<\/p>\n<h5>Klju\u010dne karakteristike:<\/h5>\n<ul>\n<li><strong>Snaga od 790 W<\/strong>: Pru\u017ea optimalne performanse za te\u0161ke radove i dugotrajnost.<\/li>\n<li><strong>Najve\u0107a brzina bu\u0161enja u klasi<\/strong>: Zahvaljuju\u0107i optimiranom prijenosniku za br\u017ee rezultate.<\/li>\n<li><strong>SDS plus sustav<\/strong>: Omogu\u0107ava brzu izmjenu nastavaka bez upotrebe alata.<\/li>\n<li><strong>Pametna konstrukcija<\/strong>: Lako odr\u017eavanje i zamjena rezervnih dijelova za du\u017ei vijek trajanja alata.<\/li>\n<\/ul>\n<h5>Tehni\u010dke specifikacije:<\/h5>\n<ul>\n<li><strong>Snaga motora<\/strong>: 790 W<\/li>\n<li><strong>Broj udaraca pri nazivnom broju okretaja<\/strong>: 0 \u2013 4.200 o\/min<\/li>\n<li><strong>Nazivni broj okretaja<\/strong>: 0 \u2013 930 o\/min<\/li>\n<li><strong>Te\u017eina<\/strong>: 2.8 kg<\/li>\n<\/ul>\n<h5>Pogodno za:<\/h5>\n<ul>\n<li><strong>Gra\u0111evinske radove<\/strong>: Idealan za bu\u0161enje betona, zidova i drugih tvrdih materijala u te\u0161kim uvjetima rada.<\/li>\n<\/ul>\n<h5>Za\u0161to odabrati Bosch GBH 240 Professional?<\/h5>\n<p><strong>Bosch GBH 240 Professional<\/strong> je savr\u0161en izbor za profesionalce koji tra\u017ee sna\u017ean i pouzdan bu\u0161a\u0107i \u010deki\u0107 za zahtjevne radove. Sa najve\u0107om brzinom bu\u0161enja u svojoj klasi i pametnom konstrukcijom koja omogu\u0107ava lako odr\u017eavanje, ovaj alat pru\u017ea izvrsne performanse i dugotrajnost. <strong>SDS plus sustav<\/strong> dodatno olak\u0161ava rad, omogu\u0107avaju\u0107i brzu izmjenu nastavaka bez gubitka vremena.<\/p>\n<h5><strong>Dodatne informacije:<\/strong><\/h5>\n<p><span style=\"text-decoration: underline\"><a href=\"https:\/\/www.bosch-professional.com\/hr\/hr\/products\/gbh-240-0611272100?srsltid=AfmBOoo2vMxTOKYNg7YkjxGLVWz2PSZs0V-C7rfeji_kkEonxSd9Kxmy\">Sve dodatne informacije su dostupne na Bosch web stranici, klikom na ovaj tekst.<\/a><\/span><\/p>\n<p><em>Bosch \u0161ifra artikla: 0 615 990 M99<\/em><\/p>\n<p><em>EAN: 4059952638829<\/em><\/p>\n<p><em>SKU: 730273<\/em><\/p>\n<p><span style=\"text-decoration: underline\"><em><a href=\"https:\/\/olx.ba\/artikal\/63607445\">Ovaj artikal mo\u017eete pogledati i na na\u0161em OLX profilu, klikom na ovaj tekst.<\/a><\/em><\/span><\/p>\n","protected":false},"excerpt":{"rendered":"<p>Bosch GBH 240 je sna\u017eana \u010deki\u0107 bu\u0161ilica od 790 W s udarnom energijom od 2,7 J, idealan za bu\u0161enje i \u0161temanje u betonu, drvetu i metalu, uz SDS plus sistem za brzu izmjenu pribora.<\/p>\n","protected":false},"featured_media":30400,"comment_status":"open","ping_status":"closed","template":"","meta":[],"product_brand":[],"product_cat":[703],"product_tag":[],"class_list":{"0":"post-16795","1":"product","2":"type-product","3":"status-publish","4":"has-post-thumbnail","6":"product_cat-cekic-busilice","8":"first","9":"instock","10":"sale","11":"shipping-taxable","12":"purchasable","13":"product-type-simple"},"wooqr_code":"","_links":{"self":[{"href":"https:\/\/www.gkboje.ba\/en\/wp-json\/wp\/v2\/product\/16795","targetHints":{"allow":["GET"]}}],"collection":[{"href":"https:\/\/www.gkboje.ba\/en\/wp-json\/wp\/v2\/product"}],"about":[{"href":"https:\/\/www.gkboje.ba\/en\/wp-json\/wp\/v2\/types\/product"}],"replies":[{"embeddable":true,"href":"https:\/\/www.gkboje.ba\/en\/wp-json\/wp\/v2\/comments?post=16795"}],"version-history":[{"count":9,"href":"https:\/\/www.gkboje.ba\/en\/wp-json\/wp\/v2\/product\/16795\/revisions"}],"predecessor-version":[{"id":25077,"href":"https:\/\/www.gkboje.ba\/en\/wp-json\/wp\/v2\/product\/16795\/revisions\/25077"}],"wp:featuredmedia":[{"embeddable":true,"href":"https:\/\/www.gkboje.ba\/en\/wp-json\/wp\/v2\/media\/30400"}],"wp:attachment":[{"href":"https:\/\/www.gkboje.ba\/en\/wp-json\/wp\/v2\/media?parent=16795"}],"wp:term":[{"taxonomy":"product_brand","embeddable":true,"href":"https:\/\/www.gkboje.ba\/en\/wp-json\/wp\/v2\/product_brand?post=16795"},{"taxonomy":"product_cat","embeddable":true,"href":"https:\/\/www.gkboje.ba\/en\/wp-json\/wp\/v2\/product_cat?post=16795"},{"taxonomy":"product_tag","embeddable":true,"href":"https:\/\/www.gkboje.ba\/en\/wp-json\/wp\/v2\/product_tag?post=16795"}],"curies":[{"name":"wp","href":"https:\/\/api.w.org\/{rel}","templated":true}]}}