{"id":1144,"date":"2017-05-16T14:56:50","date_gmt":"2017-05-16T14:56:50","guid":{"rendered":"http:\/\/gkboje.xyz\/?post_type=product&#038;p=1144"},"modified":"2025-12-09T12:20:12","modified_gmt":"2025-12-09T11:20:12","slug":"gk-nitro-razredjivac-diluente","status":"publish","type":"product","link":"https:\/\/www.gkboje.ba\/en\/proizvod\/gk-nitro-razredjivac-diluente\/","title":{"rendered":"GK Nitro razre\u0111iva\u010d Diluente"},"content":{"rendered":"","protected":false},"excerpt":{"rendered":"<p>Tehni\u010dki list br. 33\/14<\/p>\n","protected":false},"featured_media":6907,"comment_status":"closed","ping_status":"closed","template":"","meta":[],"product_brand":[],"product_cat":[444,474],"product_tag":[],"class_list":{"0":"post-1144","1":"product","2":"type-product","3":"status-publish","4":"has-post-thumbnail","6":"product_cat-proizvodi-za-metal","7":"product_cat-razredjivaci","9":"first","10":"instock","11":"shipping-taxable","12":"purchasable","13":"product-type-variable","14":"has-default-attributes"},"wooqr_code":"","_links":{"self":[{"href":"https:\/\/www.gkboje.ba\/en\/wp-json\/wp\/v2\/product\/1144","targetHints":{"allow":["GET"]}}],"collection":[{"href":"https:\/\/www.gkboje.ba\/en\/wp-json\/wp\/v2\/product"}],"about":[{"href":"https:\/\/www.gkboje.ba\/en\/wp-json\/wp\/v2\/types\/product"}],"replies":[{"embeddable":true,"href":"https:\/\/www.gkboje.ba\/en\/wp-json\/wp\/v2\/comments?post=1144"}],"version-history":[{"count":3,"href":"https:\/\/www.gkboje.ba\/en\/wp-json\/wp\/v2\/product\/1144\/revisions"}],"predecessor-version":[{"id":39192,"href":"https:\/\/www.gkboje.ba\/en\/wp-json\/wp\/v2\/product\/1144\/revisions\/39192"}],"wp:featuredmedia":[{"embeddable":true,"href":"https:\/\/www.gkboje.ba\/en\/wp-json\/wp\/v2\/media\/6907"}],"wp:attachment":[{"href":"https:\/\/www.gkboje.ba\/en\/wp-json\/wp\/v2\/media?parent=1144"}],"wp:term":[{"taxonomy":"product_brand","embeddable":true,"href":"https:\/\/www.gkboje.ba\/en\/wp-json\/wp\/v2\/product_brand?post=1144"},{"taxonomy":"product_cat","embeddable":true,"href":"https:\/\/www.gkboje.ba\/en\/wp-json\/wp\/v2\/product_cat?post=1144"},{"taxonomy":"product_tag","embeddable":true,"href":"https:\/\/www.gkboje.ba\/en\/wp-json\/wp\/v2\/product_tag?post=1144"}],"curies":[{"name":"wp","href":"https:\/\/api.w.org\/{rel}","templated":true}]}}