{"id":1136,"date":"2017-05-16T14:37:47","date_gmt":"2017-05-16T14:37:47","guid":{"rendered":"http:\/\/gkboje.xyz\/?post_type=product&#038;p=1136"},"modified":"2026-04-03T14:27:36","modified_gmt":"2026-04-03T12:27:36","slug":"gk-uljana-osnovna-boja-za-metal","status":"publish","type":"product","link":"https:\/\/www.gkboje.ba\/en\/proizvod\/gk-uljana-osnovna-boja-za-metal\/","title":{"rendered":"GK Uljana osnovna boja za metal"},"content":{"rendered":"","protected":false},"excerpt":{"rendered":"<p>GK OSNOVNA ULJANA ZA METAL<br \/>\n1. OPIS I UPOTREBA<br \/>\nOsnovni antikorozivni premaz za za\u0161titu metalnih i \u010deli\u010dnih povr\u0161ina kao \u0161to su ograde,<br \/>\nvrata, prozori i gra\u0111evinska bravarija, u unutra\u0161njim i spoljnim prostorima.<br \/>\n2. SASTAV<br \/>\nAlkidno vezivo, rastvara\u010d, pigment, antikorozivni pigment.<br \/>\n3. NA\u010cIN UPOTREBE<br \/>\nNovu nefarbanu podlogu pripremimo tako \u0161to hr\u0111u odstranimo mehani\u010dki, a masno\u0107u i<br \/>\nostale ne\u010disto\u0107e odstranimo NITRO razrje\u0111iva\u010dem.Pri kori\u0161tenju hemijskih sredstava za<br \/>\nskidanje hr\u0111e povr\u0161inu isprati vodom i osu\u0161iti prije nano\u0161enja osnovne boje.<br \/>\nVe\u0107 farbanu povr\u0161inu o\u010distimo i prebrusimo, a o\u0161te\u0107ene slojeve stare boje potpuno<br \/>\nodstranimo.Nanosi se \u010detkom,valjkom ili \u0161pricanjem u jednom ili dva sloja.Razre\u0111uje se<br \/>\nULJANIM razre\u0111iva\u010dem od 20%.<br \/>\n4. POKRIVNOST I VRIJEME SU\u0160ENJA<br \/>\nPokrivnost iznosi 6-8m2\/1L u jednom sloju.Vrijeme su\u0161enja iznosi na pra\u0161inu ca. 5 sati,<br \/>\nsuho na dodir 6 &#8211; 8 sati, me\u0111uslojni interval iznosi 24 sata.U uvjetima ni\u017ee temperature i<br \/>\nvi\u0161e relativne vlage vrijeme su\u0161enja se prod\u017eava.<br \/>\n5. PAKOVANJE I SKLADI\u0160TENJE<br \/>\nDostupan je u pakovanju od 0,75L.<br \/>\nSkladi\u0161tenje: U suhim i zra\u010dnim prostorijama, na temperaturi od +5 do +25\u00b0C.<br \/>\nTrajnost: 12 mjeseci.<br \/>\n6. \u010cI\u0160\u0106ENJE ALATA I ODLAGANJE OTPADA<br \/>\nAlat nakon upotrebe oprati nitro razre\u0111iva\u010dem.Ambala\u017eu tretirati kao<br \/>\ngra\u0111evinski otpad.<\/p>\n<p>Tehni\u010dki list 7\/15<\/p>\n","protected":false},"featured_media":7676,"comment_status":"closed","ping_status":"closed","template":"","meta":[],"product_brand":[],"product_cat":[457,444],"product_tag":[],"class_list":{"0":"post-1136","1":"product","2":"type-product","3":"status-publish","4":"has-post-thumbnail","6":"product_cat-osnovna-zastita-metal","7":"product_cat-proizvodi-za-metal","9":"first","10":"instock","11":"shipping-taxable","12":"purchasable","13":"product-type-variable","14":"has-default-attributes"},"wooqr_code":"","_links":{"self":[{"href":"https:\/\/www.gkboje.ba\/en\/wp-json\/wp\/v2\/product\/1136","targetHints":{"allow":["GET"]}}],"collection":[{"href":"https:\/\/www.gkboje.ba\/en\/wp-json\/wp\/v2\/product"}],"about":[{"href":"https:\/\/www.gkboje.ba\/en\/wp-json\/wp\/v2\/types\/product"}],"replies":[{"embeddable":true,"href":"https:\/\/www.gkboje.ba\/en\/wp-json\/wp\/v2\/comments?post=1136"}],"version-history":[{"count":3,"href":"https:\/\/www.gkboje.ba\/en\/wp-json\/wp\/v2\/product\/1136\/revisions"}],"predecessor-version":[{"id":8037,"href":"https:\/\/www.gkboje.ba\/en\/wp-json\/wp\/v2\/product\/1136\/revisions\/8037"}],"wp:featuredmedia":[{"embeddable":true,"href":"https:\/\/www.gkboje.ba\/en\/wp-json\/wp\/v2\/media\/7676"}],"wp:attachment":[{"href":"https:\/\/www.gkboje.ba\/en\/wp-json\/wp\/v2\/media?parent=1136"}],"wp:term":[{"taxonomy":"product_brand","embeddable":true,"href":"https:\/\/www.gkboje.ba\/en\/wp-json\/wp\/v2\/product_brand?post=1136"},{"taxonomy":"product_cat","embeddable":true,"href":"https:\/\/www.gkboje.ba\/en\/wp-json\/wp\/v2\/product_cat?post=1136"},{"taxonomy":"product_tag","embeddable":true,"href":"https:\/\/www.gkboje.ba\/en\/wp-json\/wp\/v2\/product_tag?post=1136"}],"curies":[{"name":"wp","href":"https:\/\/api.w.org\/{rel}","templated":true}]}}