{"id":1062,"date":"2017-05-15T21:23:07","date_gmt":"2017-05-15T21:23:07","guid":{"rendered":"http:\/\/gkboje.xyz\/?post_type=product&#038;p=1062"},"modified":"2025-12-09T10:00:46","modified_gmt":"2025-12-09T09:00:46","slug":"gk-nitro-razredivac","status":"publish","type":"product","link":"https:\/\/www.gkboje.ba\/en\/proizvod\/gk-nitro-razredivac\/","title":{"rendered":"GK Nitro razre\u0111iva\u010d"},"content":{"rendered":"","protected":false},"excerpt":{"rendered":"<p>Tehni\u010dki list br. 33\/14<\/p>\n","protected":false},"featured_media":7794,"comment_status":"closed","ping_status":"closed","template":"","meta":[],"product_brand":[],"product_cat":[447,446],"product_tag":[],"class_list":{"0":"post-1062","1":"product","2":"type-product","3":"status-publish","4":"has-post-thumbnail","6":"product_cat-gk-nitro-boje","7":"product_cat-proizvodi-za-drvo","9":"first","10":"instock","11":"shipping-taxable","12":"purchasable","13":"product-type-simple"},"wooqr_code":"","_links":{"self":[{"href":"https:\/\/www.gkboje.ba\/en\/wp-json\/wp\/v2\/product\/1062","targetHints":{"allow":["GET"]}}],"collection":[{"href":"https:\/\/www.gkboje.ba\/en\/wp-json\/wp\/v2\/product"}],"about":[{"href":"https:\/\/www.gkboje.ba\/en\/wp-json\/wp\/v2\/types\/product"}],"replies":[{"embeddable":true,"href":"https:\/\/www.gkboje.ba\/en\/wp-json\/wp\/v2\/comments?post=1062"}],"version-history":[{"count":2,"href":"https:\/\/www.gkboje.ba\/en\/wp-json\/wp\/v2\/product\/1062\/revisions"}],"predecessor-version":[{"id":7793,"href":"https:\/\/www.gkboje.ba\/en\/wp-json\/wp\/v2\/product\/1062\/revisions\/7793"}],"wp:featuredmedia":[{"embeddable":true,"href":"https:\/\/www.gkboje.ba\/en\/wp-json\/wp\/v2\/media\/7794"}],"wp:attachment":[{"href":"https:\/\/www.gkboje.ba\/en\/wp-json\/wp\/v2\/media?parent=1062"}],"wp:term":[{"taxonomy":"product_brand","embeddable":true,"href":"https:\/\/www.gkboje.ba\/en\/wp-json\/wp\/v2\/product_brand?post=1062"},{"taxonomy":"product_cat","embeddable":true,"href":"https:\/\/www.gkboje.ba\/en\/wp-json\/wp\/v2\/product_cat?post=1062"},{"taxonomy":"product_tag","embeddable":true,"href":"https:\/\/www.gkboje.ba\/en\/wp-json\/wp\/v2\/product_tag?post=1062"}],"curies":[{"name":"wp","href":"https:\/\/api.w.org\/{rel}","templated":true}]}}